{"id":991,"date":"2023-08-25T17:00:49","date_gmt":"2023-08-25T15:00:49","guid":{"rendered":"https:\/\/w2.berzsenyicell.hu\/cbg\/?page_id=991"},"modified":"2023-10-24T12:55:37","modified_gmt":"2023-10-24T10:55:37","slug":"legfrissebb-hireink","status":"publish","type":"page","link":"https:\/\/berzsenyicell.hu\/index.php\/az-iskola-jelene\/legfrissebb-hireink\/","title":{"rendered":"Legfrissebb h\u00edreink"},"content":{"rendered":"\r\n<div class=\"wp-block-uagb-container uagb-block-ec159e10 alignfull uagb-is-root-container\">\r\n<div class=\"uagb-container-inner-blocks-wrap\">\r\n<div class=\"wp-block-uagb-advanced-heading uagb-block-f3a41ccf\">\r\n<h2 class=\"uagb-heading-text\">Legfrissebb h\u00edreink<\/h2>\r\n<\/div>\r\n\r\n\r\n\n\t\t\t<div class=\"wp-block-uagb-post-carousel uagb-post-grid  uagb-post__image-position-top uagb-post__image-disabled uagb-block-a097c33e     uagb-post__arrow-outside uagb-slick-carousel uagb-post__items uagb-post__columns-3 is-carousel uagb-post__columns-tablet-2 uagb-post__columns-mobile-1\" data-total=\"16\" style=\"\">\n\n\t\t\t\t\t\t\t\t\t\t\t\t<article class=\"uagb-post__inner-wrap\">\t\t\t\t\t\t\t\t<h4 class=\"uagb-post__title uagb-post__text\">\n\t\t\t\t<a href=\"https:\/\/berzsenyicell.hu\/index.php\/2026\/03\/28\/kozelharc-bajnoksag\/\" target=\"_self\" rel=\"bookmark noopener noreferrer\">K\u00f6zelharc bajnoks\u00e1g<\/a>\n\t\t\t<\/h4>\n\t\t\t\t\t\t<div class='uagb-post__text uagb-post-grid-byline'>\n\t\t\t\t\t\t\t\t<time datetime=\"2026-03-28T20:10:44+02:00\" class=\"uagb-post__date\">\n\t\t\t\t<span class=\"dashicons-calendar dashicons\"><\/span>\t\t\t\t\t2026.03.28.\t\t\t\t<\/time>\n\t\t\t\t\t\t<\/div>\n\t\t\t\t\t\t\t<div class='uagb-post__text uagb-post__excerpt'>\n\t\t\t\t\t<p>K\u00f6zelharc h\u00e1zibajnoks\u00e1got rendezt\u00fcnk a Honv\u00e9delmi Sportsz\u00f6vets\u00e9g \u00e9gisze alatt szombaton, iskol\u00e1nk&#8230;\t\t\t\t<\/div>\n\t\t\t\t\t\t<div class=\"uagb-post__text uagb-post__cta wp-block-button\">\n\t\t\t\t<a class=\"wp-block-button__link uagb-text-link\" style=\"\" href=\"https:\/\/berzsenyicell.hu\/index.php\/2026\/03\/28\/kozelharc-bajnoksag\/\" target=\"_self\" rel=\"bookmark noopener noreferrer\">Tov\u00e1bb<\/a>\n\t\t\t<\/div>\n\t\t\t\n\t\t\t\t\t\t\t\t\t<\/article>\n\t\t\t\t\t\t\t\t\t\t\t\t\t\t\t\t<article class=\"uagb-post__inner-wrap\">\t\t\t\t\t\t\t\t<h4 class=\"uagb-post__title uagb-post__text\">\n\t\t\t\t<a href=\"https:\/\/berzsenyicell.hu\/index.php\/2026\/03\/28\/digitalis-temahet-2\/\" target=\"_self\" rel=\"bookmark noopener noreferrer\">Digit\u00e1lis t\u00e9mah\u00e9t<\/a>\n\t\t\t<\/h4>\n\t\t\t\t\t\t<div class='uagb-post__text uagb-post-grid-byline'>\n\t\t\t\t\t\t\t\t<time datetime=\"2026-03-28T15:00:00+02:00\" class=\"uagb-post__date\">\n\t\t\t\t<span class=\"dashicons-calendar dashicons\"><\/span>\t\t\t\t\t2026.03.28.\t\t\t\t<\/time>\n\t\t\t\t\t\t<\/div>\n\t\t\t\t\t\t\t<div class='uagb-post__text uagb-post__excerpt'>\n\t\t\t\t\t<p>M\u00e1rcius 23-27 k\u00f6z\u00f6tt zajlott iskol\u00e1nkban a digit\u00e1lis t\u00e9mah\u00e9t. H\u00e9tf\u0151n \u00f6tven&#8230;\t\t\t\t<\/div>\n\t\t\t\t\t\t<div class=\"uagb-post__text uagb-post__cta wp-block-button\">\n\t\t\t\t<a class=\"wp-block-button__link uagb-text-link\" style=\"\" href=\"https:\/\/berzsenyicell.hu\/index.php\/2026\/03\/28\/digitalis-temahet-2\/\" target=\"_self\" rel=\"bookmark noopener noreferrer\">Tov\u00e1bb<\/a>\n\t\t\t<\/div>\n\t\t\t\n\t\t\t\t\t\t\t\t\t<\/article>\n\t\t\t\t\t\t\t\t\t\t\t\t\t\t\t\t<article class=\"uagb-post__inner-wrap\">\t\t\t\t\t\t\t\t<h4 class=\"uagb-post__title uagb-post__text\">\n\t\t\t\t<a href=\"https:\/\/berzsenyicell.hu\/index.php\/2026\/03\/27\/elkoszontunk-fulop-andras-fohadnagytol\/\" target=\"_self\" rel=\"bookmark noopener noreferrer\">Elk\u00f6sz\u00f6nt\u00fcnk F\u00fcl\u00f6p Andr\u00e1s f\u0151hadnagyt\u00f3l<\/a>\n\t\t\t<\/h4>\n\t\t\t\t\t\t<div class='uagb-post__text uagb-post-grid-byline'>\n\t\t\t\t\t\t\t\t<time datetime=\"2026-03-27T14:03:53+02:00\" class=\"uagb-post__date\">\n\t\t\t\t<span class=\"dashicons-calendar dashicons\"><\/span>\t\t\t\t\t2026.03.27.\t\t\t\t<\/time>\n\t\t\t\t\t\t<\/div>\n\t\t\t\t\t\t\t<div class='uagb-post__text uagb-post__excerpt'>\n\t\t\t\t\t<p>K\u00f6sz\u00f6nj\u00fck F\u00fcl\u00f6p Andr\u00e1s f\u0151hadnagy \u00far k\u00f6zel k\u00e9t \u00e9ves lelkes, kitart\u00f3&#8230;\t\t\t\t<\/div>\n\t\t\t\t\t\t<div class=\"uagb-post__text uagb-post__cta wp-block-button\">\n\t\t\t\t<a class=\"wp-block-button__link uagb-text-link\" style=\"\" href=\"https:\/\/berzsenyicell.hu\/index.php\/2026\/03\/27\/elkoszontunk-fulop-andras-fohadnagytol\/\" target=\"_self\" rel=\"bookmark noopener noreferrer\">Tov\u00e1bb<\/a>\n\t\t\t<\/div>\n\t\t\t\n\t\t\t\t\t\t\t\t\t<\/article>\n\t\t\t\t\t\t\t\t\t\t\t\t\t\t\t\t<article class=\"uagb-post__inner-wrap\">\t\t\t\t\t\t\t\t<h4 class=\"uagb-post__title uagb-post__text\">\n\t\t\t\t<a href=\"https:\/\/berzsenyicell.hu\/index.php\/2026\/03\/20\/diakrektor-valasztas-megvan-a-gyoztes\/\" target=\"_self\" rel=\"bookmark noopener noreferrer\">Di\u00e1krektor v\u00e1laszt\u00e1s &#8211; Megvan a gy\u0151ztes!<\/a>\n\t\t\t<\/h4>\n\t\t\t\t\t\t<div class='uagb-post__text uagb-post-grid-byline'>\n\t\t\t\t\t\t\t\t<time datetime=\"2026-03-20T18:00:10+02:00\" class=\"uagb-post__date\">\n\t\t\t\t<span class=\"dashicons-calendar dashicons\"><\/span>\t\t\t\t\t2026.03.20.\t\t\t\t<\/time>\n\t\t\t\t\t\t<\/div>\n\t\t\t\t\t\t\t<div class='uagb-post__text uagb-post__excerpt'>\n\t\t\t\t\t<p>A mai napon \u00faj di\u00e1krektora lett gimn\u00e1ziumunknak , Erd\u00e9lyi Petra&#8230;\t\t\t\t<\/div>\n\t\t\t\t\t\t<div class=\"uagb-post__text uagb-post__cta wp-block-button\">\n\t\t\t\t<a class=\"wp-block-button__link uagb-text-link\" style=\"\" href=\"https:\/\/berzsenyicell.hu\/index.php\/2026\/03\/20\/diakrektor-valasztas-megvan-a-gyoztes\/\" target=\"_self\" rel=\"bookmark noopener noreferrer\">Tov\u00e1bb<\/a>\n\t\t\t<\/div>\n\t\t\t\n\t\t\t\t\t\t\t\t\t<\/article>\n\t\t\t\t\t\t\t\t\t\t\t\t\t\t\t\t<article class=\"uagb-post__inner-wrap\">\t\t\t\t\t\t\t\t<h4 class=\"uagb-post__title uagb-post__text\">\n\t\t\t\t<a href=\"https:\/\/berzsenyicell.hu\/index.php\/2026\/03\/18\/diakrektor-valasztas-az-elso-csata\/\" target=\"_self\" rel=\"bookmark noopener noreferrer\">Di\u00e1krektor v\u00e1laszt\u00e1s &#8211; Az els\u0151 csata<\/a>\n\t\t\t<\/h4>\n\t\t\t\t\t\t<div class='uagb-post__text uagb-post-grid-byline'>\n\t\t\t\t\t\t\t\t<time datetime=\"2026-03-18T22:00:40+02:00\" class=\"uagb-post__date\">\n\t\t\t\t<span class=\"dashicons-calendar dashicons\"><\/span>\t\t\t\t\t2026.03.18.\t\t\t\t<\/time>\n\t\t\t\t\t\t<\/div>\n\t\t\t\t\t\t\t<div class='uagb-post__text uagb-post__excerpt'>\n\t\t\t\t\t<p>Villanyf\u00e9nyes floorball csata zajlott a verseng\u0151 oszt\u00e1lyok k\u00f6z\u00f6tt. A j\u00f3&#8230;\t\t\t\t<\/div>\n\t\t\t\t\t\t<div class=\"uagb-post__text uagb-post__cta wp-block-button\">\n\t\t\t\t<a class=\"wp-block-button__link uagb-text-link\" style=\"\" href=\"https:\/\/berzsenyicell.hu\/index.php\/2026\/03\/18\/diakrektor-valasztas-az-elso-csata\/\" target=\"_self\" rel=\"bookmark noopener noreferrer\">Tov\u00e1bb<\/a>\n\t\t\t<\/div>\n\t\t\t\n\t\t\t\t\t\t\t\t\t<\/article>\n\t\t\t\t\t\t\t\t\t\t\t\t\t\t\t\t<article class=\"uagb-post__inner-wrap\">\t\t\t\t\t\t\t\t<h4 class=\"uagb-post__title uagb-post__text\">\n\t\t\t\t<a href=\"https:\/\/berzsenyicell.hu\/index.php\/2026\/03\/18\/diakrektor-valasztas-a-kampany\/\" target=\"_self\" rel=\"bookmark noopener noreferrer\">Di\u00e1krektor v\u00e1laszt\u00e1s-A kamp\u00e1ny<\/a>\n\t\t\t<\/h4>\n\t\t\t\t\t\t<div class='uagb-post__text uagb-post-grid-byline'>\n\t\t\t\t\t\t\t\t<time datetime=\"2026-03-18T21:00:25+02:00\" class=\"uagb-post__date\">\n\t\t\t\t<span class=\"dashicons-calendar dashicons\"><\/span>\t\t\t\t\t2026.03.18.\t\t\t\t<\/time>\n\t\t\t\t\t\t<\/div>\n\t\t\t\t\t\t\t<div class='uagb-post__text uagb-post__excerpt'>\n\t\t\t\t\t<p>Eg\u00e9sz napos program keret\u00e9ben kamp\u00e1nyoltak a 11. \u00e9vfolyamos oszt\u00e1lyok. V\u00e1ltozatos&#8230;\t\t\t\t<\/div>\n\t\t\t\t\t\t<div class=\"uagb-post__text uagb-post__cta wp-block-button\">\n\t\t\t\t<a class=\"wp-block-button__link uagb-text-link\" style=\"\" href=\"https:\/\/berzsenyicell.hu\/index.php\/2026\/03\/18\/diakrektor-valasztas-a-kampany\/\" target=\"_self\" rel=\"bookmark noopener noreferrer\">Tov\u00e1bb<\/a>\n\t\t\t<\/div>\n\t\t\t\n\t\t\t\t\t\t\t\t\t<\/article>\n\t\t\t\t\t\t\t\t\t\t\t\t\t\t\t\t<article class=\"uagb-post__inner-wrap\">\t\t\t\t\t\t\t\t<h4 class=\"uagb-post__title uagb-post__text\">\n\t\t\t\t<a href=\"https:\/\/berzsenyicell.hu\/index.php\/2026\/03\/18\/szinhazi-elmenyek\/\" target=\"_self\" rel=\"bookmark noopener noreferrer\">Sz\u00ednh\u00e1zi \u00e9lm\u00e9nyek<\/a>\n\t\t\t<\/h4>\n\t\t\t\t\t\t<div class='uagb-post__text uagb-post-grid-byline'>\n\t\t\t\t\t\t\t\t<time datetime=\"2026-03-18T21:00:15+02:00\" class=\"uagb-post__date\">\n\t\t\t\t<span class=\"dashicons-calendar dashicons\"><\/span>\t\t\t\t\t2026.03.18.\t\t\t\t<\/time>\n\t\t\t\t\t\t<\/div>\n\t\t\t\t\t\t\t<div class='uagb-post__text uagb-post__excerpt'>\n\t\t\t\t\t<p>Iskol\u00e1nk di\u00e1kjai minden tan\u00e9vben h\u00e1rom b\u00e9rletes el\u0151ad\u00e1st tekinthetnek meg a&#8230;\t\t\t\t<\/div>\n\t\t\t\t\t\t<div class=\"uagb-post__text uagb-post__cta wp-block-button\">\n\t\t\t\t<a class=\"wp-block-button__link uagb-text-link\" style=\"\" href=\"https:\/\/berzsenyicell.hu\/index.php\/2026\/03\/18\/szinhazi-elmenyek\/\" target=\"_self\" rel=\"bookmark noopener noreferrer\">Tov\u00e1bb<\/a>\n\t\t\t<\/div>\n\t\t\t\n\t\t\t\t\t\t\t\t\t<\/article>\n\t\t\t\t\t\t\t\t\t\t\t\t\t\t\t\t<article class=\"uagb-post__inner-wrap\">\t\t\t\t\t\t\t\t<h4 class=\"uagb-post__title uagb-post__text\">\n\t\t\t\t<a href=\"https:\/\/berzsenyicell.hu\/index.php\/2026\/03\/17\/diakrektor-valasztas-a-kezdet\/\" target=\"_self\" rel=\"bookmark noopener noreferrer\">Di\u00e1krektor v\u00e1laszt\u00e1s-A kezdet<\/a>\n\t\t\t<\/h4>\n\t\t\t\t\t\t<div class='uagb-post__text uagb-post-grid-byline'>\n\t\t\t\t\t\t\t\t<time datetime=\"2026-03-17T18:47:08+02:00\" class=\"uagb-post__date\">\n\t\t\t\t<span class=\"dashicons-calendar dashicons\"><\/span>\t\t\t\t\t2026.03.17.\t\t\t\t<\/time>\n\t\t\t\t\t\t<\/div>\n\t\t\t\t\t\t\t<div class='uagb-post__text uagb-post__excerpt'>\n\t\t\t\t\t<p>Bemutatkoztak \u00e9s programot hirdettek a mai napon a verseng\u0151 oszt\u00e1lyok&#8230;\t\t\t\t<\/div>\n\t\t\t\t\t\t<div class=\"uagb-post__text uagb-post__cta wp-block-button\">\n\t\t\t\t<a class=\"wp-block-button__link uagb-text-link\" style=\"\" href=\"https:\/\/berzsenyicell.hu\/index.php\/2026\/03\/17\/diakrektor-valasztas-a-kezdet\/\" target=\"_self\" rel=\"bookmark noopener noreferrer\">Tov\u00e1bb<\/a>\n\t\t\t<\/div>\n\t\t\t\n\t\t\t\t\t\t\t\t\t<\/article>\n\t\t\t\t\t\t\t\t\t\t\t\t\t\t\t\t<article class=\"uagb-post__inner-wrap\">\t\t\t\t\t\t\t\t<h4 class=\"uagb-post__title uagb-post__text\">\n\t\t\t\t<a href=\"https:\/\/berzsenyicell.hu\/index.php\/2026\/03\/16\/03-14-nemzetkozi-pi-nap\/\" target=\"_self\" rel=\"bookmark noopener noreferrer\">03.14. Nemzetk\u00f6zi PI nap<\/a>\n\t\t\t<\/h4>\n\t\t\t\t\t\t<div class='uagb-post__text uagb-post-grid-byline'>\n\t\t\t\t\t\t\t\t<time datetime=\"2026-03-16T21:10:20+02:00\" class=\"uagb-post__date\">\n\t\t\t\t<span class=\"dashicons-calendar dashicons\"><\/span>\t\t\t\t\t2026.03.16.\t\t\t\t<\/time>\n\t\t\t\t\t\t<\/div>\n\t\t\t\t\t\t\t<div class='uagb-post__text uagb-post__excerpt'>\n\t\t\t\t\t<p>A Nemzetk\u00f6zi \u03c0 nap alkalm\u00e1b\u00f3l az iskol\u00e1ban egy ki\u00e1ll\u00edt\u00e1s k\u00e9sz\u00fclt&#8230;.\t\t\t\t<\/div>\n\t\t\t\t\t\t<div class=\"uagb-post__text uagb-post__cta wp-block-button\">\n\t\t\t\t<a class=\"wp-block-button__link uagb-text-link\" style=\"\" href=\"https:\/\/berzsenyicell.hu\/index.php\/2026\/03\/16\/03-14-nemzetkozi-pi-nap\/\" target=\"_self\" rel=\"bookmark noopener noreferrer\">Tov\u00e1bb<\/a>\n\t\t\t<\/div>\n\t\t\t\n\t\t\t\t\t\t\t\t\t<\/article>\n\t\t\t\t\t\t\t\t\t\t\t\t\t\t\t\t<article class=\"uagb-post__inner-wrap\">\t\t\t\t\t\t\t\t<h4 class=\"uagb-post__title uagb-post__text\">\n\t\t\t\t<a href=\"https:\/\/berzsenyicell.hu\/index.php\/2026\/03\/14\/a-marciusi-hosokre-emlekeztunk\/\" target=\"_self\" rel=\"bookmark noopener noreferrer\">A m\u00e1rciusi h\u0151s\u00f6kre eml\u00e9kezt\u00fcnk<\/a>\n\t\t\t<\/h4>\n\t\t\t\t\t\t<div class='uagb-post__text uagb-post-grid-byline'>\n\t\t\t\t\t\t\t\t<time datetime=\"2026-03-14T20:00:19+02:00\" class=\"uagb-post__date\">\n\t\t\t\t<span class=\"dashicons-calendar dashicons\"><\/span>\t\t\t\t\t2026.03.14.\t\t\t\t<\/time>\n\t\t\t\t\t\t<\/div>\n\t\t\t\t\t\t\t<div class='uagb-post__text uagb-post__excerpt'>\n\t\t\t\t\t<p>1848\u201349 P\u00e9nteken az iskol\u00e1ban a magyar szabads\u00e1gharcr\u00f3l \u00e9s forradalomr\u00f3l eml\u00e9kezt\u00fcnk&#8230;\t\t\t\t<\/div>\n\t\t\t\t\t\t<div class=\"uagb-post__text uagb-post__cta wp-block-button\">\n\t\t\t\t<a class=\"wp-block-button__link uagb-text-link\" style=\"\" href=\"https:\/\/berzsenyicell.hu\/index.php\/2026\/03\/14\/a-marciusi-hosokre-emlekeztunk\/\" target=\"_self\" rel=\"bookmark noopener noreferrer\">Tov\u00e1bb<\/a>\n\t\t\t<\/div>\n\t\t\t\n\t\t\t\t\t\t\t\t\t<\/article>\n\t\t\t\t\t\t\t\t\t\t\t\t\t\t\t\t<article class=\"uagb-post__inner-wrap\">\t\t\t\t\t\t\t\t<h4 class=\"uagb-post__title uagb-post__text\">\n\t\t\t\t<a href=\"https:\/\/berzsenyicell.hu\/index.php\/2026\/03\/09\/eredmenyek-a-sakk-diakolimpian\/\" target=\"_self\" rel=\"bookmark noopener noreferrer\">Eredm\u00e9nyek a Sakk di\u00e1kolimpi\u00e1n<\/a>\n\t\t\t<\/h4>\n\t\t\t\t\t\t<div class='uagb-post__text uagb-post-grid-byline'>\n\t\t\t\t\t\t\t\t<time datetime=\"2026-03-09T19:37:24+02:00\" class=\"uagb-post__date\">\n\t\t\t\t<span class=\"dashicons-calendar dashicons\"><\/span>\t\t\t\t\t2026.03.09.\t\t\t\t<\/time>\n\t\t\t\t\t\t<\/div>\n\t\t\t\t\t\t\t<div class='uagb-post__text uagb-post__excerpt'>\n\t\t\t\t\t<p>Di\u00e1kjaink eredm\u00e9nyesen szerepeltek a Vas v\u00e1rmegyei sakk di\u00e1kolimpi\u00e1n, ahol t\u00f6bb&#8230;\t\t\t\t<\/div>\n\t\t\t\t\t\t<div class=\"uagb-post__text uagb-post__cta wp-block-button\">\n\t\t\t\t<a class=\"wp-block-button__link uagb-text-link\" style=\"\" href=\"https:\/\/berzsenyicell.hu\/index.php\/2026\/03\/09\/eredmenyek-a-sakk-diakolimpian\/\" target=\"_self\" rel=\"bookmark noopener noreferrer\">Tov\u00e1bb<\/a>\n\t\t\t<\/div>\n\t\t\t\n\t\t\t\t\t\t\t\t\t<\/article>\n\t\t\t\t\t\t\t\t\t\t\t\t\t\t\t\t<article class=\"uagb-post__inner-wrap\">\t\t\t\t\t\t\t\t<h4 class=\"uagb-post__title uagb-post__text\">\n\t\t\t\t<a href=\"https:\/\/berzsenyicell.hu\/index.php\/2026\/03\/05\/dobogos-helyezes-a-megyei-irodalom-versenyen\/\" target=\"_self\" rel=\"bookmark noopener noreferrer\">Dobog\u00f3s helyez\u00e9s a megyei irodalom versenyen<\/a>\n\t\t\t<\/h4>\n\t\t\t\t\t\t<div class='uagb-post__text uagb-post-grid-byline'>\n\t\t\t\t\t\t\t\t<time datetime=\"2026-03-05T20:34:44+02:00\" class=\"uagb-post__date\">\n\t\t\t\t<span class=\"dashicons-calendar dashicons\"><\/span>\t\t\t\t\t2026.03.05.\t\t\t\t<\/time>\n\t\t\t\t\t\t<\/div>\n\t\t\t\t\t\t\t<div class='uagb-post__text uagb-post__excerpt'>\n\t\t\t\t\t<p>Iskol\u00e1nk csapata: Szalay Borb\u00e1la, Szentgy\u00f6rgyi Kitti \u00e9s Vajda Fl\u00f3ra 3&#8230;.\t\t\t\t<\/div>\n\t\t\t\t\t\t<div class=\"uagb-post__text uagb-post__cta wp-block-button\">\n\t\t\t\t<a class=\"wp-block-button__link uagb-text-link\" style=\"\" href=\"https:\/\/berzsenyicell.hu\/index.php\/2026\/03\/05\/dobogos-helyezes-a-megyei-irodalom-versenyen\/\" target=\"_self\" rel=\"bookmark noopener noreferrer\">Tov\u00e1bb<\/a>\n\t\t\t<\/div>\n\t\t\t\n\t\t\t\t\t\t\t\t\t<\/article>\n\t\t\t\t\t\t\t\t\t\t\t<\/div>\n\t\t\t<\/div>\r\n<\/div>\r\n","protected":false},"excerpt":{"rendered":"<p>Legfrissebb h\u00edreink<\/p>\n","protected":false},"author":1,"featured_media":0,"parent":178,"menu_order":5,"comment_status":"closed","ping_status":"closed","template":"","meta":{"_uag_custom_page_level_css":"","site-sidebar-layout":"default","site-content-layout":"","ast-site-content-layout":"default","site-content-style":"default","site-sidebar-style":"default","ast-global-header-display":"","ast-banner-title-visibility":"","ast-main-header-display":"","ast-hfb-above-header-display":"","ast-hfb-below-header-display":"","ast-hfb-mobile-header-display":"","site-post-title":"","ast-breadcrumbs-content":"","ast-featured-img":"","footer-sml-layout":"","ast-disable-related-posts":"","theme-transparent-header-meta":"default","adv-header-id-meta":"","stick-header-meta":"default","header-above-stick-meta":"","header-main-stick-meta":"","header-below-stick-meta":"","astra-migrate-meta-layouts":"set","ast-page-background-enabled":"default","ast-page-background-meta":{"desktop":{"background-color":"var(--ast-global-color-4)","background-image":"","background-repeat":"repeat","background-position":"center center","background-size":"auto","background-attachment":"scroll","background-type":"","background-media":"","overlay-type":"","overlay-color":"","overlay-opacity":"","overlay-gradient":""},"tablet":{"background-color":"","background-image":"","background-repeat":"repeat","background-position":"center center","background-size":"auto","background-attachment":"scroll","background-type":"","background-media":"","overlay-type":"","overlay-color":"","overlay-opacity":"","overlay-gradient":""},"mobile":{"background-color":"","background-image":"","background-repeat":"repeat","background-position":"center center","background-size":"auto","background-attachment":"scroll","background-type":"","background-media":"","overlay-type":"","overlay-color":"","overlay-opacity":"","overlay-gradient":""}},"ast-content-background-meta":{"desktop":{"background-color":"var(--ast-global-color-5)","background-image":"","background-repeat":"repeat","background-position":"center center","background-size":"auto","background-attachment":"scroll","background-type":"","background-media":"","overlay-type":"","overlay-color":"","overlay-opacity":"","overlay-gradient":""},"tablet":{"background-color":"var(--ast-global-color-5)","background-image":"","background-repeat":"repeat","background-position":"center center","background-size":"auto","background-attachment":"scroll","background-type":"","background-media":"","overlay-type":"","overlay-color":"","overlay-opacity":"","overlay-gradient":""},"mobile":{"background-color":"var(--ast-global-color-5)","background-image":"","background-repeat":"repeat","background-position":"center center","background-size":"auto","background-attachment":"scroll","background-type":"","background-media":"","overlay-type":"","overlay-color":"","overlay-opacity":"","overlay-gradient":""}},"footnotes":""},"class_list":["post-991","page","type-page","status-publish","hentry"],"uagb_featured_image_src":{"full":false,"thumbnail":false,"medium":false,"medium_large":false,"large":false,"1536x1536":false,"2048x2048":false},"uagb_author_info":{"display_name":"admin","author_link":"https:\/\/berzsenyicell.hu\/index.php\/author\/cbg_admin\/"},"uagb_comment_info":0,"uagb_excerpt":"Legfrissebb h\u00edreink","_links":{"self":[{"href":"https:\/\/berzsenyicell.hu\/index.php\/wp-json\/wp\/v2\/pages\/991","targetHints":{"allow":["GET"]}}],"collection":[{"href":"https:\/\/berzsenyicell.hu\/index.php\/wp-json\/wp\/v2\/pages"}],"about":[{"href":"https:\/\/berzsenyicell.hu\/index.php\/wp-json\/wp\/v2\/types\/page"}],"author":[{"embeddable":true,"href":"https:\/\/berzsenyicell.hu\/index.php\/wp-json\/wp\/v2\/users\/1"}],"replies":[{"embeddable":true,"href":"https:\/\/berzsenyicell.hu\/index.php\/wp-json\/wp\/v2\/comments?post=991"}],"version-history":[{"count":4,"href":"https:\/\/berzsenyicell.hu\/index.php\/wp-json\/wp\/v2\/pages\/991\/revisions"}],"predecessor-version":[{"id":1675,"href":"https:\/\/berzsenyicell.hu\/index.php\/wp-json\/wp\/v2\/pages\/991\/revisions\/1675"}],"up":[{"embeddable":true,"href":"https:\/\/berzsenyicell.hu\/index.php\/wp-json\/wp\/v2\/pages\/178"}],"wp:attachment":[{"href":"https:\/\/berzsenyicell.hu\/index.php\/wp-json\/wp\/v2\/media?parent=991"}],"curies":[{"name":"wp","href":"https:\/\/api.w.org\/{rel}","templated":true}]}}