{"id":862,"date":"2023-08-14T16:50:35","date_gmt":"2023-08-14T14:50:35","guid":{"rendered":"https:\/\/w2.berzsenyicell.hu\/cbg\/?page_id=862"},"modified":"2023-08-14T16:58:13","modified_gmt":"2023-08-14T14:58:13","slug":"egykori-tanarok","status":"publish","type":"page","link":"https:\/\/berzsenyicell.hu\/index.php\/az-iskola-multja\/egykori-tanarok\/","title":{"rendered":"Egykori tan\u00e1rok"},"content":{"rendered":"\n<div class=\"wp-block-uagb-container uagb-block-bf55ed7e alignfull uagb-is-root-container\"><div class=\"uagb-container-inner-blocks-wrap\">\n<div class=\"wp-block-uagb-advanced-heading uagb-block-9b04da4f\"><h2 class=\"uagb-heading-text\">Egykori tan\u00e1rok<\/h2><\/div>\n\n\n\n<p>dr. Aradi P\u00e9ter<br>\u00c1brah\u00e1m Ferenc<br>\u00c1rb\u00f3cz Tam\u00e1s<br>Badacsonyi Gy\u00f6rgy<br>Balogh Ern\u0151<br>Balogh L\u00e1szl\u00f3<br>Balogh L\u00e1szl\u00f3n\u00e9 dr. Lobinger Magda<br>Balogh L\u00e1szl\u00f3n\u00e9 Szab\u00f3 Julianna<br>Baranyai Attil\u00e1n\u00e9 dr.<br>Bar\u00e1th J\u00f3zsef<br>Batki Jen\u0151<br>dr. Becse Gaszton<br>Bejczy K\u00e1roly<br>Bertha Gyula<br>Bodn\u00e1rn\u00e9 T\u00f3th \u00c1gota<br>Bokor G\u00e9za<br>Bors L\u00e1szl\u00f3<br>Borsos-\u0150ri Enik\u0151<br>Cristian Marianna<br>Csejtei Gy\u00f6rgyn\u00e9 Nagy Erzs\u00e9bet<br>Csiby Edit<br>Csikor Zolt\u00e1n<br>dr. Csisz\u00e1r Tiborn\u00e9 Mesterh\u00e1zy Anna<br>Csizmazia S\u00e1ndor<br>dr. Dallos Istv\u00e1n<br>De\u00e1k Jen\u0151n\u00e9 Schummer \u00c9va<br>De\u00e1kn\u00e9 Csonka M\u00e1rta<br>Deme-Dinkgreve N\u00e1ndor<br>D\u00e9nes Lajos<br>Dittman Gerg\u0151<br>Dittman Zolt\u00e1n<br>Er\u0151ss Judit<br>F\u00e1bi\u00e1n Katalin<br>Feh\u00e9r Tam\u00e1sn\u00e9 Mar\u00e1czi Edit<br>Fekete Imre<br>Ferencz J\u00e1nos<br>F\u00f3ti Ferenc<br>Ga\u00e1l Erika<br>Gal\u00e1nfi Ede<br>Gal\u00e1nfi Ed\u00e9n\u00e9 Szij Erzs\u00e9bet<br>G\u00e1lh\u00e1zi Gyula<br>Gasztonyi Ign\u00e1c<br>Guly\u00e1sn\u00e9 Vass Veronika<br>dr. Gy\u0151rv\u00e1ri Istv\u00e1nn\u00e9 Koltai Katalin<br>Hajas Gyula<br>Hegyin\u00e9 N\u00e9meth Andrea<br>Hohl Anik\u00f3 Lilla<br>Hol\u00e9czy Szilvia<br>Hortob\u00e1gyi Ferencn\u00e9<br>Horv\u00e1th Istv\u00e1n<br>Horv\u00e1th Istv\u00e1nn\u00e9 G\u00f6nye Roz\u00e1lia<br>Horv\u00e1th Jen\u0151<br>Horv\u00e1th Lajos<br>Horv\u00e1th M\u00e1rton<br>Horv\u00e1th Sarolta<br>Horv\u00e1th Zolt\u00e1n<br>Horv\u00e1th Zs\u00f3fia<br>Hubert Istv\u00e1n<br>Illa Zsuzsanna<br>Ittz\u00e9s G\u00e1born\u00e9 Koczor Ilona<br>Jakab Lajos<br>J\u00e1nosa Attila<br>Jo\u00f3 Antaln\u00e9 Csoknyai Vilma<br>Kapiller Imre<br>Kar\u00e1din\u00e9 Pup Ilona<br>K\u00e1rolyi Erzs\u00e9bet<br>Kassasn\u00e9 Varga Ildik\u00f3<br>Katz L\u00e1z\u00e1r<br>Kelemen \u00c9va<br>Kerekes Ferencn\u00e9<br>dr. Keresztes M\u00e1rta<br>Kikindai Gertrud<br>dr. Kikindai Krist\u00f3f<br>Kiss Istv\u00e1n<br>Kiss Lajos<br>Kiss Zsuzsanna<br>Koltai Katalin<br>Kondics Erika<br>Korponay Gy\u00f6rgyn\u00e9 Szalay M\u00e1ria<br>Kotz Tivadar<br>Kov\u00e1cs Annam\u00e1ria<br>Kov\u00e1cs Imr\u00e9n\u00e9<br>Kov\u00e1cs J\u00e1nosn\u00e9<br>Kov\u00e1cs J\u00f3zsef<br>Kulmann\u00e9 P\u00e1li Bernadett<br>Kunyikn\u00e9 J\u00e1r\u00f3 Marianna<br>Lakatosn\u00e9 Koll\u00e1r Hajnalka<br>Lendvai Katalin dr. Kikindai Krist\u00f3fn\u00e9<br>dr. Lengyel P\u00e1l<br>Lenner J\u00f3zsef<br>dr. Lenner Tibor<br>L\u00e9r\u00e1nt Ferenc<br>L\u00e9r\u00e1nt Katalin<br>L\u00e9r\u00e1ntn\u00e9 dr. Szemes Val\u00e9ria<br>L\u00f3r\u00e1ntffy P\u00e9ter<br>Luk\u00e1cs L\u00e1szl\u00f3<br>Mar\u00f3ti J\u00f3zsef<br>Marton J\u00f3zsef<br>M\u00e1tis Zsuzsanna<br>Mesterh\u00e1zy K\u00e1lm\u00e1n<br>M\u00e9sz\u00e1ros Annam\u00e1ria<br>M\u00e9sz\u00e1ros G\u00e1bor<br>Mikus L\u00e1szl\u00f3<br>M\u00f3d Alad\u00e1r<br>M\u00f3ger J\u00f3zsefn\u00e9 Szajd\u00e1n Katalin<br>Moln\u00e1r Margit<br>N\u00e1dasdy Lajos<br>Nagy B\u00e9l\u00e1n\u00e9 Kov\u00e1cs M\u00e1ria<br>Nagy Gy\u00f6rgy<br>Nagy Nikolett<br>Nagy Zsuzsanna<br>Nagyn\u00e9 Maczk\u00f3 Katalin<br>dr. Nemes Vazul<br>N\u00e9meth Gy\u00f6ngyi<br>N\u00e9meth K\u00e1roly<br>N\u00e9meth Lajos<br>N\u00e9meth L\u00e1szl\u00f3n\u00e9<br>N\u00e9meth Zolt\u00e1n<br>\u00d3hidi J\u00e1nos<br>\u00d3rai Ferenc<br>Orb\u00e1n Ferencn\u00e9<br>Ozorai Magdolna<br>Ozorain\u00e9 Gyarmati Magdolna<br>Pataki Andr\u00e1s<br>Pataki M\u00e1rton<br>Poroszlai Val\u00e9ri\u00e1n<br>P\u00f6rneczin\u00e9 Lakatos Klementina<br>Pribus Imre<br>Pulay Endre<br>Raffai Katalin<br>Reicher Istv\u00e1n<br>Reicher Istv\u00e1nn\u00e9<br>Reichert Ilona<br>Riczingern\u00e9 Nagy M\u00e1ria<br>Romh\u00e1nyi L\u00e1szl\u00f3n\u00e9<br>Romh\u00e1nyi Margit K\u00f6bisch Wolfgangn\u00e9<br>Rosta Zsolt<br>Rozm\u00e1n L\u00e1szl\u00f3<br>Scriba K\u00e1rolyn\u00e9<br>Sebesty\u00e9n Vilmos<br>Simon K\u00e1rolyn\u00e9<br>Sinka Istv\u00e1n<br>Sink\u00f3 Andrea<br>Sipos Lilla<br>Skriba Zsoltn\u00e9<br>Smid\u00e9liusz K\u00e1lm\u00e1n<br>So\u00f3s L\u00e1szl\u00f3<br>Spaits Antal<br>Stark Guszt\u00e1v<br>S\u00fcle Ferenc<br>Szab\u00f3 \u00c1gnes<br>Szab\u00f3 Alajos<br>Szab\u00f3 Annam\u00e1ria<br>Szab\u00f3 Istv\u00e1n<br>dr. Szab\u00f3 J\u00f3zsef<br>dr. Szab\u00f3 J\u00f3zsefn\u00e9 Mih\u00e1lyi M\u00e1rta<br>Szab\u00f3 P\u00e9ter<br>Szalay M\u00e1ria<br>Sz\u00e1nt\u00f3 Tam\u00e1s<br>Szatm\u00e1ri M\u00e1ria<br>Szente Imre<br>Szente Imr\u00e9n\u00e9<br>Szigeti S\u00e1ndor<br>Szil\u00e1gyi Istv\u00e1nn\u00e9 Papp M\u00e1ria<br>Sztehl\u00f3n\u00e9 Kontor Kl\u00e1ra<br>Tak\u00e1cs Ilona<br>Tak\u00e1cs J\u00f3zsef<br>dr. T\u00e1rczy Mikl\u00f3sn\u00e9<br>id. Tima L\u00e1szl\u00f3<br>Tinger Vendel<br>T\u00f3th B\u00e9la<br>T\u00f3th Gy\u00f6ngyike<br>T\u00f3th Ign\u00e1c<br>T\u00f3th Margit<br>dr. T\u00f6mb\u00f6ly Tam\u00e1s<br>T\u00f6r\u00f6k Anna<br>dr. T\u00f6r\u00f6k Gyula<br>Unger Edit<br>Vad Levente<br>V\u00e1radi Istv\u00e1n<br>V\u00e1rady Istv\u00e1n<br>Varga Istv\u00e1n<br>Varga Istv\u00e1nn\u00e9<br>Varg\u00e1n\u00e9 Balogh Katalin<br>Varg\u00e1n\u00e9 Kr\u00e1nicz Anna<br>Vas K\u00e1rolyn\u00e9<br>Venczell\u00e1k Andr\u00e1s<br>Vermesi Gy\u00f6rgy<br>ifj. Vermesi Gy\u00f6rgy<br>dr. V\u00e9gh J\u00f3zsef<br>V\u00e9gh Vikt\u00f3ria<br>Vida Levente<br>V\u00edghn\u00e9 Purgel Andrea<br>Vinter J\u00f3zsefn\u00e9<br>Wendler L\u00e1szl\u00f3n\u00e9 Sasv\u00e1ri Erzs\u00e9bet<br>W\u00e4chter Rich\u00e1rd<br>Zeleny Lajos<br>Z\u00f6ld\u00e1g Imre<br>Z\u00f6ld\u00e1g Imr\u00e9n\u00e9<br>dr. Zs\u00e1mboki P\u00e1l<br>dr. Zsirai Lajosn\u00e9<\/p>\n<\/div><\/div>\n","protected":false},"excerpt":{"rendered":"<p>Egykori tan\u00e1rok dr. Aradi P\u00e9ter\u00c1brah\u00e1m Ferenc\u00c1rb\u00f3cz Tam\u00e1sBadacsonyi Gy\u00f6rgyBalogh Ern\u0151Balogh L\u00e1szl\u00f3Balogh L\u00e1szl\u00f3n\u00e9 dr. Lobinger MagdaBalogh L\u00e1szl\u00f3n\u00e9 Szab\u00f3 JuliannaBaranyai Attil\u00e1n\u00e9 dr.Bar\u00e1th J\u00f3zsefBatki [&hellip;]<\/p>\n","protected":false},"author":1,"featured_media":0,"parent":259,"menu_order":50,"comment_status":"closed","ping_status":"closed","template":"","meta":{"_uag_custom_page_level_css":"","site-sidebar-layout":"default","site-content-layout":"","ast-site-content-layout":"default","site-content-style":"default","site-sidebar-style":"default","ast-global-header-display":"","ast-banner-title-visibility":"","ast-main-header-display":"","ast-hfb-above-header-display":"","ast-hfb-below-header-display":"","ast-hfb-mobile-header-display":"","site-post-title":"","ast-breadcrumbs-content":"","ast-featured-img":"","footer-sml-layout":"","ast-disable-related-posts":"","theme-transparent-header-meta":"default","adv-header-id-meta":"","stick-header-meta":"default","header-above-stick-meta":"","header-main-stick-meta":"","header-below-stick-meta":"","astra-migrate-meta-layouts":"set","ast-page-background-enabled":"default","ast-page-background-meta":{"desktop":{"background-color":"var(--ast-global-color-4)","background-image":"","background-repeat":"repeat","background-position":"center center","background-size":"auto","background-attachment":"scroll","background-type":"","background-media":"","overlay-type":"","overlay-color":"","overlay-opacity":"","overlay-gradient":""},"tablet":{"background-color":"","background-image":"","background-repeat":"repeat","background-position":"center center","background-size":"auto","background-attachment":"scroll","background-type":"","background-media":"","overlay-type":"","overlay-color":"","overlay-opacity":"","overlay-gradient":""},"mobile":{"background-color":"","background-image":"","background-repeat":"repeat","background-position":"center center","background-size":"auto","background-attachment":"scroll","background-type":"","background-media":"","overlay-type":"","overlay-color":"","overlay-opacity":"","overlay-gradient":""}},"ast-content-background-meta":{"desktop":{"background-color":"var(--ast-global-color-5)","background-image":"","background-repeat":"repeat","background-position":"center center","background-size":"auto","background-attachment":"scroll","background-type":"","background-media":"","overlay-type":"","overlay-color":"","overlay-opacity":"","overlay-gradient":""},"tablet":{"background-color":"var(--ast-global-color-5)","background-image":"","background-repeat":"repeat","background-position":"center center","background-size":"auto","background-attachment":"scroll","background-type":"","background-media":"","overlay-type":"","overlay-color":"","overlay-opacity":"","overlay-gradient":""},"mobile":{"background-color":"var(--ast-global-color-5)","background-image":"","background-repeat":"repeat","background-position":"center center","background-size":"auto","background-attachment":"scroll","background-type":"","background-media":"","overlay-type":"","overlay-color":"","overlay-opacity":"","overlay-gradient":""}},"footnotes":""},"class_list":["post-862","page","type-page","status-publish","hentry"],"uagb_featured_image_src":{"full":false,"thumbnail":false,"medium":false,"medium_large":false,"large":false,"1536x1536":false,"2048x2048":false},"uagb_author_info":{"display_name":"admin","author_link":"https:\/\/berzsenyicell.hu\/index.php\/author\/cbg_admin\/"},"uagb_comment_info":0,"uagb_excerpt":"Egykori tan\u00e1rok dr. Aradi P\u00e9ter\u00c1brah\u00e1m Ferenc\u00c1rb\u00f3cz Tam\u00e1sBadacsonyi Gy\u00f6rgyBalogh Ern\u0151Balogh L\u00e1szl\u00f3Balogh L\u00e1szl\u00f3n\u00e9 dr. Lobinger MagdaBalogh L\u00e1szl\u00f3n\u00e9 Szab\u00f3 JuliannaBaranyai Attil\u00e1n\u00e9 dr.Bar\u00e1th J\u00f3zsefBatki [&hellip;]","_links":{"self":[{"href":"https:\/\/berzsenyicell.hu\/index.php\/wp-json\/wp\/v2\/pages\/862","targetHints":{"allow":["GET"]}}],"collection":[{"href":"https:\/\/berzsenyicell.hu\/index.php\/wp-json\/wp\/v2\/pages"}],"about":[{"href":"https:\/\/berzsenyicell.hu\/index.php\/wp-json\/wp\/v2\/types\/page"}],"author":[{"embeddable":true,"href":"https:\/\/berzsenyicell.hu\/index.php\/wp-json\/wp\/v2\/users\/1"}],"replies":[{"embeddable":true,"href":"https:\/\/berzsenyicell.hu\/index.php\/wp-json\/wp\/v2\/comments?post=862"}],"version-history":[{"count":4,"href":"https:\/\/berzsenyicell.hu\/index.php\/wp-json\/wp\/v2\/pages\/862\/revisions"}],"predecessor-version":[{"id":868,"href":"https:\/\/berzsenyicell.hu\/index.php\/wp-json\/wp\/v2\/pages\/862\/revisions\/868"}],"up":[{"embeddable":true,"href":"https:\/\/berzsenyicell.hu\/index.php\/wp-json\/wp\/v2\/pages\/259"}],"wp:attachment":[{"href":"https:\/\/berzsenyicell.hu\/index.php\/wp-json\/wp\/v2\/media?parent=862"}],"curies":[{"name":"wp","href":"https:\/\/api.w.org\/{rel}","templated":true}]}}