{"id":834,"date":"2023-08-09T14:07:53","date_gmt":"2023-08-09T12:07:53","guid":{"rendered":"https:\/\/w2.berzsenyicell.hu\/cbg\/?page_id=834"},"modified":"2026-03-18T10:39:08","modified_gmt":"2026-03-18T08:39:08","slug":"bme-nyelvvizsga","status":"publish","type":"page","link":"https:\/\/berzsenyicell.hu\/index.php\/az-iskola-jelene\/bme-nyelvvizsga\/","title":{"rendered":"BME nyelvvizsga"},"content":{"rendered":"\r\n<div class=\"wp-block-uagb-container uagb-block-112d139c alignfull uagb-is-root-container\">\r\n<div class=\"uagb-container-inner-blocks-wrap\">\r\n<div class=\"wp-block-uagb-info-box uagb-block-28db4def uagb-infobox__content-wrap  uagb-infobox-icon-above-title uagb-infobox-image-valign-top\">\r\n<div class=\"uagb-ifb-content\">\r\n<div class=\"uagb-ifb-image-content\"><img decoding=\"async\" src=\"https:\/\/berzsenyicell.hu\/wp-content\/uploads\/2023\/08\/BME-logo1_rb.png\" alt=\"\" width=\"\" height=\"0\" \/><\/div>\r\n<div class=\"uagb-ifb-title-wrap\">\r\n<h3 class=\"uagb-ifb-title\"><strong>Celld\u00f6m\u00f6lki Berzsenyi D\u00e1niel Gimn\u00e1zium vizsgahely<\/strong><br \/><strong>9500 Celld\u00f6m\u00f6lk, Nagy S\u00e1ndor t\u00e9r 13.<\/strong><\/h3>\r\n<\/div>\r\n<div class=\"uagb-ifb-separator\">\u00a0<\/div>\r\n<p class=\"uagb-ifb-desc\">El\u00e9rhet\u0151s\u00e9gek<br \/><strong>Nyelvvizsgahely-vezet\u0151:<\/strong> F\u00f3di Georgina Vivien<br \/><strong>Nyelvvizsgahely-adminisztr\u00e1tor:<\/strong> Csisz\u00e1r Anik\u00f3<br \/><strong>Titk\u00e1rs\u00e1gvezet\u0151:<\/strong> Csisz\u00e1r Anik\u00f3<br \/><strong>E-mail:<\/strong> nyelvvizsga@berzsenyicell.hu<br \/><strong>Telefon:<\/strong> 0695420049<br \/><strong>\u00dcgyf\u00e9lfogad\u00e1s:<\/strong> munkanapokon h\u00e9tf\u0151n 13:00 \u00e9s 16:00 \u00f3ra k\u00f6z\u00f6tt<br \/>p\u00e9nteken 09:00 \u00e9s 12:00 \u00f3ra k\u00f6z\u00f6tt<\/p>\r\n<\/div>\r\n<\/div>\r\n<\/div>\r\n<\/div>\r\n\r\n<p>&nbsp;<\/p>\r\n\r\n<div class=\"wp-block-uagb-container uagb-block-b909d6d2 alignfull uagb-is-root-container\">\r\n<div class=\"uagb-container-inner-blocks-wrap\">\r\n<p>A Vizsgak\u00f6zpont el\u00e9rhet\u0151s\u00e9ge:<br \/><br \/>http:\/\/www.bmenyelvvizsga.bme.hu\/<\/p>\r\n<p>A soron <em>k\u00f6vetkez\u0151 nyelvvizsga<\/em> celld\u00f6m\u00f6lki vizsgahely\u00fcnk\u00f6n v\u00e1rhat\u00f3an <strong>2026. janu\u00e1r 17-\u00e9n, szombaton<\/strong>\u00a0lesz. <br \/><strong>Jelentkez\u00e9s: lez\u00e1rult.<\/strong><br \/><br \/>A vizsg\u00e1k id\u0151pontja: csoportos vizsga: (\u00edr\u00e1sk\u00e9szs\u00e9g, hallott sz\u00f6veg \u00e9rt\u00e9se): <strong>2026. janu\u00e1r 17.<\/strong> (szombat) (B2 k\u00f6z\u00e9pfok angol \u00e9s n\u00e9met).<br \/>Sz\u00f3beli vizsga: az \u00edr\u00e1sbeli vizsga el\u0151tti vagy ut\u00e1ni 2 h\u00e9tben.<br \/>A pontos vizsgabeoszt\u00e1sr\u00f3l \u00e9rtes\u00edt\u00e9st k\u00fcld\u00fcnk!<\/p>\r\n<p>A<strong> k\u00f6vetkez\u0151 nyelvvizsga<\/strong> celld\u00f6m\u00f6lki vizsgahely\u00fcnk\u00f6n v\u00e1rhat\u00f3an <strong>2026. m\u00e1jus 16-\u00e1n,<\/strong> szombaton lesz. <br \/><strong>Jelentkez\u00e9s: 2026. \u00e1prilis 1. \u2013 m\u00e1jus 2. k\u00f6z\u00f6tt.<\/strong><\/p>\r\n<p><br \/>A sz\u00f3beli vizsg\u00e1ra t\u00f6rt\u00e9n\u0151 beoszt\u00e1s a jelentkez\u00e9s lez\u00e1rult\u00e1val egy\u00e9nileg t\u00f6rt\u00e9nik.<br \/><br \/>Az \u00edr\u00e1sbeli vizsg\u00e1k kezd\u00e9si id\u0151pontja <strong>\u00e1ltal\u00e1ban<\/strong> 9-15 \u00f3ra k\u00f6z\u00e9 esik.<br \/>A magn\u00f3hallgat\u00e1s kezd\u00e9si id\u0151pontja <strong>\u00e1ltal\u00e1ban<\/strong> 8-15 \u00f3ra k\u00f6z\u00e9 esik.<br \/>A sz\u00f3beli vizsgar\u00e9sz kezd\u00e9si id\u0151pontja <strong>\u00e1ltal\u00e1ban<\/strong> 8-18 \u00f3ra k\u00f6z\u00e9 esik.<br \/><br \/>A vizsga vas\u00e1rnap kiv\u00e9tel\u00e9vel b\u00e1rmely napon lehet!<br \/><br \/>A BME a v\u00e1ltoztat\u00e1s jog\u00e1t fenntartja.<br \/><br \/>Vizsgad\u00edjak:<br \/><br \/><\/p>\r\n\r\n\r\n\r\n\r\n\r\n<figure class=\"wp-block-table is-style-regular\">\r\n<table>\r\n<tbody>\r\n<tr>\r\n<td class=\"has-text-align-center\" data-align=\"center\">\u00a0<\/td>\r\n<td class=\"has-text-align-center\" data-align=\"center\">Alapfok<\/td>\r\n<td class=\"has-text-align-center\" data-align=\"center\">K\u00f6z\u00e9pfok<\/td>\r\n<td class=\"has-text-align-center\" data-align=\"center\">Szervez\u00e9si d\u00edj<\/td>\r\n<\/tr>\r\n<tr>\r\n<td class=\"has-text-align-center\" data-align=\"center\">Sz\u00f3beli<\/td>\r\n<td class=\"has-text-align-center\" data-align=\"center\">32.000 Ft<\/td>\r\n<td class=\"has-text-align-center\" data-align=\"center\">32.000 Ft<\/td>\r\n<td class=\"has-text-align-center\" data-align=\"center\">3.500 Ft<\/td>\r\n<\/tr>\r\n<tr>\r\n<td class=\"has-text-align-center\" data-align=\"center\">\u00cdr\u00e1sbeli<\/td>\r\n<td class=\"has-text-align-center\" data-align=\"center\">35.000 Ft<\/td>\r\n<td class=\"has-text-align-center\" data-align=\"center\">35.000 Ft<\/td>\r\n<td class=\"has-text-align-center\" data-align=\"center\">4.500 Ft<\/td>\r\n<\/tr>\r\n<tr>\r\n<td class=\"has-text-align-center\" data-align=\"center\">Komplex<\/td>\r\n<td class=\"has-text-align-center\" data-align=\"center\">56.000 Ft<\/td>\r\n<td class=\"has-text-align-center\" data-align=\"center\">56.000 Ft<\/td>\r\n<td class=\"has-text-align-center\" data-align=\"center\">5.600 Ft<\/td>\r\n<\/tr>\r\n<\/tbody>\r\n<\/table>\r\n<\/figure>\r\n\r\n\r\n\r\n<p><strong>A nyelvvizsg\u00e1ra online m\u00f3don lehet jelentkezni<\/strong>:<\/p>\r\n<p style=\"text-align: center;\"><a href=\"http:\/\/www.bmenyelvvizsga.bme.hu\/hu\/on-line_jelentkezes\/jelentkezes\"><img loading=\"lazy\" decoding=\"async\" class=\"alignnone  wp-image-1747\" src=\"https:\/\/berzsenyicell.hu\/wp-content\/uploads\/2024\/04\/jel-300x43.png\" alt=\"\" width=\"300\" height=\"43\" srcset=\"https:\/\/berzsenyicell.hu\/wp-content\/uploads\/2024\/04\/jel-300x43.png 300w, https:\/\/berzsenyicell.hu\/wp-content\/uploads\/2024\/04\/jel.png 435w\" sizes=\"auto, (max-width: 300px) 100vw, 300px\" \/><\/a><br \/><br \/><strong>Szem\u00e9lyes jelentkez\u00e9sre nincs lehet\u0151s\u00e9g!<\/strong><br \/><br \/>A vizsg\u00e1z\u00f3knak <strong><em>jelentkez\u00e9s\u00fck bead\u00e1s\u00e1val egyidej\u0171leg p\u00e9nz\u00fcgyi k\u00f6telezetts\u00e9g\u00fck is keletkezik<\/em><\/strong>, ennek megfelel\u0151en a jelentkez\u00e9s bead\u00e1s\u00e1val egyid\u0151ben elk\u00e9sz\u00fcl a vizsga d\u00edj\u00e1ra vonatkoz\u00f3 sz\u00e1mla, m\u00e1sn\u00e9ven d\u00edjbek\u00e9r\u0151.<br \/>A d\u00edjbek\u00e9r\u0151nek <strong>egyedi sorsz\u00e1ma<\/strong> van, nagyon fontos, hogy ezt <strong>utal\u00e1skor a vizsg\u00e1z\u00f3 a k\u00f6zlem\u00e9ny rovatban felt\u00fcntesse az \u00f6tjegy\u0171 online k\u00f3ddal egy\u00fctt<\/strong>. A befizet\u00e9sre felh\u00edv\u00f3 \u00e9rtes\u00edt\u00e9sben ez a k\u00e9t azonos\u00edt\u00f3 sz\u00e1m szerepel, \u00edgy tudj\u00e1k a vizsg\u00e1z\u00f3k, hogy mennyit, melyik sz\u00e1mlasz\u00e1mra \u00e9s milyen megjegyz\u00e9ssel kell elutalniuk.<br \/>Teh\u00e1t a vizsga d\u00edj\u00e1t <strong><em>azut\u00e1n<\/em><\/strong> <strong>fizethetik be, hogy a jelentkez\u00e9s bead\u00e1s\u00e1t k\u00f6vet\u0151en megkapt\u00e1k ezt a &#8222;d\u00edjbek\u00e9r\u0151t&#8221;<\/strong>. (Amennyiben a <strong>d\u00edjbek\u00e9r\u0151 sorsz\u00e1ma<\/strong> \u00e9s az <strong>\u00f6tjegy\u0171 online k\u00f3d<\/strong> nem szerepel a k\u00f6zlem\u00e9nyben, a befizet\u00e9st nem fogja tudni \u00e9rtelmezni a p\u00e9nz\u00fcgyi rendszer, \u00e9s a d\u00edjt\u00e9tel 8 nap m\u00falva visszautal\u00e1sra ker\u00fcl a k\u00fcld\u0151 sz\u00e1ml\u00e1j\u00e1ra.)<br \/><br \/>Felh\u00edvjuk a vizsg\u00e1z\u00f3k figyelm\u00e9t, hogy a janu\u00e1ri \u00e9s febru\u00e1ri vizsg\u00e1k eredm\u00e9nye a k\u00f6vetkez\u0151 vizsgaid\u0151szak jelentkez\u00e9si hat\u00e1ridej\u00e9nek v\u00e9ge ut\u00e1n lesz el\u00e9rhet\u0151.<br \/>Azoknak, akik a janu\u00e1ri, illetve febru\u00e1ri eredm\u00e9ny ismerete n\u00e9lk\u00fcl jelentkeznek a soron k\u00f6vetkez\u0151 vizsgaid\u0151szakra, a vizsgaszab\u00e1lyzat szerint kell elj\u00e1rniuk, vagyis a vizsgad\u00edjat a jelentkez\u00e9si hat\u00e1rid\u0151 v\u00e9g\u00e9ig be kell fizetni, amit sikeres vizsga eset\u00e9n a vizsgaszab\u00e1lyzat szerint rendez\u00fcnk (amennyiben m\u00e1s d\u00f6nt\u00e9s nem lesz).<br \/><br \/>A szervez\u00e9si d\u00edjat a <strong>S\u00e1rv\u00e1ri Tanker\u00fcleti K\u00f6zpont<\/strong> nev\u00e9re \u00e9s sz\u00e1ml\u00e1j\u00e1ra (9600 S\u00e1rv\u00e1r, D\u00f3zsa Gy\u00f6rgy u. 14.) <strong>Magyar \u00c1llamkincst\u00e1r 10047004-00336918-00000000<\/strong> k\u00e9rj\u00fck utalni. K\u00e9rj\u00fck, a k\u00f6zlem\u00e9ny rovatba \u00edrj\u00e1k be a <strong>CBG BME<\/strong> r\u00f6vid\u00edt\u00e9st, valamint a <strong>vizsg\u00e1ra jelentkez\u0151 nev\u00e9t, a vizsga nyelv\u00e9t \u00e9s szintj\u00e9t<\/strong>. Az \u00e1tutal\u00e1sr\u00f3l a <strong>bizonylatot tov\u00e1bb\u00edtani kell \u00fcgyf\u00e9lszolg\u00e1latunk r\u00e9sz\u00e9re<\/strong> (visszaigazol\u00f3 emailben tal\u00e1lhat\u00f3 e-mail c\u00edmre vagy faxon).<\/p>\r\n<h6><strong><em>Jelentkez\u00e9s l\u00e9p\u00e9sr\u0151l l\u00e9p\u00e9sre<br \/><br \/><\/em><\/strong><\/h6>\r\n<h6><em><strong>Vizsgaszab\u00e1lyzat\u2002<\/strong><\/em><br \/><a href=\"http:\/\/www.bmenyelvvizsga.bme.hu\/hu\/vizsgaszabalyzat\/jelentkezes\">http:\/\/www.bmenyelvvizsga.bme.hu\/hu\/vizsgaszabalyzat\/jelentkezes<\/a><br \/><br \/><\/h6>\r\n<h6>A vizsg\u00e1k fel\u00e9p\u00edt\u00e9se<br \/><a href=\"http:\/\/www.bmenyelvvizsga.bme.hu\/hu\/nyelvvizsgak_fooldal\/nyelvvizsgak\">http:\/\/www.bmenyelvvizsga.bme.hu\/hu\/nyelvvizsgak_fooldal\/nyelvvizsgak<\/a><br \/><br \/><\/h6>\r\n<h6>Felk\u00e9sz\u00fcl\u00e9st seg\u00edt\u0151 anyagok<\/h6>\r\n<h6><a href=\"http:\/\/www.bmenyelvvizsga.bme.hu\/hu\/letoltheto_feladatok\/vizsga_elott\">http:\/\/www.bmenyelvvizsga.bme.hu\/hu\/letoltheto_feladatok\/vizsga_elott<\/a><\/h6>\r\n<h6><a href=\"http:\/\/www.bmenyelvvizsga.bme.hu\/hu\/letoltheto_feladatok2\/vizsga_elott\">http:\/\/www.bmenyelvvizsga.bme.hu\/hu\/letoltheto_feladatok2\/vizsga_elott<\/a><\/h6>\r\n<h6><a href=\"http:\/\/www.bmenyelvvizsga.bme.hu\/hu\/bonusz_feladatok\/vizsga_elott\">http:\/\/www.bmenyelvvizsga.bme.hu\/hu\/bonusz_feladatok\/vizsga_elott<\/a><\/h6>\r\n<h6><br \/>Vizsgabeoszt\u00e1s lek\u00e9rdez\u00e9se<br \/><a href=\"http:\/\/www.bmenyelvvizsga.bme.hu\/hu\/vizsgabeosztas\/jelentkezes\">http:\/\/www.bmenyelvvizsga.bme.hu\/hu\/vizsgabeosztas\/jelentkezes<\/a><br \/><br \/><\/h6>\r\n<h6>Eredm\u00e9nyek<br \/><a href=\"http:\/\/www.bmenyelvvizsga.bme.hu\/hu\/eredmenyek\/vizsga_utan\">http:\/\/www.bmenyelvvizsga.bme.hu\/hu\/eredmenyek\/vizsga_utan<\/a><\/h6>\r\n<h6><br \/>Halaszt\u00e1s illetve lemond\u00e1s<br \/><a href=\"http:\/\/www.bmenyelvvizsga.bme.hu\/hu\/lemondas_halasztas\/jelentkezes\">http:\/\/www.bmenyelvvizsga.bme.hu\/hu\/lemondas_halasztas\/jelentkezes<\/a><br \/><br \/><\/h6>\r\n<h6>Megtekint\u00e9s\u2002<br \/><a href=\"http:\/\/www.bmenyelvvizsga.bme.hu\/hu\/megtekintes\/vizsga_utan\">\u00a0http:\/\/www.bmenyelvvizsga.bme.hu\/hu\/megtekintes\/vizsga_utan<\/a><br \/><br \/><\/h6>\r\n<h6>\u00dajra\u00e9rt\u00e9kel\u00e9s , fel\u00fclvizsg\u00e1lati k\u00e9relem beny\u00fajt\u00e1sa<br \/><a href=\"http:\/\/www.bmenyelvvizsga.bme.hu\/hu\/felulvizsgalat\/vizsga_utan\">http:\/\/www.bmenyelvvizsga.bme.hu\/hu\/felulvizsgalat\/vizsga_utan<\/a><\/h6>\r\n<p>&nbsp;<\/p>\r\n\r\n\r\n\r\n<div class=\"wp-block-uagb-advanced-heading uagb-block-230593f7\">\r\n<h2 class=\"uagb-heading-text\">A nyelvvizsgad\u00edj visszaig\u00e9nyl\u00e9se<\/h2>\r\n<\/div>\r\n\r\n\r\n\r\n<p>Az ehhez sz\u00fcks\u00e9ges formanyomtatv\u00e1ny az al\u00e1bbi el\u00e9rhet\u0151s\u00e9gen int\u00e9zhet\u0151:<br \/>online: <a href=\"https:\/\/magyarorszag.hu\/szuf_ugyleiras?id=94e9adba-b8f8-4eb9-8243-0dff6eea8dcc\">https:\/\/magyarorszag.hu\/szuf_ugyleiras?id=94e9adba-b8f8-4eb9-8243-0dff6eea8dcc<\/a><br \/>\u0171rlapon: <a href=\"https:\/\/www.allamkincstar.gov.hu\/pfile\/file?path=\/egyeb-lakossagi-ugyek\/Egyeb_juttatasok\/az-elso-sikeres-nyelvvizsga-es-az-elso-emelt-szintu-idegen-nyelvbol-tett-erettsegi-vizsga-dijahoz-nyujtott-tamogatas\/jobb\/kapcsolodo-nyomtatvanyok\/Nyelvvizsga_dijahoz_nyujtott_tamogatas_iranti_kerelem.pdf&amp;inline=true\">https:\/\/www.allamkincstar.gov.hu\/pfile\/file?path=\/egyeb-lakossagi-ugyek\/Egyeb_juttatasok\/az-elso-sikeres-nyelvvizsga-es-az-elso-emelt-szintu-idegen-nyelvbol-tett-erettsegi-vizsga-dijahoz-nyujtott-tamogatas\/jobb\/kapcsolodo-nyomtatvanyok\/Nyelvvizsga_dijahoz_nyujtott_tamogatas_iranti_kerelem.pdf&amp;inline=true<\/a><br \/>Mit is kell tenni\u00a0a formanyomtatv\u00e1nnyal?<br \/>A k\u00e9relemhez mell\u00e9kelni kell a sikeres komplex nyelvvizsga d\u00edj\u00e1nak megfizet\u00e9s\u00e9t igazol\u00f3, a nevedet (vizsg\u00e1z\u00f3) is tartalmaz\u00f3 sz\u00e1mla vagy sz\u00e1ml\u00e1k m\u00e1solat\u00e1t. Ez a komplex nyelvvizsga d\u00edj\u00e1ra, egyes\u00edthet\u0151 r\u00e9szvizsg\u00e1k eset\u00e9n a r\u00e9szvizsg\u00e1k d\u00edj\u00e1ra, az emelt szint\u0171 idegen nyelvi \u00e9retts\u00e9gi t\u00e9r\u00edt\u00e9si d\u00edj\u00e1ra, vagy a honos\u00edt\u00e1si elj\u00e1r\u00e1s d\u00edj\u00e1ra vonatkoz\u00f3 sz\u00e1mla lehet.<br \/>Ha nem k\u00e9rt\u00e9l sz\u00e1ml\u00e1t, akkor a nyelvvizsgad\u00edj befizet\u00e9s\u00e9nek igazol\u00e1s\u00e1ra a nyelvvizsgak\u00f6zpont jogosult. Nem kell viszont mell\u00e9kelned a k\u00e9relemhez a bizony\u00edtv\u00e1nyt, tan\u00fas\u00edtv\u00e1nyt, honos\u00edt\u00e1si hat\u00e1rozatot, mivel a k\u00e9relem elb\u00edr\u00e1l\u00e1s\u00e1hoz sz\u00fcks\u00e9ges tov\u00e1bbi adatok az Oktat\u00e1si Hivatalt\u00f3l ker\u00fclnek beszerz\u00e9sre.<br \/>A kit\u00f6lt\u00f6tt \u00e9s al\u00e1\u00edrt formanyomtatv\u00e1nyt a Magyar \u00c1llamkincst\u00e1r Nyugd\u00edjfoly\u00f3s\u00edt\u00f3 Igazgat\u00f3s\u00e1ghoz kell beny\u00fajtanod (Postac\u00edm: 1820, Budapest). A k\u00e9relem elektronikus \u00faton is beny\u00fajthatod, ebben az esetben a mell\u00e9kleteket szkennelt dokumentumk\u00e9nt kell csatolni a k\u00e9relemhez. Egy\u00e9b r\u00e9szleteket a formanyomtatv\u00e1ny t\u00e1j\u00e9koztat\u00f3 r\u00e9sze tartalmaz. B\u00f6ng\u00e9szd \u00e1t alaposan, \u00e9s ha seg\u00edts\u00e9gre van sz\u00fcks\u00e9ged, keress minket bizalommal!<\/p>\r\n<h2 class=\"uagb-heading-text\"><strong>Figyelem, v\u00e1ltoz\u00e1s!<\/strong><br \/><em style=\"font-size: 16px;\"><strong><span style=\"font-size: 16px;\">2025. j\u00falius 1-j\u00e9t\u0151l megv\u00e1ltozik a Vizsgaszab\u00e1lyzatban a halaszt\u00e1s, lemond\u00e1s felt\u00e9tele.<\/span><\/strong><\/em><\/h2>\r\n<\/div>\r\n<\/div>\r\n<p><em><strong><span style=\"font-size: 16px;\">A j\u00f6v\u0151ben kiz\u00e1r\u00f3lag a vizsg\u00e1t megel\u0151z\u0151 (teh\u00e1t a vizsga napja nem sz\u00e1m\u00edt bele) 6. napon t\u00fal lehet halasztani vagy lemondani, ezt k\u00f6vet\u0151en m\u00e9g enged\u00e9llyel sem! <br \/>Lemond\u00e1s eset\u00e9n csak a vizsgad\u00edj 50%-\u00e1t t\u00e9r\u00edtj\u00fck vissza.<\/span><\/strong><\/em><\/p>\r\n","protected":false},"excerpt":{"rendered":"<p>&nbsp; A Vizsgak\u00f6zpont el\u00e9rhet\u0151s\u00e9ge: http:\/\/www.bmenyelvvizsga.bme.hu\/ A soron k\u00f6vetkez\u0151 nyelvvizsga celld\u00f6m\u00f6lki vizsgahely\u00fcnk\u00f6n v\u00e1rhat\u00f3an 2026. janu\u00e1r 17-\u00e9n, szombaton\u00a0lesz. Jelentkez\u00e9s: lez\u00e1rult. A vizsg\u00e1k [&hellip;]<\/p>\n","protected":false},"author":1,"featured_media":0,"parent":178,"menu_order":55,"comment_status":"closed","ping_status":"closed","template":"","meta":{"_uag_custom_page_level_css":"","site-sidebar-layout":"default","site-content-layout":"default","ast-site-content-layout":"default","site-content-style":"default","site-sidebar-style":"default","ast-global-header-display":"","ast-banner-title-visibility":"","ast-main-header-display":"","ast-hfb-above-header-display":"","ast-hfb-below-header-display":"","ast-hfb-mobile-header-display":"","site-post-title":"","ast-breadcrumbs-content":"","ast-featured-img":"","footer-sml-layout":"","ast-disable-related-posts":"","theme-transparent-header-meta":"default","adv-header-id-meta":"","stick-header-meta":"default","header-above-stick-meta":"","header-main-stick-meta":"","header-below-stick-meta":"","astra-migrate-meta-layouts":"set","ast-page-background-enabled":"default","ast-page-background-meta":{"desktop":{"background-color":"var(--ast-global-color-4)","background-image":"","background-repeat":"repeat","background-position":"center center","background-size":"auto","background-attachment":"scroll","background-type":"","background-media":"","overlay-type":"","overlay-color":"","overlay-opacity":"","overlay-gradient":""},"tablet":{"background-color":"","background-image":"","background-repeat":"repeat","background-position":"center center","background-size":"auto","background-attachment":"scroll","background-type":"","background-media":"","overlay-type":"","overlay-color":"","overlay-opacity":"","overlay-gradient":""},"mobile":{"background-color":"","background-image":"","background-repeat":"repeat","background-position":"center center","background-size":"auto","background-attachment":"scroll","background-type":"","background-media":"","overlay-type":"","overlay-color":"","overlay-opacity":"","overlay-gradient":""}},"ast-content-background-meta":{"desktop":{"background-color":"var(--ast-global-color-5)","background-image":"","background-repeat":"repeat","background-position":"center center","background-size":"auto","background-attachment":"scroll","background-type":"","background-media":"","overlay-type":"","overlay-color":"","overlay-opacity":"","overlay-gradient":""},"tablet":{"background-color":"var(--ast-global-color-5)","background-image":"","background-repeat":"repeat","background-position":"center center","background-size":"auto","background-attachment":"scroll","background-type":"","background-media":"","overlay-type":"","overlay-color":"","overlay-opacity":"","overlay-gradient":""},"mobile":{"background-color":"var(--ast-global-color-5)","background-image":"","background-repeat":"repeat","background-position":"center center","background-size":"auto","background-attachment":"scroll","background-type":"","background-media":"","overlay-type":"","overlay-color":"","overlay-opacity":"","overlay-gradient":""}},"footnotes":""},"class_list":["post-834","page","type-page","status-publish","hentry"],"uagb_featured_image_src":{"full":false,"thumbnail":false,"medium":false,"medium_large":false,"large":false,"1536x1536":false,"2048x2048":false},"uagb_author_info":{"display_name":"admin","author_link":"https:\/\/berzsenyicell.hu\/index.php\/author\/cbg_admin\/"},"uagb_comment_info":0,"uagb_excerpt":"&nbsp; A Vizsgak\u00f6zpont el\u00e9rhet\u0151s\u00e9ge: http:\/\/www.bmenyelvvizsga.bme.hu\/ A soron k\u00f6vetkez\u0151 nyelvvizsga celld\u00f6m\u00f6lki vizsgahely\u00fcnk\u00f6n v\u00e1rhat\u00f3an 2026. janu\u00e1r 17-\u00e9n, szombaton\u00a0lesz. Jelentkez\u00e9s: lez\u00e1rult. A vizsg\u00e1k [&hellip;]","_links":{"self":[{"href":"https:\/\/berzsenyicell.hu\/index.php\/wp-json\/wp\/v2\/pages\/834","targetHints":{"allow":["GET"]}}],"collection":[{"href":"https:\/\/berzsenyicell.hu\/index.php\/wp-json\/wp\/v2\/pages"}],"about":[{"href":"https:\/\/berzsenyicell.hu\/index.php\/wp-json\/wp\/v2\/types\/page"}],"author":[{"embeddable":true,"href":"https:\/\/berzsenyicell.hu\/index.php\/wp-json\/wp\/v2\/users\/1"}],"replies":[{"embeddable":true,"href":"https:\/\/berzsenyicell.hu\/index.php\/wp-json\/wp\/v2\/comments?post=834"}],"version-history":[{"count":29,"href":"https:\/\/berzsenyicell.hu\/index.php\/wp-json\/wp\/v2\/pages\/834\/revisions"}],"predecessor-version":[{"id":2984,"href":"https:\/\/berzsenyicell.hu\/index.php\/wp-json\/wp\/v2\/pages\/834\/revisions\/2984"}],"up":[{"embeddable":true,"href":"https:\/\/berzsenyicell.hu\/index.php\/wp-json\/wp\/v2\/pages\/178"}],"wp:attachment":[{"href":"https:\/\/berzsenyicell.hu\/index.php\/wp-json\/wp\/v2\/media?parent=834"}],"curies":[{"name":"wp","href":"https:\/\/api.w.org\/{rel}","templated":true}]}}