{"id":2780,"date":"2025-12-12T19:14:19","date_gmt":"2025-12-12T17:14:19","guid":{"rendered":"https:\/\/berzsenyicell.hu\/?page_id=2780"},"modified":"2026-02-03T11:18:44","modified_gmt":"2026-02-03T09:18:44","slug":"tamogatas-uj","status":"publish","type":"page","link":"https:\/\/berzsenyicell.hu\/index.php\/felveteli\/tamogatas-uj\/","title":{"rendered":"T\u00e1mogat\u00e1s- \u00daj!"},"content":{"rendered":"<div dir=\"auto\">A Celld\u00f6m\u00f6lki Berzsenyi D\u00e1niel Gimn\u00e1zium \u00f6r\u00f6mmel t\u00e1j\u00e9koztatja az \u00e9rdekl\u0151d\u0151ket, hogy Celld\u00f6m\u00f6lk V\u00e1ros \u00d6nkorm\u00e1nyzata a 2026\/2027-es tan\u00e9vt\u0151l kezd\u0151d\u0151en 100 000 Ft \u00e9rt\u00e9k\u0171 beiskol\u00e1z\u00e1si t\u00e1mogat\u00e1st biztos\u00edt minden di\u00e1knak, aki int\u00e9zm\u00e9ny\u00fcnk valamely k\u00e9pz\u00e9s\u00e9re iratkozik be. <span class=\"html-span xexx8yu xyri2b x18d9i69 x1c1uobl x1hl2dhg x16tdsg8 x1vvkbs x3nfvp2 x1j61x8r x1fcty0u xdj266r xat24cr xm2jcoa x1mpyi22 xxymvpz xlup9mm x1kky2od\"><img loading=\"lazy\" decoding=\"async\" class=\"xz74otr x15mokao x1ga7v0g x16uus16 xbiv7yw\" src=\"https:\/\/static.xx.fbcdn.net\/images\/emoji.php\/v9\/t25\/1\/16\/1f393.png\" alt=\"\ud83c\udf93\" width=\"16\" height=\"16\" \/><\/span><span class=\"html-span xexx8yu xyri2b x18d9i69 x1c1uobl x1hl2dhg x16tdsg8 x1vvkbs x3nfvp2 x1j61x8r x1fcty0u xdj266r xat24cr xm2jcoa x1mpyi22 xxymvpz xlup9mm x1kky2od\"><img loading=\"lazy\" decoding=\"async\" class=\"xz74otr x15mokao x1ga7v0g x16uus16 xbiv7yw\" src=\"https:\/\/static.xx.fbcdn.net\/images\/emoji.php\/v9\/td\/1\/16\/1f4bc.png\" alt=\"\ud83d\udcbc\" width=\"16\" height=\"16\" \/><\/span><\/div>\n<div dir=\"auto\">A t\u00e1mogat\u00e1s jelent\u0151s seg\u00edts\u00e9get jelenthet a beiskol\u00e1z\u00e1si k\u00f6lts\u00e9gek cs\u00f6kkent\u00e9s\u00e9ben, \u00edgy hozz\u00e1j\u00e1rul a csal\u00e1dok terheinek enyh\u00edt\u00e9s\u00e9hez. <span class=\"html-span xexx8yu xyri2b x18d9i69 x1c1uobl x1hl2dhg x16tdsg8 x1vvkbs x3nfvp2 x1j61x8r x1fcty0u xdj266r xat24cr xm2jcoa x1mpyi22 xxymvpz xlup9mm x1kky2od\"><img loading=\"lazy\" decoding=\"async\" class=\"xz74otr x15mokao x1ga7v0g x16uus16 xbiv7yw\" src=\"https:\/\/static.xx.fbcdn.net\/images\/emoji.php\/v9\/t3c\/1\/16\/1f4a1.png\" alt=\"\ud83d\udca1\" width=\"16\" height=\"16\" \/><\/span><span class=\"html-span xexx8yu xyri2b x18d9i69 x1c1uobl x1hl2dhg x16tdsg8 x1vvkbs x3nfvp2 x1j61x8r x1fcty0u xdj266r xat24cr xm2jcoa x1mpyi22 xxymvpz xlup9mm x1kky2od\"><img loading=\"lazy\" decoding=\"async\" class=\"xz74otr x15mokao x1ga7v0g x16uus16 xbiv7yw\" src=\"https:\/\/static.xx.fbcdn.net\/images\/emoji.php\/v9\/t64\/1\/16\/1f91d.png\" alt=\"\ud83e\udd1d\" width=\"16\" height=\"16\" \/><\/span> Iskol\u00e1nk \u00f6r\u00f6mmel \u00fcdv\u00f6zli Celld\u00f6m\u00f6lk V\u00e1ros oktat\u00e1st t\u00e1mogat\u00f3 d\u00f6nt\u00e9s\u00e9t.<\/div>\n<div dir=\"auto\">V\u00e1rjuk szeretettel leend\u0151 di\u00e1kjainkat a 2026\/2027-es tan\u00e9vben is!<\/div>\n<div dir=\"auto\"><a href=\"https:\/\/berzsenyicell.hu\/wp-content\/uploads\/2026\/01\/onk-tamogatas.jpg\"><img loading=\"lazy\" decoding=\"async\" class=\"size-large wp-image-2781 aligncenter\" src=\"https:\/\/berzsenyicell.hu\/wp-content\/uploads\/2026\/01\/onk-tamogatas-576x1024.jpg\" alt=\"\" width=\"576\" height=\"1024\" srcset=\"https:\/\/berzsenyicell.hu\/wp-content\/uploads\/2026\/01\/onk-tamogatas-576x1024.jpg 576w, https:\/\/berzsenyicell.hu\/wp-content\/uploads\/2026\/01\/onk-tamogatas-169x300.jpg 169w, https:\/\/berzsenyicell.hu\/wp-content\/uploads\/2026\/01\/onk-tamogatas-768x1365.jpg 768w, https:\/\/berzsenyicell.hu\/wp-content\/uploads\/2026\/01\/onk-tamogatas-864x1536.jpg 864w, https:\/\/berzsenyicell.hu\/wp-content\/uploads\/2026\/01\/onk-tamogatas.jpg 1152w\" sizes=\"auto, (max-width: 576px) 100vw, 576px\" \/><\/a><\/div>\n","protected":false},"excerpt":{"rendered":"<p>A Celld\u00f6m\u00f6lki Berzsenyi D\u00e1niel Gimn\u00e1zium \u00f6r\u00f6mmel t\u00e1j\u00e9koztatja az \u00e9rdekl\u0151d\u0151ket, hogy Celld\u00f6m\u00f6lk V\u00e1ros \u00d6nkorm\u00e1nyzata a 2026\/2027-es tan\u00e9vt\u0151l kezd\u0151d\u0151en 100 000 Ft [&hellip;]<\/p>\n","protected":false},"author":3,"featured_media":0,"parent":247,"menu_order":10,"comment_status":"closed","ping_status":"closed","template":"","meta":{"_uag_custom_page_level_css":"","site-sidebar-layout":"default","site-content-layout":"","ast-site-content-layout":"default","site-content-style":"default","site-sidebar-style":"default","ast-global-header-display":"","ast-banner-title-visibility":"","ast-main-header-display":"","ast-hfb-above-header-display":"","ast-hfb-below-header-display":"","ast-hfb-mobile-header-display":"","site-post-title":"","ast-breadcrumbs-content":"","ast-featured-img":"","footer-sml-layout":"","ast-disable-related-posts":"","theme-transparent-header-meta":"default","adv-header-id-meta":"","stick-header-meta":"default","header-above-stick-meta":"","header-main-stick-meta":"","header-below-stick-meta":"","astra-migrate-meta-layouts":"set","ast-page-background-enabled":"default","ast-page-background-meta":{"desktop":{"background-color":"var(--ast-global-color-4)","background-image":"","background-repeat":"repeat","background-position":"center center","background-size":"auto","background-attachment":"scroll","background-type":"","background-media":"","overlay-type":"","overlay-color":"","overlay-opacity":"","overlay-gradient":""},"tablet":{"background-color":"","background-image":"","background-repeat":"repeat","background-position":"center center","background-size":"auto","background-attachment":"scroll","background-type":"","background-media":"","overlay-type":"","overlay-color":"","overlay-opacity":"","overlay-gradient":""},"mobile":{"background-color":"","background-image":"","background-repeat":"repeat","background-position":"center center","background-size":"auto","background-attachment":"scroll","background-type":"","background-media":"","overlay-type":"","overlay-color":"","overlay-opacity":"","overlay-gradient":""}},"ast-content-background-meta":{"desktop":{"background-color":"var(--ast-global-color-5)","background-image":"","background-repeat":"repeat","background-position":"center center","background-size":"auto","background-attachment":"scroll","background-type":"","background-media":"","overlay-type":"","overlay-color":"","overlay-opacity":"","overlay-gradient":""},"tablet":{"background-color":"var(--ast-global-color-5)","background-image":"","background-repeat":"repeat","background-position":"center center","background-size":"auto","background-attachment":"scroll","background-type":"","background-media":"","overlay-type":"","overlay-color":"","overlay-opacity":"","overlay-gradient":""},"mobile":{"background-color":"var(--ast-global-color-5)","background-image":"","background-repeat":"repeat","background-position":"center center","background-size":"auto","background-attachment":"scroll","background-type":"","background-media":"","overlay-type":"","overlay-color":"","overlay-opacity":"","overlay-gradient":""}},"footnotes":""},"class_list":["post-2780","page","type-page","status-publish","hentry"],"uagb_featured_image_src":{"full":false,"thumbnail":false,"medium":false,"medium_large":false,"large":false,"1536x1536":false,"2048x2048":false},"uagb_author_info":{"display_name":"Rad\u00e1nyin\u00e9 Nov\u00e1ki M\u00e1rta","author_link":"https:\/\/berzsenyicell.hu\/index.php\/author\/marti\/"},"uagb_comment_info":0,"uagb_excerpt":"A Celld\u00f6m\u00f6lki Berzsenyi D\u00e1niel Gimn\u00e1zium \u00f6r\u00f6mmel t\u00e1j\u00e9koztatja az \u00e9rdekl\u0151d\u0151ket, hogy Celld\u00f6m\u00f6lk V\u00e1ros \u00d6nkorm\u00e1nyzata a 2026\/2027-es tan\u00e9vt\u0151l kezd\u0151d\u0151en 100 000 Ft [&hellip;]","_links":{"self":[{"href":"https:\/\/berzsenyicell.hu\/index.php\/wp-json\/wp\/v2\/pages\/2780","targetHints":{"allow":["GET"]}}],"collection":[{"href":"https:\/\/berzsenyicell.hu\/index.php\/wp-json\/wp\/v2\/pages"}],"about":[{"href":"https:\/\/berzsenyicell.hu\/index.php\/wp-json\/wp\/v2\/types\/page"}],"author":[{"embeddable":true,"href":"https:\/\/berzsenyicell.hu\/index.php\/wp-json\/wp\/v2\/users\/3"}],"replies":[{"embeddable":true,"href":"https:\/\/berzsenyicell.hu\/index.php\/wp-json\/wp\/v2\/comments?post=2780"}],"version-history":[{"count":1,"href":"https:\/\/berzsenyicell.hu\/index.php\/wp-json\/wp\/v2\/pages\/2780\/revisions"}],"predecessor-version":[{"id":2782,"href":"https:\/\/berzsenyicell.hu\/index.php\/wp-json\/wp\/v2\/pages\/2780\/revisions\/2782"}],"up":[{"embeddable":true,"href":"https:\/\/berzsenyicell.hu\/index.php\/wp-json\/wp\/v2\/pages\/247"}],"wp:attachment":[{"href":"https:\/\/berzsenyicell.hu\/index.php\/wp-json\/wp\/v2\/media?parent=2780"}],"curies":[{"name":"wp","href":"https:\/\/api.w.org\/{rel}","templated":true}]}}