{"id":269,"date":"2023-07-28T16:31:33","date_gmt":"2023-07-28T14:31:33","guid":{"rendered":"https:\/\/w2.berzsenyicell.hu\/cbg\/?page_id=269"},"modified":"2023-08-04T22:06:42","modified_gmt":"2023-08-04T20:06:42","slug":"elerhetosegeink","status":"publish","type":"page","link":"https:\/\/berzsenyicell.hu\/index.php\/kapcsolat\/elerhetosegeink\/","title":{"rendered":"El\u00e9rhet\u0151s\u00e9geink"},"content":{"rendered":"\n<div class=\"wp-block-uagb-container uagb-block-7463b6c6 alignfull uagb-is-root-container\"><div class=\"uagb-container-inner-blocks-wrap\">\n<div class=\"wp-block-uagb-container uagb-block-40e844f7\">\n<div class=\"wp-block-uagb-info-box uagb-block-c7eb0a59 uagb-infobox__content-wrap  uagb-infobox-icon-above-title uagb-infobox-image-valign-top\"><div class=\"uagb-ifb-content\"><div class=\"uagb-ifb-icon-wrap\"><svg xmlns=\"https:\/\/www.w3.org\/2000\/svg\" viewBox=\"0 0 512 512\"><path d=\"M236 176c0 15.46-12.54 28-28 28S180 191.5 180 176S192.5 148 208 148S236 160.5 236 176zM500.3 500.3c-15.62 15.62-40.95 15.62-56.57 0l-119.7-119.7c-40.41 27.22-90.9 40.65-144.7 33.46c-91.55-12.23-166-87.28-177.6-178.9c-17.24-136.2 97.29-250.7 233.4-233.4c91.64 11.6 166.7 86.07 178.9 177.6c7.19 53.8-6.236 104.3-33.46 144.7l119.7 119.7C515.9 459.3 515.9 484.7 500.3 500.3zM294.1 182.2C294.1 134.5 255.6 96 207.1 96C160.4 96 121.9 134.5 121.9 182.2c0 38.35 56.29 108.5 77.87 134C201.8 318.5 204.7 320 207.1 320c3.207 0 6.26-1.459 8.303-3.791C237.8 290.7 294.1 220.5 294.1 182.2z\"><\/path><\/svg><\/div><div class=\"uagb-ifb-title-wrap\"><h3 class=\"uagb-ifb-title\">C\u00edm:<\/h3><\/div><p class=\"uagb-ifb-desc\">9500 Celld\u00f6m\u00f6lk,<br>Nagy S\u00e1ndor t\u00e9r 13.<\/p><\/div><\/div>\n<\/div>\n\n\n\n<div class=\"wp-block-uagb-container uagb-block-b85c7801\">\n<div class=\"wp-block-uagb-info-box uagb-block-5e510f1d uagb-infobox__content-wrap  uagb-infobox-icon-above-title uagb-infobox-image-valign-top\"><div class=\"uagb-ifb-content\"><div class=\"uagb-ifb-icon-wrap\"><svg xmlns=\"https:\/\/www.w3.org\/2000\/svg\" viewBox=\"0 0 512 512\"><path d=\"M18.92 351.2l108.5-46.52c12.78-5.531 27.77-1.801 36.45 8.98l44.09 53.82c69.25-34 125.5-90.31 159.5-159.5l-53.81-44.04c-10.75-8.781-14.41-23.69-8.974-36.47l46.51-108.5c6.094-13.91 21.1-21.52 35.79-18.11l100.8 23.25c14.25 3.25 24.22 15.8 24.22 30.46c0 252.3-205.2 457.5-457.5 457.5c-14.67 0-27.18-9.968-30.45-24.22l-23.25-100.8C-2.571 372.4 5.018 357.2 18.92 351.2z\"><\/path><\/svg><\/div><div class=\"uagb-ifb-title-wrap\"><h3 class=\"uagb-ifb-title\">Telefonsz\u00e1m:<\/h3><\/div><p class=\"uagb-ifb-desc\">+36 95 420 049<br><\/p><\/div><\/div>\n<\/div>\n\n\n\n<div class=\"wp-block-uagb-container uagb-block-90dde1a7\">\n<div class=\"wp-block-uagb-info-box uagb-block-c817ccb6 uagb-infobox__content-wrap  uagb-infobox-icon-above-title uagb-infobox-image-valign-top\"><div class=\"uagb-ifb-content\"><div class=\"uagb-ifb-icon-wrap\"><svg xmlns=\"https:\/\/www.w3.org\/2000\/svg\" viewBox=\"0 0 512 512\"><path d=\"M464 64C490.5 64 512 85.49 512 112C512 127.1 504.9 141.3 492.8 150.4L275.2 313.6C263.8 322.1 248.2 322.1 236.8 313.6L19.2 150.4C7.113 141.3 0 127.1 0 112C0 85.49 21.49 64 48 64H464zM217.6 339.2C240.4 356.3 271.6 356.3 294.4 339.2L512 176V384C512 419.3 483.3 448 448 448H64C28.65 448 0 419.3 0 384V176L217.6 339.2z\"><\/path><\/svg><\/div><div class=\"uagb-ifb-title-wrap\"><h3 class=\"uagb-ifb-title\">K\u00f6zponti e-mail:<\/h3><\/div><p class=\"uagb-ifb-desc\">info@berzsenyicell.hu<br><\/p><\/div><\/div>\n<\/div>\n\n\n\n<div class=\"wp-block-uagb-info-box uagb-block-df583684 uagb-infobox__content-wrap  uagb-infobox-icon-above-title uagb-infobox-image-valign-top\"><div class=\"uagb-ifb-content\"><div class=\"uagb-ifb-icon-wrap\"><svg xmlns=\"https:\/\/www.w3.org\/2000\/svg\" viewBox=\"0 0 512 512\"><path d=\"M130.2 127.5C130.4 127.6 130.3 127.6 130.2 127.5V127.5zM481.6 172.9C471 147.4 449.6 119.9 432.7 111.2C446.4 138.1 454.4 165 457.4 185.2C457.4 185.3 457.4 185.4 457.5 185.6C429.9 116.8 383.1 89.11 344.9 28.75C329.9 5.058 333.1 3.518 331.8 4.088L331.7 4.158C284.1 30.11 256.4 82.53 249.1 126.9C232.5 127.8 216.2 131.9 201.2 139C199.8 139.6 198.7 140.7 198.1 142C197.4 143.4 197.2 144.9 197.5 146.3C197.7 147.2 198.1 147.1 198.6 148.6C199.1 149.3 199.8 149.9 200.5 150.3C201.3 150.7 202.1 150.1 202.1 151.1C203.8 151.1 204.7 151 205.5 150.8L206 150.6C221.5 143.3 238.4 139.4 255.5 139.2C318.4 138.7 352.7 183.3 363.2 201.5C350.2 192.4 326.8 183.3 304.3 187.2C392.1 231.1 368.5 381.8 246.1 376.4C187.5 373.8 149.9 325.5 146.4 285.6C146.4 285.6 157.7 243.7 227 243.7C234.5 243.7 255.1 222.8 256.4 216.7C256.3 214.7 213.8 197.8 197.3 181.5C188.4 172.8 184.2 168.6 180.5 165.5C178.5 163.8 176.4 162.2 174.2 160.7C168.6 141.2 168.4 120.6 173.5 101.1C148.4 112.5 128.1 130.5 114.8 146.4H114.7C105 134.2 105.7 93.78 106.3 85.35C106.1 84.82 99.02 89.02 98.1 89.66C89.53 95.71 81.55 102.6 74.26 110.1C57.97 126.7 30.13 160.2 18.76 211.3C14.22 231.7 12 255.7 12 263.6C12 398.3 121.2 507.5 255.9 507.5C376.6 507.5 478.9 420.3 496.4 304.9C507.9 228.2 481.6 173.8 481.6 172.9z\"><\/path><\/svg><\/div><div class=\"uagb-ifb-title-wrap\"><h3 class=\"uagb-ifb-title\">Honlap:<\/h3><\/div><p class=\"uagb-ifb-desc\"><a href=\"https:\/\/w2.berzsenyicell.hu\/cbg\/\" target=\"_blank\" rel=\"noreferrer noopener\">https:\/\/berzsenyicell.hu<\/a><br><\/p><\/div><\/div>\n\n\n\n<div class=\"wp-block-uagb-container uagb-block-c4a269e0\">\n<div class=\"wp-block-uagb-info-box uagb-block-cf51c26e uagb-infobox__content-wrap  uagb-infobox-icon-above-title uagb-infobox-image-valign-top\"><div class=\"uagb-ifb-content\"><div class=\"uagb-ifb-icon-wrap\"><svg xmlns=\"https:\/\/www.w3.org\/2000\/svg\" viewBox=\"0 0 320 512\"><path d=\"M279.1 288l14.22-92.66h-88.91v-60.13c0-25.35 12.42-50.06 52.24-50.06h40.42V6.26S260.4 0 225.4 0c-73.22 0-121.1 44.38-121.1 124.7v70.62H22.89V288h81.39v224h100.2V288z\"><\/path><\/svg><\/div><div class=\"uagb-ifb-title-wrap\"><h3 class=\"uagb-ifb-title\">Facebook:<\/h3><\/div><p class=\"uagb-ifb-desc\"><a href=\"https:\/\/www.facebook.com\/berzsenyicell\" target=\"_blank\" rel=\"noreferrer noopener\">https:\/\/www.facebook.com\/berzsenyicell<\/a><\/p><\/div><\/div>\n<\/div>\n<\/div><\/div>\n\n\n\n<div class=\"wp-block-uagb-container uagb-block-18b4d589 alignfull uagb-is-root-container\"><div class=\"uagb-container-inner-blocks-wrap\">\t\t\t<div data-aos= \"fade\" data-aos-duration=\"400\" data-aos-delay=\"0\" data-aos-easing=\"ease\" data-aos-once=\"true\" \n\t\t\tclass=\"wp-block-uagb-google-map uagb-google-map__wrap uagb-block-d02f3825     \"\n\t\t\tstyle=\"\" >\n\t\t\t\t<embed\n\t\t\t\t\tclass=\"uagb-google-map__iframe\"\n\t\t\t\t\ttitle=\"Google Map for \"\n\t\t\t\t\tsrc=\"https:\/\/maps.google.com\/maps?q=Celld%C3%B6m%C3%B6lki%20Berzsenyi%20D%C3%A1niel%20Gimn%C3%A1zium&#038;z=15&#038;hl=hu&#038;t=m&#038;output=embed&#038;iwloc=near\"\n\t\t\t\t\twidth=\"640\"\n\t\t\t\t\theight=\"442\"\n\t\t\t\t\tloading=\"lazy\"\n\t\t\t\t><\/embed>\n\t\t\t<\/div>\n\t\t\t<\/div><\/div>\n","protected":false},"excerpt":{"rendered":"","protected":false},"author":1,"featured_media":0,"parent":267,"menu_order":10,"comment_status":"closed","ping_status":"closed","template":"","meta":{"_uag_custom_page_level_css":"","site-sidebar-layout":"default","site-content-layout":"default","ast-site-content-layout":"default","site-content-style":"default","site-sidebar-style":"default","ast-global-header-display":"","ast-banner-title-visibility":"","ast-main-header-display":"","ast-hfb-above-header-display":"","ast-hfb-below-header-display":"","ast-hfb-mobile-header-display":"","site-post-title":"","ast-breadcrumbs-content":"","ast-featured-img":"","footer-sml-layout":"","ast-disable-related-posts":"","theme-transparent-header-meta":"default","adv-header-id-meta":"","stick-header-meta":"default","header-above-stick-meta":"","header-main-stick-meta":"","header-below-stick-meta":"","astra-migrate-meta-layouts":"default","ast-page-background-enabled":"default","ast-page-background-meta":{"desktop":{"background-color":"var(--ast-global-color-4)","background-image":"","background-repeat":"repeat","background-position":"center center","background-size":"auto","background-attachment":"scroll","background-type":"","background-media":"","overlay-type":"","overlay-color":"","overlay-opacity":"","overlay-gradient":""},"tablet":{"background-color":"","background-image":"","background-repeat":"repeat","background-position":"center center","background-size":"auto","background-attachment":"scroll","background-type":"","background-media":"","overlay-type":"","overlay-color":"","overlay-opacity":"","overlay-gradient":""},"mobile":{"background-color":"","background-image":"","background-repeat":"repeat","background-position":"center center","background-size":"auto","background-attachment":"scroll","background-type":"","background-media":"","overlay-type":"","overlay-color":"","overlay-opacity":"","overlay-gradient":""}},"ast-content-background-meta":{"desktop":{"background-color":"var(--ast-global-color-5)","background-image":"","background-repeat":"repeat","background-position":"center center","background-size":"auto","background-attachment":"scroll","background-type":"","background-media":"","overlay-type":"","overlay-color":"","overlay-opacity":"","overlay-gradient":""},"tablet":{"background-color":"var(--ast-global-color-5)","background-image":"","background-repeat":"repeat","background-position":"center center","background-size":"auto","background-attachment":"scroll","background-type":"","background-media":"","overlay-type":"","overlay-color":"","overlay-opacity":"","overlay-gradient":""},"mobile":{"background-color":"var(--ast-global-color-5)","background-image":"","background-repeat":"repeat","background-position":"center center","background-size":"auto","background-attachment":"scroll","background-type":"","background-media":"","overlay-type":"","overlay-color":"","overlay-opacity":"","overlay-gradient":""}},"footnotes":""},"class_list":["post-269","page","type-page","status-publish","hentry"],"uagb_featured_image_src":{"full":false,"thumbnail":false,"medium":false,"medium_large":false,"large":false,"1536x1536":false,"2048x2048":false},"uagb_author_info":{"display_name":"admin","author_link":"https:\/\/berzsenyicell.hu\/index.php\/author\/cbg_admin\/"},"uagb_comment_info":0,"uagb_excerpt":null,"_links":{"self":[{"href":"https:\/\/berzsenyicell.hu\/index.php\/wp-json\/wp\/v2\/pages\/269","targetHints":{"allow":["GET"]}}],"collection":[{"href":"https:\/\/berzsenyicell.hu\/index.php\/wp-json\/wp\/v2\/pages"}],"about":[{"href":"https:\/\/berzsenyicell.hu\/index.php\/wp-json\/wp\/v2\/types\/page"}],"author":[{"embeddable":true,"href":"https:\/\/berzsenyicell.hu\/index.php\/wp-json\/wp\/v2\/users\/1"}],"replies":[{"embeddable":true,"href":"https:\/\/berzsenyicell.hu\/index.php\/wp-json\/wp\/v2\/comments?post=269"}],"version-history":[{"count":5,"href":"https:\/\/berzsenyicell.hu\/index.php\/wp-json\/wp\/v2\/pages\/269\/revisions"}],"predecessor-version":[{"id":949,"href":"https:\/\/berzsenyicell.hu\/index.php\/wp-json\/wp\/v2\/pages\/269\/revisions\/949"}],"up":[{"embeddable":true,"href":"https:\/\/berzsenyicell.hu\/index.php\/wp-json\/wp\/v2\/pages\/267"}],"wp:attachment":[{"href":"https:\/\/berzsenyicell.hu\/index.php\/wp-json\/wp\/v2\/media?parent=269"}],"curies":[{"name":"wp","href":"https:\/\/api.w.org\/{rel}","templated":true}]}}