{"id":265,"date":"2023-07-28T16:30:14","date_gmt":"2023-07-28T14:30:14","guid":{"rendered":"https:\/\/w2.berzsenyicell.hu\/cbg\/?page_id=265"},"modified":"2023-08-24T21:11:17","modified_gmt":"2023-08-24T19:11:17","slug":"igazgatok","status":"publish","type":"page","link":"https:\/\/berzsenyicell.hu\/index.php\/az-iskola-multja\/igazgatok\/","title":{"rendered":"Igazgat\u00f3k"},"content":{"rendered":"\n<div class=\"wp-block-uagb-container uagb-block-7567b19f alignfull uagb-is-root-container\"><div class=\"uagb-container-inner-blocks-wrap\">\n<div class=\"wp-block-uagb-advanced-heading uagb-block-acc5bf7c\"><h2 class=\"uagb-heading-text\">Igazgat\u00f3k<\/h2><\/div>\n\n\n\n<figure class=\"wp-block-table is-style-regular\"><table class=\"has-fixed-layout\"><thead><tr><th>\u00c9v<\/th><th>Igazgat\u00f3<\/th><\/tr><\/thead><tbody><tr><td>1946-49.<\/td><td>Vas K\u00e1roly<\/td><\/tr><tr><td>&nbsp;1948-49.<\/td><td>Berend Mikl\u00f3s<\/td><\/tr><tr><td>1948-49.<\/td><td>Czap\u00e1ry Endre<\/td><\/tr><tr><td>1949-51.<\/td><td>Mar\u00f3ti J\u00f3zsefn\u00e9<\/td><\/tr><tr><td>1951-53.<\/td><td>Kiss Alajos<\/td><\/tr><tr><td>1953-54.<\/td><td>Proksza Gyula<\/td><\/tr><tr><td>1953-56.<\/td><td>J\u00f3n\u00e1s M\u00e1rton<\/td><\/tr><tr><td>1957-73.<\/td><td>Tima L\u00e1szl\u00f3<\/td><\/tr><tr><td>1973-85.<\/td><td>Kov\u00e1cs Imre<\/td><\/tr><tr><td>1985-2010.<\/td><td>Vinter J\u00f3zsef&nbsp;<\/td><\/tr><tr><td>2010-2011. <\/td><td>D\u00f3zs\u00e1n\u00e9 Balogh Viola<\/td><\/tr><tr><td>2011-<\/td><td>Sipos Tibor<\/td><\/tr><\/tbody><\/table><\/figure>\n<\/div><\/div>\n","protected":false},"excerpt":{"rendered":"<p>Igazgat\u00f3k \u00c9v Igazgat\u00f3 1946-49. Vas K\u00e1roly &nbsp;1948-49. Berend Mikl\u00f3s 1948-49. Czap\u00e1ry Endre 1949-51. Mar\u00f3ti J\u00f3zsefn\u00e9 1951-53. Kiss Alajos 1953-54. Proksza [&hellip;]<\/p>\n","protected":false},"author":1,"featured_media":0,"parent":259,"menu_order":40,"comment_status":"closed","ping_status":"closed","template":"","meta":{"_uag_custom_page_level_css":"","site-sidebar-layout":"default","site-content-layout":"default","ast-site-content-layout":"default","site-content-style":"default","site-sidebar-style":"default","ast-global-header-display":"","ast-banner-title-visibility":"","ast-main-header-display":"","ast-hfb-above-header-display":"","ast-hfb-below-header-display":"","ast-hfb-mobile-header-display":"","site-post-title":"","ast-breadcrumbs-content":"","ast-featured-img":"","footer-sml-layout":"","ast-disable-related-posts":"","theme-transparent-header-meta":"default","adv-header-id-meta":"","stick-header-meta":"default","header-above-stick-meta":"","header-main-stick-meta":"","header-below-stick-meta":"","astra-migrate-meta-layouts":"set","ast-page-background-enabled":"default","ast-page-background-meta":{"desktop":{"background-color":"var(--ast-global-color-4)","background-image":"","background-repeat":"repeat","background-position":"center center","background-size":"auto","background-attachment":"scroll","background-type":"","background-media":"","overlay-type":"","overlay-color":"","overlay-opacity":"","overlay-gradient":""},"tablet":{"background-color":"","background-image":"","background-repeat":"repeat","background-position":"center center","background-size":"auto","background-attachment":"scroll","background-type":"","background-media":"","overlay-type":"","overlay-color":"","overlay-opacity":"","overlay-gradient":""},"mobile":{"background-color":"","background-image":"","background-repeat":"repeat","background-position":"center center","background-size":"auto","background-attachment":"scroll","background-type":"","background-media":"","overlay-type":"","overlay-color":"","overlay-opacity":"","overlay-gradient":""}},"ast-content-background-meta":{"desktop":{"background-color":"var(--ast-global-color-5)","background-image":"","background-repeat":"repeat","background-position":"center center","background-size":"auto","background-attachment":"scroll","background-type":"","background-media":"","overlay-type":"","overlay-color":"","overlay-opacity":"","overlay-gradient":""},"tablet":{"background-color":"var(--ast-global-color-5)","background-image":"","background-repeat":"repeat","background-position":"center center","background-size":"auto","background-attachment":"scroll","background-type":"","background-media":"","overlay-type":"","overlay-color":"","overlay-opacity":"","overlay-gradient":""},"mobile":{"background-color":"var(--ast-global-color-5)","background-image":"","background-repeat":"repeat","background-position":"center center","background-size":"auto","background-attachment":"scroll","background-type":"","background-media":"","overlay-type":"","overlay-color":"","overlay-opacity":"","overlay-gradient":""}},"footnotes":""},"class_list":["post-265","page","type-page","status-publish","hentry"],"uagb_featured_image_src":{"full":false,"thumbnail":false,"medium":false,"medium_large":false,"large":false,"1536x1536":false,"2048x2048":false},"uagb_author_info":{"display_name":"admin","author_link":"https:\/\/berzsenyicell.hu\/index.php\/author\/cbg_admin\/"},"uagb_comment_info":0,"uagb_excerpt":"Igazgat\u00f3k \u00c9v Igazgat\u00f3 1946-49. Vas K\u00e1roly &nbsp;1948-49. Berend Mikl\u00f3s 1948-49. Czap\u00e1ry Endre 1949-51. Mar\u00f3ti J\u00f3zsefn\u00e9 1951-53. Kiss Alajos 1953-54. Proksza [&hellip;]","_links":{"self":[{"href":"https:\/\/berzsenyicell.hu\/index.php\/wp-json\/wp\/v2\/pages\/265","targetHints":{"allow":["GET"]}}],"collection":[{"href":"https:\/\/berzsenyicell.hu\/index.php\/wp-json\/wp\/v2\/pages"}],"about":[{"href":"https:\/\/berzsenyicell.hu\/index.php\/wp-json\/wp\/v2\/types\/page"}],"author":[{"embeddable":true,"href":"https:\/\/berzsenyicell.hu\/index.php\/wp-json\/wp\/v2\/users\/1"}],"replies":[{"embeddable":true,"href":"https:\/\/berzsenyicell.hu\/index.php\/wp-json\/wp\/v2\/comments?post=265"}],"version-history":[{"count":4,"href":"https:\/\/berzsenyicell.hu\/index.php\/wp-json\/wp\/v2\/pages\/265\/revisions"}],"predecessor-version":[{"id":990,"href":"https:\/\/berzsenyicell.hu\/index.php\/wp-json\/wp\/v2\/pages\/265\/revisions\/990"}],"up":[{"embeddable":true,"href":"https:\/\/berzsenyicell.hu\/index.php\/wp-json\/wp\/v2\/pages\/259"}],"wp:attachment":[{"href":"https:\/\/berzsenyicell.hu\/index.php\/wp-json\/wp\/v2\/media?parent=265"}],"curies":[{"name":"wp","href":"https:\/\/api.w.org\/{rel}","templated":true}]}}