{"id":257,"date":"2023-07-28T16:26:33","date_gmt":"2023-07-28T14:26:33","guid":{"rendered":"https:\/\/w2.berzsenyicell.hu\/cbg\/?page_id=257"},"modified":"2026-02-03T11:16:11","modified_gmt":"2026-02-03T09:16:11","slug":"feladatsorok","status":"publish","type":"page","link":"https:\/\/berzsenyicell.hu\/index.php\/felveteli\/feladatsorok\/","title":{"rendered":"Feladatsorok"},"content":{"rendered":"\r\n<div class=\"wp-block-uagb-container uagb-block-6337561c alignfull uagb-is-root-container\">\r\n<div class=\"uagb-container-inner-blocks-wrap\">\r\n<div class=\"wp-block-uagb-advanced-heading uagb-block-2f9c073c\">\r\n<h2 class=\"uagb-heading-text\">Feladatsorok<\/h2>\r\n<\/div>\r\n\r\n\r\n\r\n<figure class=\"wp-block-table is-style-regular\">\r\n<table class=\"has-ast-global-color-2-color has-text-color has-border-color has-ast-global-color-1-border-color\">\r\n<thead>\r\n<tr>\r\n<th>\u00c9v<\/th>\r\n<th>Magyar<\/th>\r\n<th>Matematika<\/th>\r\n<\/tr>\r\n<\/thead>\r\n<tbody>\r\n<tr>\r\n<td rowspan=\"4\">2025<\/td>\r\n<td><a href=\"https:\/\/drive.google.com\/file\/d\/1SGdXZieT6GyN0VNeyGDHjH9pyerOX0JF\/view?usp=sharing\" target=\"_blank\" rel=\"noopener\">Feladatsor 1<\/a><\/td>\r\n<td><a href=\"https:\/\/drive.google.com\/file\/d\/149slVoJprrHnpPrg0gtdsD_2bpIfQyI8\/view?usp=drive_link\" target=\"_blank\" rel=\"noopener\">Feladatsor 1<\/a><\/td>\r\n<\/tr>\r\n<tr>\r\n<td><a href=\"https:\/\/drive.google.com\/file\/d\/1Y-3J_FGORf2pgZYK8U7ngtS2dThjzPjE\/view?usp=sharing\" target=\"_blank\" rel=\"noopener\">Jav\u00edt\u00e1si \u00fatmutat\u00f3 1<\/a><\/td>\r\n<td><a href=\"https:\/\/drive.google.com\/file\/d\/1syiZAxjcyyYKojjmpLivBhw4GBWIKwLJ\/view?usp=drive_link\" target=\"_blank\" rel=\"noopener\">Jav\u00edt\u00e1si \u00fatmutat\u00f3 1<\/a><\/td>\r\n<\/tr>\r\n<tr>\r\n<td><a href=\"https:\/\/drive.google.com\/file\/d\/1ZBDQVhHOg6G6FgMVCKATpiYcfsNcdm6M\/view?usp=drive_link\" target=\"_blank\" rel=\"noopener\">Feladatsor 2<\/a><\/td>\r\n<td><a href=\"https:\/\/drive.google.com\/file\/d\/1rVUuUsRLzYqxYha5VXnwcNcAZD4JWmIi\/view?usp=sharing\" target=\"_blank\" rel=\"noopener\">Feladatsor 2<\/a><\/td>\r\n<\/tr>\r\n<tr>\r\n<td><a href=\"https:\/\/drive.google.com\/file\/d\/1yNGoOezS47VoXQnrY27i5nMlMJPwd3LX\/view?usp=sharing\" target=\"_blank\" rel=\"noopener\">Jav\u00edt\u00e1si \u00fatmutat\u00f3 2<\/a><\/td>\r\n<td><a href=\"https:\/\/drive.google.com\/file\/d\/1eW7XPjG3C-fi1VHb_OUolbr3nNMKJAAV\/view?usp=drive_link\" target=\"_blank\" rel=\"noopener\">Jav\u00edt\u00e1si \u00fatmutat\u00f3 2<\/a><\/td>\r\n<\/tr>\r\n<tr>\r\n<td rowspan=\"4\">2024<\/td>\r\n<td><a href=\"https:\/\/drive.google.com\/file\/d\/10xnMvnW2BK-lF_WCnnsp0DvL8qz6f3jJ\/view?usp=drive_link\" target=\"_blank\" rel=\"noopener\">Feladatsor 1<\/a><\/td>\r\n<td><a href=\"https:\/\/drive.google.com\/file\/d\/12ty4AoNhnz5q3cg4YGgxO0nGUj7HfJZd\/view?usp=drive_link\" target=\"_blank\" rel=\"noopener\">Feladatsor 1<\/a><\/td>\r\n<\/tr>\r\n<tr>\r\n<td><a href=\"https:\/\/drive.google.com\/file\/d\/1d-iL2mVa4vRcoMc5plb51keyT3_NkHe1\/view?usp=drive_link\" target=\"_blank\" rel=\"noopener\">Jav\u00edt\u00e1si \u00fatmutat\u00f3 1<\/a><\/td>\r\n<td><a href=\"https:\/\/drive.google.com\/file\/d\/1wVlFuMfjEkE-jq_lcZnN46d0bfiu6mPY\/view?usp=drive_link\" target=\"_blank\" rel=\"noopener\">Jav\u00edt\u00e1si \u00fatmutat\u00f3 1<\/a><\/td>\r\n<\/tr>\r\n<tr>\r\n<td><a href=\"https:\/\/drive.google.com\/file\/d\/10-bdhWHe7Pf2-VvQGTUTgDL4wvKet-nY\/view?usp=drive_link\" target=\"_blank\" rel=\"noopener\">Feladatsor 2<\/a><\/td>\r\n<td><a href=\"https:\/\/drive.google.com\/file\/d\/1nMDzj3MOFpx5QoSOFHj87xHpYSB27EUy\/view?usp=drive_link\" target=\"_blank\" rel=\"noopener\">Feladatsor 2<\/a><\/td>\r\n<\/tr>\r\n<tr>\r\n<td><a href=\"https:\/\/drive.google.com\/file\/d\/1dZ3SnqqSzSUEtDxR4D1Cb8cMxsHlwg48\/view?usp=drive_link\" target=\"_blank\" rel=\"noopener\">Jav\u00edt\u00e1si \u00fatmutat\u00f3 2<\/a><\/td>\r\n<td><a href=\"https:\/\/drive.google.com\/file\/d\/1iBVP2lI07sz7QB33ZpK9XtIDqdxOPv9b\/view?usp=drive_link\" target=\"_blank\" rel=\"noopener\">Jav\u00edt\u00e1si \u00fatmutat\u00f3 2<\/a><\/td>\r\n<\/tr>\r\n<tr>\r\n<td rowspan=\"4\">2023<\/td>\r\n<td><a href=\"https:\/\/drive.google.com\/file\/d\/1I3lMY4UDTMbVEE9nnw9F7A_xOzReeooZ\/view?usp=sharing\" target=\"_blank\" rel=\"noopener\">Feladatsor 1<\/a><\/td>\r\n<td><a href=\"https:\/\/drive.google.com\/file\/d\/1PoCkYweZtE5g7GgiIjGYQ3eL7U1A7WXi\/view?usp=drive_link\" target=\"_blank\" rel=\"noopener\">Feladatsor 1<\/a><\/td>\r\n<\/tr>\r\n<tr>\r\n<td><a href=\"https:\/\/drive.google.com\/file\/d\/1APuMQm5qQhwSBR5MQBvOepfauCYL_kKj\/view?usp=drive_link\" target=\"_blank\" rel=\"noopener\">Jav\u00edt\u00e1si \u00fatmutat\u00f3 1<\/a><\/td>\r\n<td><a href=\"https:\/\/drive.google.com\/file\/d\/1-TRrJT7X6Yb1j76MKyX79HNscY81k5DN\/view?usp=drive_link\" target=\"_blank\" rel=\"noopener\">Jav\u00edt\u00e1si \u00fatmutat\u00f3 1<\/a><\/td>\r\n<\/tr>\r\n<tr>\r\n<td><a href=\"https:\/\/drive.google.com\/file\/d\/1cyWUNTTuTZc5VltbU9CbVnzQEvz9ib_S\/view?usp=drive_link\" target=\"_blank\" rel=\"noopener\">Feladatsor 2<\/a><\/td>\r\n<td><a href=\"https:\/\/drive.google.com\/file\/d\/16rup-4HChI9sU77Jt3LhGtkEBJlCS7sT\/view?usp=drive_link\" target=\"_blank\" rel=\"noopener\">Feladatsor 2<\/a><\/td>\r\n<\/tr>\r\n<tr>\r\n<td><a href=\"https:\/\/drive.google.com\/file\/d\/1VVU9uh_kpIW5h-1-lE9hLnz4o0bmE4qr\/view?usp=drive_link\" target=\"_blank\" rel=\"noopener\">Jav\u00edt\u00e1si \u00fatmutat\u00f3 2<\/a><\/td>\r\n<td><a href=\"https:\/\/drive.google.com\/file\/d\/1wO_F4hZXrcJoOo3zX36HsAVU6xozeDxq\/view?usp=drive_link\" target=\"_blank\" rel=\"noopener\">Jav\u00edt\u00e1si \u00fatmutat\u00f3 2<\/a><\/td>\r\n<\/tr>\r\n<tr>\r\n<td rowspan=\"6\">2022<\/td>\r\n<td><a href=\"https:\/\/drive.google.com\/file\/d\/1e4oNUIeiMN-7zPDCNpS-vddj_gkaqn-K\/view?usp=drive_link\" target=\"_blank\" rel=\"noopener\">Feladatsor 1<\/a><\/td>\r\n<td><a href=\"https:\/\/drive.google.com\/file\/d\/1LqHfd1SePbhK4QH7M_FgHzwF-wsf_Obe\/view?usp=drive_link\" target=\"_blank\" rel=\"noopener\">Feladatsor 1<\/a><\/td>\r\n<\/tr>\r\n<tr>\r\n<td><a href=\"https:\/\/drive.google.com\/file\/d\/1wYsoi91y3SAueCib3t8NiR29QWM16BgY\/view?usp=drive_link\" target=\"_blank\" rel=\"noopener\">Jav\u00edt\u00e1si \u00fatmutat\u00f3 1<\/a><\/td>\r\n<td><a href=\"https:\/\/drive.google.com\/file\/d\/1jSdXrYC2poIiPljW8bZis_q5E3XRYHQg\/view?usp=drive_link\" target=\"_blank\" rel=\"noopener\">Jav\u00edt\u00e1si \u00fatmutat\u00f3 1<\/a><\/td>\r\n<\/tr>\r\n<tr>\r\n<td><a href=\"https:\/\/drive.google.com\/file\/d\/1OTekr_wSTe5TeGUg_HlnGs4FCJYmcFay\/view?usp=drive_link\" target=\"_blank\" rel=\"noopener\">Feladatsor 2<\/a><\/td>\r\n<td><a href=\"https:\/\/drive.google.com\/file\/d\/1-vaPDaiOj3VKwtBWI8I4K913B2gsRiib\/view?usp=drive_link\" target=\"_blank\" rel=\"noopener\">Feladatsor 2<\/a><\/td>\r\n<\/tr>\r\n<tr>\r\n<td><a href=\"https:\/\/drive.google.com\/file\/d\/1EI5XC_uqqwcjnR67vspYSe1umA2iVip7\/view?usp=drive_link\" target=\"_blank\" rel=\"noopener\">Jav\u00edt\u00e1si \u00fatmutat\u00f3 2<\/a><\/td>\r\n<td><a href=\"https:\/\/drive.google.com\/file\/d\/1dMc5frll5tQNEDJw5JIhHiIdMpk-VgLY\/view?usp=drive_link\" target=\"_blank\" rel=\"noopener\">Jav\u00edt\u00e1si \u00fatmutat\u00f3 2<\/a><\/td>\r\n<\/tr>\r\n<tr>\r\n<td><a href=\"https:\/\/drive.google.com\/file\/d\/1lu4MnQlC4_89ub7FRyYZ-EGs1zOzNp_k\/view?usp=drive_link\">Feladatsor 3<\/a><\/td>\r\n<td><a href=\"https:\/\/drive.google.com\/file\/d\/115IUVqbJ6Y8xso9Sd23fj4ltDNblQPqV\/view?usp=drive_link\">Feladatsor 3<\/a><\/td>\r\n<\/tr>\r\n<tr>\r\n<td><a href=\"https:\/\/drive.google.com\/file\/d\/1fLZnzmg2JN1gXZearMFAwmnUU8yoOlP7\/view?usp=drive_link\">Jav\u00edt\u00e1si \u00fatmutat\u00f3 3<\/a><\/td>\r\n<td><a href=\"https:\/\/drive.google.com\/file\/d\/1m7z06hpYx6SVZPGGxbVbZTcUvGp9MyKX\/view?usp=drive_link\">Jav\u00edt\u00e1si \u00fatmutat\u00f3 3<\/a><\/td>\r\n<\/tr>\r\n<\/tbody>\r\n<\/table>\r\n<\/figure>\r\n<\/div>\r\n<\/div>\r\n","protected":false},"excerpt":{"rendered":"<p>Feladatsorok \u00c9v Magyar Matematika 2025 Feladatsor 1 Feladatsor 1 Jav\u00edt\u00e1si \u00fatmutat\u00f3 1 Jav\u00edt\u00e1si \u00fatmutat\u00f3 1 Feladatsor 2 Feladatsor 2 Jav\u00edt\u00e1si [&hellip;]<\/p>\n","protected":false},"author":1,"featured_media":0,"parent":247,"menu_order":80,"comment_status":"closed","ping_status":"closed","template":"","meta":{"_uag_custom_page_level_css":"","site-sidebar-layout":"default","site-content-layout":"default","ast-site-content-layout":"default","site-content-style":"default","site-sidebar-style":"default","ast-global-header-display":"","ast-banner-title-visibility":"","ast-main-header-display":"","ast-hfb-above-header-display":"","ast-hfb-below-header-display":"","ast-hfb-mobile-header-display":"","site-post-title":"","ast-breadcrumbs-content":"","ast-featured-img":"","footer-sml-layout":"","ast-disable-related-posts":"","theme-transparent-header-meta":"default","adv-header-id-meta":"","stick-header-meta":"default","header-above-stick-meta":"","header-main-stick-meta":"","header-below-stick-meta":"","astra-migrate-meta-layouts":"set","ast-page-background-enabled":"default","ast-page-background-meta":{"desktop":{"background-color":"var(--ast-global-color-4)","background-image":"","background-repeat":"repeat","background-position":"center center","background-size":"auto","background-attachment":"scroll","background-type":"","background-media":"","overlay-type":"","overlay-color":"","overlay-opacity":"","overlay-gradient":""},"tablet":{"background-color":"","background-image":"","background-repeat":"repeat","background-position":"center center","background-size":"auto","background-attachment":"scroll","background-type":"","background-media":"","overlay-type":"","overlay-color":"","overlay-opacity":"","overlay-gradient":""},"mobile":{"background-color":"","background-image":"","background-repeat":"repeat","background-position":"center center","background-size":"auto","background-attachment":"scroll","background-type":"","background-media":"","overlay-type":"","overlay-color":"","overlay-opacity":"","overlay-gradient":""}},"ast-content-background-meta":{"desktop":{"background-color":"var(--ast-global-color-5)","background-image":"","background-repeat":"repeat","background-position":"center center","background-size":"auto","background-attachment":"scroll","background-type":"","background-media":"","overlay-type":"","overlay-color":"","overlay-opacity":"","overlay-gradient":""},"tablet":{"background-color":"var(--ast-global-color-5)","background-image":"","background-repeat":"repeat","background-position":"center center","background-size":"auto","background-attachment":"scroll","background-type":"","background-media":"","overlay-type":"","overlay-color":"","overlay-opacity":"","overlay-gradient":""},"mobile":{"background-color":"var(--ast-global-color-5)","background-image":"","background-repeat":"repeat","background-position":"center center","background-size":"auto","background-attachment":"scroll","background-type":"","background-media":"","overlay-type":"","overlay-color":"","overlay-opacity":"","overlay-gradient":""}},"footnotes":""},"class_list":["post-257","page","type-page","status-publish","hentry"],"uagb_featured_image_src":{"full":false,"thumbnail":false,"medium":false,"medium_large":false,"large":false,"1536x1536":false,"2048x2048":false},"uagb_author_info":{"display_name":"admin","author_link":"https:\/\/berzsenyicell.hu\/index.php\/author\/cbg_admin\/"},"uagb_comment_info":0,"uagb_excerpt":"Feladatsorok \u00c9v Magyar Matematika 2025 Feladatsor 1 Feladatsor 1 Jav\u00edt\u00e1si \u00fatmutat\u00f3 1 Jav\u00edt\u00e1si \u00fatmutat\u00f3 1 Feladatsor 2 Feladatsor 2 Jav\u00edt\u00e1si [&hellip;]","_links":{"self":[{"href":"https:\/\/berzsenyicell.hu\/index.php\/wp-json\/wp\/v2\/pages\/257","targetHints":{"allow":["GET"]}}],"collection":[{"href":"https:\/\/berzsenyicell.hu\/index.php\/wp-json\/wp\/v2\/pages"}],"about":[{"href":"https:\/\/berzsenyicell.hu\/index.php\/wp-json\/wp\/v2\/types\/page"}],"author":[{"embeddable":true,"href":"https:\/\/berzsenyicell.hu\/index.php\/wp-json\/wp\/v2\/users\/1"}],"replies":[{"embeddable":true,"href":"https:\/\/berzsenyicell.hu\/index.php\/wp-json\/wp\/v2\/comments?post=257"}],"version-history":[{"count":27,"href":"https:\/\/berzsenyicell.hu\/index.php\/wp-json\/wp\/v2\/pages\/257\/revisions"}],"predecessor-version":[{"id":2597,"href":"https:\/\/berzsenyicell.hu\/index.php\/wp-json\/wp\/v2\/pages\/257\/revisions\/2597"}],"up":[{"embeddable":true,"href":"https:\/\/berzsenyicell.hu\/index.php\/wp-json\/wp\/v2\/pages\/247"}],"wp:attachment":[{"href":"https:\/\/berzsenyicell.hu\/index.php\/wp-json\/wp\/v2\/media?parent=257"}],"curies":[{"name":"wp","href":"https:\/\/api.w.org\/{rel}","templated":true}]}}