{"id":231,"date":"2023-07-27T17:38:21","date_gmt":"2023-07-27T15:38:21","guid":{"rendered":"https:\/\/w2.berzsenyicell.hu\/cbg\/?page_id=231"},"modified":"2023-08-09T09:31:41","modified_gmt":"2023-08-09T07:31:41","slug":"munkatarsaink","status":"publish","type":"page","link":"https:\/\/berzsenyicell.hu\/index.php\/iskolapolgarok\/munkatarsaink\/","title":{"rendered":"Munkat\u00e1rsaink"},"content":{"rendered":"\n<div class=\"wp-block-uagb-container uagb-block-1f6ef15b alignfull uagb-is-root-container\"><div class=\"uagb-container-inner-blocks-wrap\"><div class='rt-container-fluid rt-team-container rt-pos-r rt-team-container-822' id='rt-team-container-3373979809'  data-layout='layout3' data-desktop-col='5'  data-tab-col='3'  data-mobile-col='1' data-sc-id='822' data-popup-bg=''><div data-title='Loading ...' class='rt-row rt-content-loader layout3 ttp-even ttp-pre-loader'><div class=\"rt-col-md-24 rt-col-sm-4 rt-col-xs-12  even-grid-item rt-grid-item\" data-id=\"818\"><div class=\"single-team-area\"><figure><img loading=\"lazy\" decoding=\"async\" width=\"1024\" height=\"1536\" src=\"https:\/\/berzsenyicell.hu\/wp-content\/uploads\/2023\/08\/csiszar_aniko_2017-1024x1536.jpg\" class=\"img-responsive rt-team-img\" alt=\"Csisz\u00e1r Anik\u00f3\" \/><\/figure><div class=\"tlp-content\"><h3><span class=\"team-name\">Csisz\u00e1r Anik\u00f3<\/span><\/h3><div class=\"tlp-position\">iskolatitk\u00e1r<\/div><\/div><\/div><\/div><div class=\"rt-col-md-24 rt-col-sm-4 rt-col-xs-12  even-grid-item rt-grid-item\" data-id=\"821\"><div class=\"single-team-area\"><figure><img loading=\"lazy\" decoding=\"async\" width=\"1025\" height=\"1536\" src=\"https:\/\/berzsenyicell.hu\/wp-content\/uploads\/2023\/08\/dozsa_jozsef_2021-1025x1536.jpg\" class=\"img-responsive rt-team-img\" alt=\"D\u00f3zsa J\u00f3zsef\" \/><\/figure><div class=\"tlp-content\"><h3><span class=\"team-name\">D\u00f3zsa J\u00f3zsef<\/span><\/h3><div class=\"tlp-position\">technikus<\/div><\/div><\/div><\/div><div class=\"rt-col-md-24 rt-col-sm-4 rt-col-xs-12  even-grid-item rt-grid-item\" data-id=\"2159\"><div class=\"single-team-area\"><figure><img loading=\"lazy\" decoding=\"async\" width=\"1020\" height=\"1536\" src=\"https:\/\/berzsenyicell.hu\/wp-content\/uploads\/2023\/08\/kerekes_gabor_2025-1020x1536.jpg\" class=\"img-responsive rt-team-img\" alt=\"Kerekes G\u00e1bor\" \/><\/figure><div class=\"tlp-content\"><h3><span class=\"team-name\">Kerekes G\u00e1bor<\/span><\/h3><div class=\"tlp-position\">rendszergazda<\/div><\/div><\/div><\/div><div class=\"rt-col-md-24 rt-col-sm-4 rt-col-xs-12  even-grid-item rt-grid-item\" data-id=\"819\"><div class=\"single-team-area\"><figure><img loading=\"lazy\" decoding=\"async\" width=\"1026\" height=\"1536\" src=\"https:\/\/berzsenyicell.hu\/wp-content\/uploads\/2023\/08\/tothne_nemeth_renata_2021-1026x1536.jpg\" class=\"img-responsive rt-team-img\" alt=\"T\u00f3thn\u00e9 N\u00e9meth Ren\u00e1ta\" \/><\/figure><div class=\"tlp-content\"><h3><span class=\"team-name\">T\u00f3thn\u00e9 N\u00e9meth Ren\u00e1ta<\/span><\/h3><div class=\"tlp-position\">tiszt\u00edt\u00e1si szak\u00e9rt\u0151<\/div><\/div><\/div><\/div><div class=\"rt-loading-overlay\"><\/div><div class=\"rt-loading rt-ball-clip-rotate\"><div><\/div><\/div><\/div><\/div><\/div><\/div>\n","protected":false},"excerpt":{"rendered":"","protected":false},"author":1,"featured_media":0,"parent":205,"menu_order":60,"comment_status":"closed","ping_status":"closed","template":"","meta":{"_uag_custom_page_level_css":"","site-sidebar-layout":"default","site-content-layout":"default","ast-site-content-layout":"default","site-content-style":"default","site-sidebar-style":"default","ast-global-header-display":"","ast-banner-title-visibility":"","ast-main-header-display":"","ast-hfb-above-header-display":"","ast-hfb-below-header-display":"","ast-hfb-mobile-header-display":"","site-post-title":"","ast-breadcrumbs-content":"","ast-featured-img":"","footer-sml-layout":"","ast-disable-related-posts":"","theme-transparent-header-meta":"default","adv-header-id-meta":"","stick-header-meta":"default","header-above-stick-meta":"","header-main-stick-meta":"","header-below-stick-meta":"","astra-migrate-meta-layouts":"default","ast-page-background-enabled":"default","ast-page-background-meta":{"desktop":{"background-color":"var(--ast-global-color-4)","background-image":"","background-repeat":"repeat","background-position":"center center","background-size":"auto","background-attachment":"scroll","background-type":"","background-media":"","overlay-type":"","overlay-color":"","overlay-opacity":"","overlay-gradient":""},"tablet":{"background-color":"","background-image":"","background-repeat":"repeat","background-position":"center center","background-size":"auto","background-attachment":"scroll","background-type":"","background-media":"","overlay-type":"","overlay-color":"","overlay-opacity":"","overlay-gradient":""},"mobile":{"background-color":"","background-image":"","background-repeat":"repeat","background-position":"center center","background-size":"auto","background-attachment":"scroll","background-type":"","background-media":"","overlay-type":"","overlay-color":"","overlay-opacity":"","overlay-gradient":""}},"ast-content-background-meta":{"desktop":{"background-color":"var(--ast-global-color-5)","background-image":"","background-repeat":"repeat","background-position":"center center","background-size":"auto","background-attachment":"scroll","background-type":"","background-media":"","overlay-type":"","overlay-color":"","overlay-opacity":"","overlay-gradient":""},"tablet":{"background-color":"var(--ast-global-color-5)","background-image":"","background-repeat":"repeat","background-position":"center center","background-size":"auto","background-attachment":"scroll","background-type":"","background-media":"","overlay-type":"","overlay-color":"","overlay-opacity":"","overlay-gradient":""},"mobile":{"background-color":"var(--ast-global-color-5)","background-image":"","background-repeat":"repeat","background-position":"center center","background-size":"auto","background-attachment":"scroll","background-type":"","background-media":"","overlay-type":"","overlay-color":"","overlay-opacity":"","overlay-gradient":""}},"footnotes":""},"class_list":["post-231","page","type-page","status-publish","hentry"],"uagb_featured_image_src":{"full":false,"thumbnail":false,"medium":false,"medium_large":false,"large":false,"1536x1536":false,"2048x2048":false},"uagb_author_info":{"display_name":"admin","author_link":"https:\/\/berzsenyicell.hu\/index.php\/author\/cbg_admin\/"},"uagb_comment_info":0,"uagb_excerpt":null,"_links":{"self":[{"href":"https:\/\/berzsenyicell.hu\/index.php\/wp-json\/wp\/v2\/pages\/231","targetHints":{"allow":["GET"]}}],"collection":[{"href":"https:\/\/berzsenyicell.hu\/index.php\/wp-json\/wp\/v2\/pages"}],"about":[{"href":"https:\/\/berzsenyicell.hu\/index.php\/wp-json\/wp\/v2\/types\/page"}],"author":[{"embeddable":true,"href":"https:\/\/berzsenyicell.hu\/index.php\/wp-json\/wp\/v2\/users\/1"}],"replies":[{"embeddable":true,"href":"https:\/\/berzsenyicell.hu\/index.php\/wp-json\/wp\/v2\/comments?post=231"}],"version-history":[{"count":2,"href":"https:\/\/berzsenyicell.hu\/index.php\/wp-json\/wp\/v2\/pages\/231\/revisions"}],"predecessor-version":[{"id":823,"href":"https:\/\/berzsenyicell.hu\/index.php\/wp-json\/wp\/v2\/pages\/231\/revisions\/823"}],"up":[{"embeddable":true,"href":"https:\/\/berzsenyicell.hu\/index.php\/wp-json\/wp\/v2\/pages\/205"}],"wp:attachment":[{"href":"https:\/\/berzsenyicell.hu\/index.php\/wp-json\/wp\/v2\/media?parent=231"}],"curies":[{"name":"wp","href":"https:\/\/api.w.org\/{rel}","templated":true}]}}