{"id":227,"date":"2023-07-27T17:37:07","date_gmt":"2023-07-27T15:37:07","guid":{"rendered":"https:\/\/w2.berzsenyicell.hu\/cbg\/?page_id=227"},"modified":"2026-01-28T10:20:03","modified_gmt":"2026-01-28T08:20:03","slug":"diakonkormanyzat","status":"publish","type":"page","link":"https:\/\/berzsenyicell.hu\/index.php\/iskolapolgarok\/diakelet\/diakonkormanyzat\/","title":{"rendered":"Di\u00e1k\u00f6nkorm\u00e1nyzat"},"content":{"rendered":"\n<div class=\"wp-block-uagb-container uagb-block-e7e6e3d7 alignfull uagb-is-root-container\"><div class=\"uagb-container-inner-blocks-wrap\">\n<div class=\"wp-block-uagb-advanced-heading uagb-block-3e367a0b\"><h2 class=\"uagb-heading-text\">Di\u00e1k\u00f6nkorm\u00e1nyzat<\/h2><\/div>\n<\/div><\/div>\n\n\n\n<div class=\"wp-block-uagb-container uagb-block-846fe17b alignfull uagb-is-root-container\"><div class=\"uagb-container-inner-blocks-wrap\">\n<div class=\"wp-block-uagb-info-box uagb-block-b87ecb97 uagb-infobox__content-wrap  uagb-infobox-icon-above-title uagb-infobox-image-valign-top\"><div class=\"uagb-ifb-content\"><div class=\"uagb-ifb-title-wrap\"><h3 class=\"uagb-ifb-title\">Az id\u00e9n L\u00e1szl\u00f3 Ann\u00e1t ( 11.b ) v\u00e1lasztott\u00e1k meg eln\u00f6knek a di\u00e1kok. <br>A deleg\u00e1lt k\u00e9pvisel\u0151k:<\/h3><\/div><p class=\"uagb-ifb-desc\">9.a: K\u00e9kesi Roland, Orth Regina, Szaharov Vladim\u00edr<br>9.b:Cs\u00f3k\u00e1s Laura, G\u00e9czi Fuszina, Horv\u00e1th Al\u00edz<br>10.a: Nagy Lili, Szab\u00f3 R\u00e9ka, Sz\u00fccs Fanni<br>11.a: Kulman Krist\u00f3f, Fenyvesi J\u00e1zmin, Sarang Gy\u0151z\u0151<br>11.b:  L\u00e1szl\u00f3 Anna, Farag\u00f3 Ruzsina, Cs\u00f3i Barnab\u00e1s<br>12.a: Jankovics Larissza, Kar\u00e1csonyi Zs\u00f3ka, Szalay D\u00e1vid<br>12.b: Bogd\u00e1n D\u00e1niel, Patay G. Luis Esteban, Farkas Vivien, Varga Regina<br><\/p><\/div><\/div>\n<\/div><\/div>\n","protected":false},"excerpt":{"rendered":"<p>Di\u00e1k\u00f6nkorm\u00e1nyzat<\/p>\n","protected":false},"author":1,"featured_media":0,"parent":219,"menu_order":40,"comment_status":"closed","ping_status":"closed","template":"","meta":{"_uag_custom_page_level_css":"","site-sidebar-layout":"default","site-content-layout":"default","ast-site-content-layout":"default","site-content-style":"default","site-sidebar-style":"default","ast-global-header-display":"","ast-banner-title-visibility":"","ast-main-header-display":"","ast-hfb-above-header-display":"","ast-hfb-below-header-display":"","ast-hfb-mobile-header-display":"","site-post-title":"","ast-breadcrumbs-content":"","ast-featured-img":"","footer-sml-layout":"","ast-disable-related-posts":"","theme-transparent-header-meta":"default","adv-header-id-meta":"","stick-header-meta":"default","header-above-stick-meta":"","header-main-stick-meta":"","header-below-stick-meta":"","astra-migrate-meta-layouts":"set","ast-page-background-enabled":"default","ast-page-background-meta":{"desktop":{"background-color":"var(--ast-global-color-4)","background-image":"","background-repeat":"repeat","background-position":"center center","background-size":"auto","background-attachment":"scroll","background-type":"","background-media":"","overlay-type":"","overlay-color":"","overlay-opacity":"","overlay-gradient":""},"tablet":{"background-color":"","background-image":"","background-repeat":"repeat","background-position":"center center","background-size":"auto","background-attachment":"scroll","background-type":"","background-media":"","overlay-type":"","overlay-color":"","overlay-opacity":"","overlay-gradient":""},"mobile":{"background-color":"","background-image":"","background-repeat":"repeat","background-position":"center center","background-size":"auto","background-attachment":"scroll","background-type":"","background-media":"","overlay-type":"","overlay-color":"","overlay-opacity":"","overlay-gradient":""}},"ast-content-background-meta":{"desktop":{"background-color":"var(--ast-global-color-5)","background-image":"","background-repeat":"repeat","background-position":"center center","background-size":"auto","background-attachment":"scroll","background-type":"","background-media":"","overlay-type":"","overlay-color":"","overlay-opacity":"","overlay-gradient":""},"tablet":{"background-color":"var(--ast-global-color-5)","background-image":"","background-repeat":"repeat","background-position":"center center","background-size":"auto","background-attachment":"scroll","background-type":"","background-media":"","overlay-type":"","overlay-color":"","overlay-opacity":"","overlay-gradient":""},"mobile":{"background-color":"var(--ast-global-color-5)","background-image":"","background-repeat":"repeat","background-position":"center center","background-size":"auto","background-attachment":"scroll","background-type":"","background-media":"","overlay-type":"","overlay-color":"","overlay-opacity":"","overlay-gradient":""}},"footnotes":""},"class_list":["post-227","page","type-page","status-publish","hentry"],"uagb_featured_image_src":{"full":false,"thumbnail":false,"medium":false,"medium_large":false,"large":false,"1536x1536":false,"2048x2048":false},"uagb_author_info":{"display_name":"admin","author_link":"https:\/\/berzsenyicell.hu\/index.php\/author\/cbg_admin\/"},"uagb_comment_info":0,"uagb_excerpt":"Di\u00e1k\u00f6nkorm\u00e1nyzat","_links":{"self":[{"href":"https:\/\/berzsenyicell.hu\/index.php\/wp-json\/wp\/v2\/pages\/227","targetHints":{"allow":["GET"]}}],"collection":[{"href":"https:\/\/berzsenyicell.hu\/index.php\/wp-json\/wp\/v2\/pages"}],"about":[{"href":"https:\/\/berzsenyicell.hu\/index.php\/wp-json\/wp\/v2\/types\/page"}],"author":[{"embeddable":true,"href":"https:\/\/berzsenyicell.hu\/index.php\/wp-json\/wp\/v2\/users\/1"}],"replies":[{"embeddable":true,"href":"https:\/\/berzsenyicell.hu\/index.php\/wp-json\/wp\/v2\/comments?post=227"}],"version-history":[{"count":18,"href":"https:\/\/berzsenyicell.hu\/index.php\/wp-json\/wp\/v2\/pages\/227\/revisions"}],"predecessor-version":[{"id":2865,"href":"https:\/\/berzsenyicell.hu\/index.php\/wp-json\/wp\/v2\/pages\/227\/revisions\/2865"}],"up":[{"embeddable":true,"href":"https:\/\/berzsenyicell.hu\/index.php\/wp-json\/wp\/v2\/pages\/219"}],"wp:attachment":[{"href":"https:\/\/berzsenyicell.hu\/index.php\/wp-json\/wp\/v2\/media?parent=227"}],"curies":[{"name":"wp","href":"https:\/\/api.w.org\/{rel}","templated":true}]}}