{"id":223,"date":"2023-07-27T17:35:53","date_gmt":"2023-07-27T15:35:53","guid":{"rendered":"https:\/\/w2.berzsenyicell.hu\/cbg\/?page_id=223"},"modified":"2024-06-03T20:36:38","modified_gmt":"2024-06-03T18:36:38","slug":"enekkar","status":"publish","type":"page","link":"https:\/\/berzsenyicell.hu\/index.php\/iskolapolgarok\/diakelet\/enekkar\/","title":{"rendered":"\u00c9nekkar"},"content":{"rendered":"\n<div class=\"wp-block-uagb-container uagb-block-b40fd7fb alignfull uagb-is-root-container\"><div class=\"uagb-container-inner-blocks-wrap\">\n<div class=\"wp-block-uagb-advanced-heading uagb-block-a89ad41d\"><h2 class=\"uagb-heading-text\">Bemutatkozik a CBG k\u00f3rus<\/h2><\/div>\n\n\n\n<div class=\"wp-block-uagb-info-box uagb-block-15c1c52e uagb-infobox__content-wrap  uagb-infobox-icon-left uagb-infobox-left uagb-infobox-stacked-tablet uagb-infobox-image-valign-middle\"><div class=\"uagb-ifb-image-content\"><img decoding=\"async\" src=\"https:\/\/berzsenyicell.hu\/wp-content\/uploads\/2023\/08\/CBG_965400a32677bd3b677d1ff16367a966-219x300.jpg\" alt=\"\" width=\"\" height=\"0\" loading=\"lazy\"\/><\/div><div class=\"uagb-ifb-content\"><div class=\"uagb-ifb-title-wrap\"><h3 class=\"uagb-ifb-title\">Szeretettel v\u00e1runk minden \u00e9nekelni \u00e9s zen\u00e9lni szeret\u0151 di\u00e1kot<br>a Celld\u00f6m\u00f6lki Berzsenyi D\u00e1niel Gimn\u00e1zium k\u00f3rus\u00e1ba!<\/h3><\/div><p class=\"uagb-ifb-desc\">Iskol\u00e1nk \u00e9nekkar\u00e1t 1988 \u00f3ta vezeti Dr.B\u00e9rdin\u00e9 Stipkovits Ildik\u00f3 tan\u00e1rn\u0151.<br>Az elm\u00falt \u00e9vek sor\u00e1n a hagyom\u00e1nyos k\u00f3rusmunka mellett sz\u00ednpadra \u00e1ll\u00edtott t\u00f6bb musicalt, s\u0151t di\u00e1kok \u00e9s maga \u00e1ltal \u00edrt t\u00e1ncos \u00e9s zen\u00e9s sz\u00edndarabokat is.<\/p><\/div><\/div>\n\n\n\n<div class=\"wp-block-uagb-info-box uagb-block-2ba68394 uagb-infobox__content-wrap  uagb-infobox-icon-right uagb-infobox-right uagb-infobox-stacked-tablet uagb-infobox-reverse-order-tablet uagb-infobox-image-valign-middle\"><div class=\"uagb-ifb-content\"><div class=\"uagb-ifb-title-wrap\"><\/div><p class=\"uagb-ifb-desc\">A hangszeren j\u00e1tsz\u00f3 di\u00e1kokb\u00f3l t\u00f6bb egy\u00fcttes is alakult m\u00e1r,\u0151k&nbsp;is fell\u00e9pnek&nbsp;az&nbsp;iskolai \u00e9s v\u00e1rosi \u00fcnnep\u00e9lyeken.&nbsp;<\/p><\/div><div class=\"uagb-ifb-image-content\"><img decoding=\"async\" src=\"https:\/\/berzsenyicell.hu\/wp-content\/uploads\/2023\/08\/csapat_8cf24252faa846b90325c792580be9ec-300x200.jpg\" alt=\"\" width=\"\" height=\"0\" loading=\"lazy\"\/><\/div><\/div>\n\n\n\n<div class=\"wp-block-uagb-info-box uagb-block-dad0b8f1 uagb-infobox__content-wrap  uagb-infobox-icon-above-title uagb-infobox-image-valign-top\"><div class=\"uagb-ifb-content\"><div class=\"uagb-ifb-image-content\"><img decoding=\"async\" src=\"https:\/\/berzsenyicell.hu\/wp-content\/uploads\/2023\/08\/korus_bc230229f521cf5d59bbed289190d102-1024x683.jpg\" alt=\"\" width=\"\" height=\"0\" loading=\"lazy\"\/><\/div><div class=\"uagb-ifb-title-wrap\"><h3 class=\"uagb-ifb-title\">A &#8222;Tisz\u00e1n innen,Dun\u00e1n t\u00fal&#8221; n\u00e9pdal\u00e9nekl\u00e9si versenyen minden \u00e9vben az orsz\u00e1gos d\u00f6nt\u0151 r\u00e9sztvev\u0151ik\u00e9nt hozz\u00e1k el a legjobbaknak j\u00e1r\u00f3 aranyat.<\/h3><\/div><p class=\"uagb-ifb-desc\">Ebben az \u00e9vben k\u00fcl\u00f6n megh\u00edv\u00e1st kaptak kiv\u00e1l\u00f3 munk\u00e1juk jutalmak\u00e9nt a moh\u00e1csi Schneider Lajos n\u00e9pdal\u00e9nekl\u00e9si versenyre,<br>amit a bus\u00f3j\u00e1r\u00e1ssal egy id\u0151ben rendeznek az orsz\u00e1g legjobb \u00e9nekeseinek.<\/p><\/div><\/div>\n\n\n\n<div class=\"wp-block-uagb-info-box uagb-block-f49c435f uagb-infobox__content-wrap  uagb-infobox-icon-above-title uagb-infobox-image-valign-top\"><div class=\"uagb-ifb-content\"><div class=\"uagb-ifb-image-content\"><img decoding=\"async\" src=\"https:\/\/berzsenyicell.hu\/wp-content\/uploads\/2023\/08\/korus-2_0bc8d4ad28b427293f73ef658158b65c-1024x309.jpg\" alt=\"\" width=\"\" height=\"0\" loading=\"lazy\"\/><\/div><div class=\"uagb-ifb-title-wrap\"><\/div><p class=\"uagb-ifb-desc\">A k\u00f3rus rendszeresen r\u00e9szt vesz a keszthelyi K\u00f6z\u00e9piskolai Helikoni \u00dcnneps\u00e9geken,<br>ahol a legjobbak k\u00f6z\u00e9 jutva m\u00e1r t\u00f6bb alkalommal arany min\u0151s\u00edt\u00e9ssel jutalmazta \u0151ket a zs\u0171ri.<\/p><\/div><\/div>\n<\/div><\/div>\n\n\n\n<div class=\"wp-block-uagb-container uagb-block-c4f70da2 alignfull uagb-is-root-container\"><div class=\"uagb-container-inner-blocks-wrap\">\n<div class=\"wp-block-uagb-container uagb-block-cad80304\">\n<figure class=\"wp-block-embed is-type-video is-provider-youtube wp-block-embed-youtube wp-embed-aspect-16-9 wp-has-aspect-ratio\"><div class=\"wp-block-embed__wrapper\">\n<iframe loading=\"lazy\" title=\"oh,happy day.MTS\" width=\"500\" height=\"281\" src=\"https:\/\/www.youtube.com\/embed\/gCO7D05Nvd0?feature=oembed\" frameborder=\"0\" allow=\"accelerometer; autoplay; clipboard-write; encrypted-media; gyroscope; picture-in-picture; web-share\" referrerpolicy=\"strict-origin-when-cross-origin\" allowfullscreen><\/iframe>\n<\/div><\/figure>\n<\/div>\n\n\n\n<div class=\"wp-block-uagb-container uagb-block-54ba8589\">\n<figure class=\"wp-block-embed is-type-video is-provider-youtube wp-block-embed-youtube wp-embed-aspect-16-9 wp-has-aspect-ratio\"><div class=\"wp-block-embed__wrapper\">\n<iframe loading=\"lazy\" title=\"Nagyk\u00f3rus - Ap\u00e1ca Show: I Will Follow Him - Helikon 2010\" width=\"500\" height=\"281\" src=\"https:\/\/www.youtube.com\/embed\/ZFHuujF0eY4?feature=oembed\" frameborder=\"0\" allow=\"accelerometer; autoplay; clipboard-write; encrypted-media; gyroscope; picture-in-picture; web-share\" referrerpolicy=\"strict-origin-when-cross-origin\" allowfullscreen><\/iframe>\n<\/div><\/figure>\n<\/div>\n\n\n\n<div class=\"wp-block-uagb-container uagb-block-3375980d\">\n<figure class=\"wp-block-embed is-type-video is-provider-youtube wp-block-embed-youtube wp-embed-aspect-16-9 wp-has-aspect-ratio\"><div class=\"wp-block-embed__wrapper\">\n<iframe loading=\"lazy\" title=\"B\u00e9rdi R\u00e9ka - Tarczi R\u00e9ka - Telemann: a-moll szon\u00e1ta I.-II. t\u00e9tel - Helikon 2010\" width=\"500\" height=\"281\" src=\"https:\/\/www.youtube.com\/embed\/sigyguMKdho?feature=oembed\" frameborder=\"0\" allow=\"accelerometer; autoplay; clipboard-write; encrypted-media; gyroscope; picture-in-picture; web-share\" referrerpolicy=\"strict-origin-when-cross-origin\" allowfullscreen><\/iframe>\n<\/div><\/figure>\n<\/div>\n\n\n\n<div class=\"wp-block-uagb-container uagb-block-87376b74\">\n<figure class=\"wp-block-embed is-type-video is-provider-youtube wp-block-embed-youtube wp-embed-aspect-16-9 wp-has-aspect-ratio\"><div class=\"wp-block-embed__wrapper\">\n<iframe loading=\"lazy\" title=\"B\u00e9rdi R\u00e9ka - De Falla: Danse Espagnole - Helikon 2010\" width=\"500\" height=\"281\" src=\"https:\/\/www.youtube.com\/embed\/BMJsoc0sPw4?feature=oembed\" frameborder=\"0\" allow=\"accelerometer; autoplay; clipboard-write; encrypted-media; gyroscope; picture-in-picture; web-share\" referrerpolicy=\"strict-origin-when-cross-origin\" allowfullscreen><\/iframe>\n<\/div><\/figure>\n<\/div>\n\n\n\n<div class=\"wp-block-uagb-container uagb-block-0bd3150e\">\n<figure class=\"wp-block-embed is-type-video is-provider-youtube wp-block-embed-youtube wp-embed-aspect-16-9 wp-has-aspect-ratio\"><div class=\"wp-block-embed__wrapper\">\n<iframe loading=\"lazy\" title=\"Tarczi R\u00e9ka - Vivaldi: C-d\u00far koncert - Helikon 2010\" width=\"500\" height=\"281\" src=\"https:\/\/www.youtube.com\/embed\/7ovHRkI_0sg?feature=oembed\" frameborder=\"0\" allow=\"accelerometer; autoplay; clipboard-write; encrypted-media; gyroscope; picture-in-picture; web-share\" referrerpolicy=\"strict-origin-when-cross-origin\" allowfullscreen><\/iframe>\n<\/div><\/figure>\n<\/div>\n\n\n\n<div class=\"wp-block-uagb-container uagb-block-90c9471b\">\n<figure class=\"wp-block-embed is-type-video is-provider-youtube wp-block-embed-youtube wp-embed-aspect-16-9 wp-has-aspect-ratio\"><div class=\"wp-block-embed__wrapper\">\n<iframe loading=\"lazy\" title=\"Galagonya Egy\u00fcttes - S\u00e1rk\u00f6zi csokor - Helikon 2010\" width=\"500\" height=\"281\" src=\"https:\/\/www.youtube.com\/embed\/C-11BVzCAcE?feature=oembed\" frameborder=\"0\" allow=\"accelerometer; autoplay; clipboard-write; encrypted-media; gyroscope; picture-in-picture; web-share\" referrerpolicy=\"strict-origin-when-cross-origin\" allowfullscreen><\/iframe>\n<\/div><\/figure>\n<\/div>\n<\/div><\/div>\n\n\n\n<div class=\"wp-block-uagb-container uagb-block-0d3b8fc1 alignfull uagb-is-root-container\"><div class=\"uagb-container-inner-blocks-wrap\">\n<div class=\"wp-block-uagb-container uagb-block-126f2a33\">\n<figure class=\"wp-block-embed is-type-video is-provider-youtube wp-block-embed-youtube wp-embed-aspect-16-9 wp-has-aspect-ratio\"><div class=\"wp-block-embed__wrapper\">\n<iframe loading=\"lazy\" title=\"L\u00e9gy j\u00f3 el\u0151ad\u00e1s 2015 j\u00fan 8\" width=\"500\" height=\"281\" src=\"https:\/\/www.youtube.com\/embed\/l59Dl7yRbmI?start=2270&#038;feature=oembed\" frameborder=\"0\" allow=\"accelerometer; autoplay; clipboard-write; encrypted-media; gyroscope; picture-in-picture; web-share\" referrerpolicy=\"strict-origin-when-cross-origin\" allowfullscreen><\/iframe>\n<\/div><\/figure>\n<\/div>\n\n\n\n<div class=\"wp-block-uagb-container uagb-block-57c727ec\">\n<figure class=\"wp-block-embed is-type-video is-provider-youtube wp-block-embed-youtube wp-embed-aspect-16-9 wp-has-aspect-ratio\"><div class=\"wp-block-embed__wrapper\">\n<iframe loading=\"lazy\" title=\"2024 HELIKON CBG k\u00f3rus \u00e9s zenekar\" width=\"500\" height=\"281\" src=\"https:\/\/www.youtube.com\/embed\/9rkhkD6BPxc?feature=oembed\" frameborder=\"0\" allow=\"accelerometer; autoplay; clipboard-write; encrypted-media; gyroscope; picture-in-picture; web-share\" referrerpolicy=\"strict-origin-when-cross-origin\" allowfullscreen><\/iframe>\n<\/div><\/figure>\n<\/div>\n\n\n\n<div class=\"wp-block-uagb-container uagb-block-7b889607\"><\/div>\n\n\n\n<div class=\"wp-block-uagb-container uagb-block-f75af8c6\"><\/div>\n\n\n\n<div class=\"wp-block-uagb-container uagb-block-c44c5ea7\"><\/div>\n<\/div><\/div>\n\n\n\n<div class=\"wp-block-uagb-container uagb-block-3590871b alignfull uagb-is-root-container\"><div class=\"uagb-container-inner-blocks-wrap\">\n\t\t\t<div class=\"wp-block-uagb-post-carousel uagb-post-grid  uagb-post__image-position-top uagb-post__image-enabled uagb-block-87f8de9f     uagb-post__arrow-outside uagb-slick-carousel uagb-post__items uagb-post__columns-3 is-carousel uagb-post__columns-tablet-2 uagb-post__columns-mobile-1\" data-total=\"1\" style=\"\">\n\n\t\t\t\t\t\t\t\t\t\t\t\t<article class=\"uagb-post__inner-wrap\">\t\t\t\t\t\t\t\t<h4 class=\"uagb-post__title uagb-post__text\">\n\t\t\t\t<a href=\"https:\/\/berzsenyicell.hu\/index.php\/2024\/05\/22\/berzsenyis-sikerek-a-keszthelyi-helikoni-unnepsegeken\/\" target=\"_self\" rel=\"bookmark noopener noreferrer\">Berzsenyis sikerek a keszthelyi Helikoni \u00dcnneps\u00e9geken<\/a>\n\t\t\t<\/h4>\n\t\t\t\t\t\t<div class='uagb-post__text uagb-post-grid-byline'>\n\t\t\t\t\t\t\t\t<time datetime=\"2024-05-22T09:09:21+02:00\" class=\"uagb-post__date\">\n\t\t\t\t<span class=\"dashicons-calendar dashicons\"><\/span>\t\t\t\t\t2024.05.22.\t\t\t\t<\/time>\n\t\t\t\t\t\t<\/div>\n\t\t\t\t\t\t\t<div class='uagb-post__text uagb-post__excerpt'>\n\t\t\t\t\t<p>\u00e1prilis 25-27 k\u00f6z\u00f6tt ker\u00fclt megrendez\u00e9sre Keszthelyen a Helikon verseny, ahol a Dun\u00e1nt\u00fal legtehets\u00e9gesebb k\u00f6z\u00e9piskol\u00e1sai m\u00e9rik \u00f6ssze k\u00e9t\u00e9vente tud\u00e1sukat, tehets\u00e9g\u00fcket k\u00fcl\u00f6nb\u00f6z\u0151 m\u0171v\u00e9szeti \u00e1gakban. A verseny komoly kih\u00edv\u00e1s, mert csak a legkiv\u00e1l\u00f3bb produkci\u00f3k kapnak min\u0151s\u00edt\u00e9st. A berzsenyisek id\u00e9n is&#8230;\t\t\t\t<\/div>\n\t\t\t\t\t\t<div class=\"uagb-post__text uagb-post__cta wp-block-button\">\n\t\t\t\t<a class=\"wp-block-button__link uagb-text-link\" style=\"\" href=\"https:\/\/berzsenyicell.hu\/index.php\/2024\/05\/22\/berzsenyis-sikerek-a-keszthelyi-helikoni-unnepsegeken\/\" target=\"_self\" rel=\"bookmark noopener noreferrer\">Tov\u00e1bb<\/a>\n\t\t\t<\/div>\n\t\t\t\n\t\t\t\t\t\t\t\t\t<\/article>\n\t\t\t\t\t\t\t\t\t\t\t\t\t\t\t\t<article class=\"uagb-post__inner-wrap\">\t\t\t\t\t\t\t\t<h4 class=\"uagb-post__title uagb-post__text\">\n\t\t\t\t<a href=\"https:\/\/berzsenyicell.hu\/index.php\/2023\/05\/29\/orszagos-nepdaleneklesi-verseny-2023\/\" target=\"_self\" rel=\"bookmark noopener noreferrer\">Tisz\u00e1n innen, Dun\u00e1n t\u00fal n\u00e9pdalverseny orsz\u00e1gos d\u00f6nt\u0151je 2023<\/a>\n\t\t\t<\/h4>\n\t\t\t\t\t\t<div class='uagb-post__text uagb-post-grid-byline'>\n\t\t\t\t\t\t\t\t<time datetime=\"2023-05-29T20:30:23+02:00\" class=\"uagb-post__date\">\n\t\t\t\t<span class=\"dashicons-calendar dashicons\"><\/span>\t\t\t\t\t2023.05.29.\t\t\t\t<\/time>\n\t\t\t\t\t\t<\/div>\n\t\t\t\t\t\t\t<div class='uagb-post__text uagb-post__excerpt'>\n\t\t\t\t\t<p>\u00dajabb siker! Gimn\u00e1ziumunk Vasi Leg\u00e9nyek \u00e9nekegy\u00fcttese, miut\u00e1n kiemelt arany min\u0151s\u00edt\u00e9st kapott a Vas v\u00e1rmegyei d\u00f6nt\u0151ben,\u00a0 a Tisz\u00e1n innen, Dun\u00e1n t\u00fal n\u00e9pdalverseny orsz\u00e1gos d\u00f6nt\u0151j\u00e9n ez\u00fcst min\u0151s\u00edt\u00e9st kapott! A csapat tagjai: F\u00e1bri M\u00e1rk, Horv\u00e1th Levente, Jankovics Patrik, Kiniczki M\u00e1rton,&#8230;\t\t\t\t<\/div>\n\t\t\t\t\t\t<div class=\"uagb-post__text uagb-post__cta wp-block-button\">\n\t\t\t\t<a class=\"wp-block-button__link uagb-text-link\" style=\"\" href=\"https:\/\/berzsenyicell.hu\/index.php\/2023\/05\/29\/orszagos-nepdaleneklesi-verseny-2023\/\" target=\"_self\" rel=\"bookmark noopener noreferrer\">Tov\u00e1bb<\/a>\n\t\t\t<\/div>\n\t\t\t\n\t\t\t\t\t\t\t\t\t<\/article>\n\t\t\t\t\t\t\t\t\t\t\t\t\t\t\t\t<article class=\"uagb-post__inner-wrap\">\t\t\t\t\t\t\t\t<div class='uagb-post__image'>\n\t\t\t\t\t\t\t\t\t<a href=\"https:\/\/berzsenyicell.hu\/index.php\/2018\/06\/30\/osszefoglalo-2017-augusztus-25-2018-julius-1-cbg-korus-enekkari-evad-programja\/\" target=\"_self\" rel=\"bookmark noopener noreferrer\"><img loading=\"lazy\" decoding=\"async\" width=\"960\" height=\"398\" src=\"https:\/\/berzsenyicell.hu\/wp-content\/uploads\/2023\/08\/korus_3ac7b3eff839445d0989f325bc1c4b3e.jpg\" class=\"attachment-large size-large\" alt=\"\" srcset=\"https:\/\/berzsenyicell.hu\/wp-content\/uploads\/2023\/08\/korus_3ac7b3eff839445d0989f325bc1c4b3e.jpg 960w, https:\/\/berzsenyicell.hu\/wp-content\/uploads\/2023\/08\/korus_3ac7b3eff839445d0989f325bc1c4b3e-300x124.jpg 300w, https:\/\/berzsenyicell.hu\/wp-content\/uploads\/2023\/08\/korus_3ac7b3eff839445d0989f325bc1c4b3e-768x318.jpg 768w\" sizes=\"auto, (max-width: 960px) 100vw, 960px\" \/>\t\t\t\t\t<\/a>\n\t\t\t\t\t\t\t\t\t<\/div>\n\t\t\t\t\t\t<h4 class=\"uagb-post__title uagb-post__text\">\n\t\t\t\t<a href=\"https:\/\/berzsenyicell.hu\/index.php\/2018\/06\/30\/osszefoglalo-2017-augusztus-25-2018-julius-1-cbg-korus-enekkari-evad-programja\/\" target=\"_self\" rel=\"bookmark noopener noreferrer\">\u00d6sszefoglal\u00f3 2017. augusztus 25. \u2013 2018. j\u00falius 1. CBG k\u00f3rus \u00e9nekkari \u00e9vad programja<\/a>\n\t\t\t<\/h4>\n\t\t\t\t\t\t<div class='uagb-post__text uagb-post-grid-byline'>\n\t\t\t\t\t\t\t\t<time datetime=\"2018-06-30T14:56:35+02:00\" class=\"uagb-post__date\">\n\t\t\t\t<span class=\"dashicons-calendar dashicons\"><\/span>\t\t\t\t\t2018.06.30.\t\t\t\t<\/time>\n\t\t\t\t\t\t<\/div>\n\t\t\t\t\t\t\t<div class='uagb-post__text uagb-post__excerpt'>\n\t\t\t\t\t<p>Augusztus 25.\u00a0\u00c9nekkari pr\u00f3ba az \u00e9vnyit\u00f3ra Szeptember 1.\u00a0\u00c9vnyit\u00f3.\u00a0V\u00e9get \u00e9rt a ny\u00e1r, Szabads\u00e1g v\u00e1ndorai https:\/\/www.youtube.com\/watch?v=hzCbZnWQSO0&amp;index=13&amp;list=UUQxGYnmOeoeE_Vgv5PfrUdQ Szeptember 23-\u00e1n, szombaton d\u00e9lel\u0151tt 10 \u00f3rakor a gimn\u00e1ziumban\u00a050 \u00e9ve \u00e9retts\u00e9gizett volt di\u00e1kok\u00a0k\u00e9rt\u00e9k fel a k\u00f3rust 2 dal el\u00e9nekl\u00e9s\u00e9re. A N\u00e9lk\u00fcled illetve a B\u00facs\u00faz\u00e1s Kemenesalj\u00e1t\u00f3l&#8230;\t\t\t\t<\/div>\n\t\t\t\t\t\t<div class=\"uagb-post__text uagb-post__cta wp-block-button\">\n\t\t\t\t<a class=\"wp-block-button__link uagb-text-link\" style=\"\" href=\"https:\/\/berzsenyicell.hu\/index.php\/2018\/06\/30\/osszefoglalo-2017-augusztus-25-2018-julius-1-cbg-korus-enekkari-evad-programja\/\" target=\"_self\" rel=\"bookmark noopener noreferrer\">Tov\u00e1bb<\/a>\n\t\t\t<\/div>\n\t\t\t\n\t\t\t\t\t\t\t\t\t<\/article>\n\t\t\t\t\t\t\t\t\t\t\t\t\t\t\t\t<article class=\"uagb-post__inner-wrap\">\t\t\t\t\t\t\t\t<h4 class=\"uagb-post__title uagb-post__text\">\n\t\t\t\t<a href=\"https:\/\/berzsenyicell.hu\/index.php\/2017\/06\/23\/a-gimnazium-korusa-es-zenekara-a-2016-2017-tanevben-is-nagy-sikerrel-szerepelt-kulonbozo-alkalmakon-es-versenyeken\/\" target=\"_self\" rel=\"bookmark noopener noreferrer\">A gimn\u00e1zium k\u00f3rusa \u00e9s zenekara a 2016\/2017 tan\u00e9vben is nagy sikerrel szerepelt k\u00fcl\u00f6nb\u00f6z\u0151 alkalmakon \u00e9s versenyeken<\/a>\n\t\t\t<\/h4>\n\t\t\t\t\t\t<div class='uagb-post__text uagb-post-grid-byline'>\n\t\t\t\t\t\t\t\t<time datetime=\"2017-06-23T14:43:52+02:00\" class=\"uagb-post__date\">\n\t\t\t\t<span class=\"dashicons-calendar dashicons\"><\/span>\t\t\t\t\t2017.06.23.\t\t\t\t<\/time>\n\t\t\t\t\t\t<\/div>\n\t\t\t\t\t\t\t<div class='uagb-post__text uagb-post__excerpt'>\n\t\t\t\t\t<p>A k\u00f3rus \u00e9s a zenei csoportok szakmai vezet\u0151je Dr. B\u00e9rdin\u00e9 Stipkovits Ildik\u00f3 tan\u00e1rn\u0151. A tan\u00e9v kiemelked\u0151 esem\u00e9nye volt november 19-\u00e9n az iskola fenn\u00e1ll\u00e1s\u00e1nak 70. \u00e9vfordul\u00f3j\u00e1ra rendezett jubileumi m\u0171sor, amin a volt k\u00f3rustagokkal kib\u0151v\u00edtett \u00e9nekkar is fell\u00e9pett. A&#8230;\t\t\t\t<\/div>\n\t\t\t\t\t\t<div class=\"uagb-post__text uagb-post__cta wp-block-button\">\n\t\t\t\t<a class=\"wp-block-button__link uagb-text-link\" style=\"\" href=\"https:\/\/berzsenyicell.hu\/index.php\/2017\/06\/23\/a-gimnazium-korusa-es-zenekara-a-2016-2017-tanevben-is-nagy-sikerrel-szerepelt-kulonbozo-alkalmakon-es-versenyeken\/\" target=\"_self\" rel=\"bookmark noopener noreferrer\">Tov\u00e1bb<\/a>\n\t\t\t<\/div>\n\t\t\t\n\t\t\t\t\t\t\t\t\t<\/article>\n\t\t\t\t\t\t\t\t\t\t\t<\/div>\n\t\t\t\n\n\n<div class=\"wp-block-uagb-container uagb-block-c442580e\"><\/div>\n<\/div><\/div>\n","protected":false},"excerpt":{"rendered":"<p>Bemutatkozik a CBG k\u00f3rus<\/p>\n","protected":false},"author":1,"featured_media":0,"parent":219,"menu_order":20,"comment_status":"closed","ping_status":"closed","template":"","meta":{"_uag_custom_page_level_css":"","site-sidebar-layout":"default","site-content-layout":"default","ast-site-content-layout":"default","site-content-style":"default","site-sidebar-style":"default","ast-global-header-display":"","ast-banner-title-visibility":"","ast-main-header-display":"","ast-hfb-above-header-display":"","ast-hfb-below-header-display":"","ast-hfb-mobile-header-display":"","site-post-title":"","ast-breadcrumbs-content":"","ast-featured-img":"","footer-sml-layout":"","ast-disable-related-posts":"","theme-transparent-header-meta":"default","adv-header-id-meta":"","stick-header-meta":"default","header-above-stick-meta":"","header-main-stick-meta":"","header-below-stick-meta":"","astra-migrate-meta-layouts":"set","ast-page-background-enabled":"default","ast-page-background-meta":{"desktop":{"background-color":"var(--ast-global-color-4)","background-image":"","background-repeat":"repeat","background-position":"center center","background-size":"auto","background-attachment":"scroll","background-type":"","background-media":"","overlay-type":"","overlay-color":"","overlay-opacity":"","overlay-gradient":""},"tablet":{"background-color":"","background-image":"","background-repeat":"repeat","background-position":"center center","background-size":"auto","background-attachment":"scroll","background-type":"","background-media":"","overlay-type":"","overlay-color":"","overlay-opacity":"","overlay-gradient":""},"mobile":{"background-color":"","background-image":"","background-repeat":"repeat","background-position":"center center","background-size":"auto","background-attachment":"scroll","background-type":"","background-media":"","overlay-type":"","overlay-color":"","overlay-opacity":"","overlay-gradient":""}},"ast-content-background-meta":{"desktop":{"background-color":"var(--ast-global-color-5)","background-image":"","background-repeat":"repeat","background-position":"center center","background-size":"auto","background-attachment":"scroll","background-type":"","background-media":"","overlay-type":"","overlay-color":"","overlay-opacity":"","overlay-gradient":""},"tablet":{"background-color":"var(--ast-global-color-5)","background-image":"","background-repeat":"repeat","background-position":"center center","background-size":"auto","background-attachment":"scroll","background-type":"","background-media":"","overlay-type":"","overlay-color":"","overlay-opacity":"","overlay-gradient":""},"mobile":{"background-color":"var(--ast-global-color-5)","background-image":"","background-repeat":"repeat","background-position":"center center","background-size":"auto","background-attachment":"scroll","background-type":"","background-media":"","overlay-type":"","overlay-color":"","overlay-opacity":"","overlay-gradient":""}},"footnotes":""},"class_list":["post-223","page","type-page","status-publish","hentry"],"uagb_featured_image_src":{"full":false,"thumbnail":false,"medium":false,"medium_large":false,"large":false,"1536x1536":false,"2048x2048":false},"uagb_author_info":{"display_name":"admin","author_link":"https:\/\/berzsenyicell.hu\/index.php\/author\/cbg_admin\/"},"uagb_comment_info":0,"uagb_excerpt":"Bemutatkozik a CBG k\u00f3rus","_links":{"self":[{"href":"https:\/\/berzsenyicell.hu\/index.php\/wp-json\/wp\/v2\/pages\/223","targetHints":{"allow":["GET"]}}],"collection":[{"href":"https:\/\/berzsenyicell.hu\/index.php\/wp-json\/wp\/v2\/pages"}],"about":[{"href":"https:\/\/berzsenyicell.hu\/index.php\/wp-json\/wp\/v2\/types\/page"}],"author":[{"embeddable":true,"href":"https:\/\/berzsenyicell.hu\/index.php\/wp-json\/wp\/v2\/users\/1"}],"replies":[{"embeddable":true,"href":"https:\/\/berzsenyicell.hu\/index.php\/wp-json\/wp\/v2\/comments?post=223"}],"version-history":[{"count":9,"href":"https:\/\/berzsenyicell.hu\/index.php\/wp-json\/wp\/v2\/pages\/223\/revisions"}],"predecessor-version":[{"id":1792,"href":"https:\/\/berzsenyicell.hu\/index.php\/wp-json\/wp\/v2\/pages\/223\/revisions\/1792"}],"up":[{"embeddable":true,"href":"https:\/\/berzsenyicell.hu\/index.php\/wp-json\/wp\/v2\/pages\/219"}],"wp:attachment":[{"href":"https:\/\/berzsenyicell.hu\/index.php\/wp-json\/wp\/v2\/media?parent=223"}],"curies":[{"name":"wp","href":"https:\/\/api.w.org\/{rel}","templated":true}]}}