{"id":217,"date":"2023-07-27T17:32:54","date_gmt":"2023-07-27T15:32:54","guid":{"rendered":"https:\/\/w2.berzsenyicell.hu\/cbg\/?page_id=217"},"modified":"2025-10-06T22:15:57","modified_gmt":"2025-10-06T20:15:57","slug":"tanari-fogadoorak","status":"publish","type":"page","link":"https:\/\/berzsenyicell.hu\/index.php\/iskolapolgarok\/tanari-fogadoorak\/","title":{"rendered":"Tan\u00e1ri fogad\u00f3\u00f3r\u00e1k"},"content":{"rendered":"\r\n<div class=\"wp-block-uagb-container uagb-block-579cbb18 alignfull uagb-is-root-container\">\r\n<div class=\"uagb-container-inner-blocks-wrap\">\r\n<div class=\"wp-block-uagb-advanced-heading uagb-block-9ef5345b\">\r\n<h2 class=\"uagb-heading-text\">FOGAD\u00d3\u00d3RA ID\u0150PONTOK<br \/>2025\/2026. tan\u00e9v<\/h2>\r\n<\/div>\r\n<\/div>\r\n<\/div>\r\n\r\n\r\n\r\n<div class=\"wp-block-uagb-container uagb-block-9ea81dde alignfull uagb-is-root-container\">\r\n<div class=\"uagb-container-inner-blocks-wrap\">\r\n<figure class=\"wp-block-table is-style-stripes\">\r\n<table>\r\n<thead>\r\n<tr>\r\n<th>Pedag\u00f3gus neve<\/th>\r\n<th>Id\u0151pont<\/th>\r\n<\/tr>\r\n<\/thead>\r\n<tbody>\r\n<tr>\r\n<td>Dr. B\u00e9rdin\u00e9 Stipkovits Ildik\u00f3<\/td>\r\n<td>h\u00e9tf\u0151 3. \u00f3ra<\/td>\r\n<\/tr>\r\n<tr>\r\n<td>B\u00f6d\u00f6r Zsolt<\/td>\r\n<td>telefonos egyeztet\u00e9s alapj\u00e1n<\/td>\r\n<\/tr>\r\n<tr>\r\n<td>Feh\u00e9rn\u00e9 Gy\u00f6m\u00f6rey Katalin<\/td>\r\n<td>kedd 2. \u00f3ra<\/td>\r\n<\/tr>\r\n<tr>\r\n<td>F\u00f3di Georgina Vivien<\/td>\r\n<td>cs\u00fct\u00f6rt\u00f6k 2. \u00f3ra<\/td>\r\n<\/tr>\r\n<tr>\r\n<td>F\u00fcl\u00f6p Andr\u00e1s<\/td>\r\n<td>p\u00e9ntek 2. \u00f3ra<\/td>\r\n<\/tr>\r\n<tr>\r\n<td>Dr. Guly\u00e1sn\u00e9 Tinger T\u00fcnde<\/td>\r\n<td>h\u00e9tf\u0151 2. \u00f3ra<\/td>\r\n<\/tr>\r\n<tr>\r\n<td>Horv\u00e1th Konr\u00e1d<\/td>\r\n<td>kedd 5. \u00f3ra<\/td>\r\n<\/tr>\r\n<tr>\r\n<td>K\u00e1ntor Judit M\u00e1ria<\/td>\r\n<td>szerda 3. \u00f3ra<\/td>\r\n<\/tr>\r\n<tr>\r\n<td>Kissn\u00e9 T\u00f3th Gabriella<\/td>\r\n<td>kedd 3. \u00f3ra<\/td>\r\n<\/tr>\r\n<tr>\r\n<td>Kupi Mikl\u00f3s<\/td>\r\n<td>szerda 4. \u00f3ra<\/td>\r\n<\/tr>\r\n<tr>\r\n<td>Dr. Lennern\u00e9 Dr. Patk\u00f3 Ildik\u00f3<\/td>\r\n<td>p\u00e9ntek 2. \u00f3ra<\/td>\r\n<\/tr>\r\n<tr>\r\n<td>Moln\u00e1r Istv\u00e1n Lajosn\u00e9<\/td>\r\n<td>telefonos egyeztet\u00e9s alapj\u00e1n<\/td>\r\n<\/tr>\r\n<tr>\r\n<td>Nagy Andr\u00e1s<\/td>\r\n<td>szerda 5. \u00f3ra<\/td>\r\n<\/tr>\r\n<tr>\r\n<td>Nagy P\u00e9tern\u00e9<\/td>\r\n<td>szerda 4. \u00f3ra<\/td>\r\n<\/tr>\r\n<tr>\r\n<td>N\u00e9methn\u00e9 Benk\u0151 Katalin<\/td>\r\n<td>h\u00e9tf\u0151 7. \u00f3ra<\/td>\r\n<\/tr>\r\n<tr>\r\n<td>Obr\u00e1z Istv\u00e1n<\/td>\r\n<td>h\u00e9tf\u0151 3. \u00f3ra<\/td>\r\n<\/tr>\r\n<tr>\r\n<td>P\u00e1ln\u00e9 Horv\u00e1th Katalin<\/td>\r\n<td>sh\u00e9tf\u0151 2. \u00f3ra<\/td>\r\n<\/tr>\r\n<tr>\r\n<td>Polg\u00e1r \u00c9va<\/td>\r\n<td>kedd 4. \u00f3ra<\/td>\r\n<\/tr>\r\n<tr>\r\n<td>Rad\u00e1nyin\u00e9 Nov\u00e1ki M\u00e1rta<\/td>\r\n<td>szerda 2. \u00f3ra<\/td>\r\n<\/tr>\r\n<tr>\r\n<td>Rozm\u00e1nn\u00e9 Csiszl\u00e9r Di\u00e1na<\/td>\r\n<td>kedd 2. \u00f3ra<\/td>\r\n<\/tr>\r\n<tr>\r\n<td>Salamonn\u00e9 Cs\u00f3t\u00e1r Adrienn<\/td>\r\n<td>cs\u00fct\u00f6rt\u00f6k 4. \u00f3ra<\/td>\r\n<\/tr>\r\n<tr>\r\n<td>Sipos Tibor<\/td>\r\n<td>kedd 4. \u00f3ra<\/td>\r\n<\/tr>\r\n<tr>\r\n<td>Somogyin\u00e9 Pilter \u00c9va<\/td>\r\n<td>telefonos egyeztet\u00e9s alapj\u00e1n<\/td>\r\n<\/tr>\r\n<tr>\r\n<td>Szak\u00e1csn\u00e9 Bindics T\u00fcnde<\/td>\r\n<td>cs\u00fct\u00f6rt\u00f6k 1. \u00f3ra<\/td>\r\n<\/tr>\r\n<tr>\r\n<td>Szomju Tam\u00e1s<\/td>\r\n<td>szerda 4. \u00f3ra<\/td>\r\n<\/tr>\r\n<tr>\r\n<td>T\u00f3thn\u00e9 Bali Krisztina<\/td>\r\n<td>h\u00e9tf\u0151 3. \u00f3ra<\/td>\r\n<\/tr>\r\n<\/tbody>\r\n<\/table>\r\n<\/figure>\r\n<\/div>\r\n<\/div>\r\n","protected":false},"excerpt":{"rendered":"<p>FOGAD\u00d3\u00d3RA ID\u0150PONTOK2025\/2026. tan\u00e9v Pedag\u00f3gus neve Id\u0151pont Dr. B\u00e9rdin\u00e9 Stipkovits Ildik\u00f3 h\u00e9tf\u0151 3. \u00f3ra B\u00f6d\u00f6r Zsolt telefonos egyeztet\u00e9s alapj\u00e1n Feh\u00e9rn\u00e9 Gy\u00f6m\u00f6rey [&hellip;]<\/p>\n","protected":false},"author":1,"featured_media":0,"parent":205,"menu_order":30,"comment_status":"closed","ping_status":"closed","template":"","meta":{"_uag_custom_page_level_css":"","site-sidebar-layout":"default","site-content-layout":"default","ast-site-content-layout":"default","site-content-style":"default","site-sidebar-style":"default","ast-global-header-display":"","ast-banner-title-visibility":"","ast-main-header-display":"","ast-hfb-above-header-display":"","ast-hfb-below-header-display":"","ast-hfb-mobile-header-display":"","site-post-title":"","ast-breadcrumbs-content":"","ast-featured-img":"","footer-sml-layout":"","ast-disable-related-posts":"","theme-transparent-header-meta":"default","adv-header-id-meta":"","stick-header-meta":"default","header-above-stick-meta":"","header-main-stick-meta":"","header-below-stick-meta":"","astra-migrate-meta-layouts":"set","ast-page-background-enabled":"default","ast-page-background-meta":{"desktop":{"background-color":"var(--ast-global-color-4)","background-image":"","background-repeat":"repeat","background-position":"center center","background-size":"auto","background-attachment":"scroll","background-type":"","background-media":"","overlay-type":"","overlay-color":"","overlay-opacity":"","overlay-gradient":""},"tablet":{"background-color":"","background-image":"","background-repeat":"repeat","background-position":"center center","background-size":"auto","background-attachment":"scroll","background-type":"","background-media":"","overlay-type":"","overlay-color":"","overlay-opacity":"","overlay-gradient":""},"mobile":{"background-color":"","background-image":"","background-repeat":"repeat","background-position":"center center","background-size":"auto","background-attachment":"scroll","background-type":"","background-media":"","overlay-type":"","overlay-color":"","overlay-opacity":"","overlay-gradient":""}},"ast-content-background-meta":{"desktop":{"background-color":"var(--ast-global-color-5)","background-image":"","background-repeat":"repeat","background-position":"center center","background-size":"auto","background-attachment":"scroll","background-type":"","background-media":"","overlay-type":"","overlay-color":"","overlay-opacity":"","overlay-gradient":""},"tablet":{"background-color":"var(--ast-global-color-5)","background-image":"","background-repeat":"repeat","background-position":"center center","background-size":"auto","background-attachment":"scroll","background-type":"","background-media":"","overlay-type":"","overlay-color":"","overlay-opacity":"","overlay-gradient":""},"mobile":{"background-color":"var(--ast-global-color-5)","background-image":"","background-repeat":"repeat","background-position":"center center","background-size":"auto","background-attachment":"scroll","background-type":"","background-media":"","overlay-type":"","overlay-color":"","overlay-opacity":"","overlay-gradient":""}},"footnotes":""},"class_list":["post-217","page","type-page","status-publish","hentry"],"uagb_featured_image_src":{"full":false,"thumbnail":false,"medium":false,"medium_large":false,"large":false,"1536x1536":false,"2048x2048":false},"uagb_author_info":{"display_name":"admin","author_link":"https:\/\/berzsenyicell.hu\/index.php\/author\/cbg_admin\/"},"uagb_comment_info":0,"uagb_excerpt":"FOGAD\u00d3\u00d3RA ID\u0150PONTOK2025\/2026. tan\u00e9v Pedag\u00f3gus neve Id\u0151pont Dr. B\u00e9rdin\u00e9 Stipkovits Ildik\u00f3 h\u00e9tf\u0151 3. \u00f3ra B\u00f6d\u00f6r Zsolt telefonos egyeztet\u00e9s alapj\u00e1n Feh\u00e9rn\u00e9 Gy\u00f6m\u00f6rey [&hellip;]","_links":{"self":[{"href":"https:\/\/berzsenyicell.hu\/index.php\/wp-json\/wp\/v2\/pages\/217","targetHints":{"allow":["GET"]}}],"collection":[{"href":"https:\/\/berzsenyicell.hu\/index.php\/wp-json\/wp\/v2\/pages"}],"about":[{"href":"https:\/\/berzsenyicell.hu\/index.php\/wp-json\/wp\/v2\/types\/page"}],"author":[{"embeddable":true,"href":"https:\/\/berzsenyicell.hu\/index.php\/wp-json\/wp\/v2\/users\/1"}],"replies":[{"embeddable":true,"href":"https:\/\/berzsenyicell.hu\/index.php\/wp-json\/wp\/v2\/comments?post=217"}],"version-history":[{"count":6,"href":"https:\/\/berzsenyicell.hu\/index.php\/wp-json\/wp\/v2\/pages\/217\/revisions"}],"predecessor-version":[{"id":2512,"href":"https:\/\/berzsenyicell.hu\/index.php\/wp-json\/wp\/v2\/pages\/217\/revisions\/2512"}],"up":[{"embeddable":true,"href":"https:\/\/berzsenyicell.hu\/index.php\/wp-json\/wp\/v2\/pages\/205"}],"wp:attachment":[{"href":"https:\/\/berzsenyicell.hu\/index.php\/wp-json\/wp\/v2\/media?parent=217"}],"curies":[{"name":"wp","href":"https:\/\/api.w.org\/{rel}","templated":true}]}}