{"id":215,"date":"2023-07-27T17:32:25","date_gmt":"2023-07-27T15:32:25","guid":{"rendered":"https:\/\/w2.berzsenyicell.hu\/cbg\/?page_id=215"},"modified":"2023-09-11T21:16:23","modified_gmt":"2023-09-11T19:16:23","slug":"az-intezmeny-vezetese","status":"publish","type":"page","link":"https:\/\/berzsenyicell.hu\/index.php\/iskolapolgarok\/az-intezmeny-vezetese\/","title":{"rendered":"Az int\u00e9zm\u00e9ny vezet\u00e9se"},"content":{"rendered":"\n<div class=\"wp-block-uagb-container uagb-block-099732cb alignfull uagb-is-root-container\"><div class=\"uagb-container-inner-blocks-wrap\"><div class='rt-container-fluid rt-team-container rt-pos-r rt-team-container-808' id='rt-team-container-3201351576'  data-layout='layout3' data-desktop-col='3'  data-tab-col='3'  data-mobile-col='1' data-sc-id='808' data-popup-bg=''><div data-title='Loading ...' class='rt-row rt-content-loader layout3 ttp-even ttp-pre-loader'><div class=\"rt-col-md-4 rt-col-sm-4 rt-col-xs-12  even-grid-item rt-grid-item\" data-id=\"780\"><div class=\"single-team-area\"><figure><img loading=\"lazy\" decoding=\"async\" width=\"1025\" height=\"1536\" src=\"https:\/\/berzsenyicell.hu\/wp-content\/uploads\/2023\/08\/sipos_tibor_2021-1025x1536.jpg\" class=\"img-responsive rt-team-img\" alt=\"Sipos Tibor\" \/><\/figure><div class=\"tlp-content\"><h3><span class=\"team-name\">Sipos Tibor<\/span><\/h3><div class=\"tlp-position\">int\u00e9zm\u00e9nyvezet\u0151<\/div><\/div><div class=\"short-bio\"><p>testnevel\u00e9s szakos tan\u00e1r<\/p>\n<\/div><\/div><\/div><div class=\"rt-col-md-4 rt-col-sm-4 rt-col-xs-12  even-grid-item rt-grid-item\" data-id=\"792\"><div class=\"single-team-area\"><figure><img loading=\"lazy\" decoding=\"async\" width=\"1024\" height=\"1536\" src=\"https:\/\/berzsenyicell.hu\/wp-content\/uploads\/2023\/08\/tothne_bali_krisztina_2018_pp-1024x1536.jpg\" class=\"img-responsive rt-team-img\" alt=\"T\u00f3thn\u00e9 Bali Krisztina\" \/><\/figure><div class=\"tlp-content\"><h3><span class=\"team-name\">T\u00f3thn\u00e9 Bali Krisztina<\/span><\/h3><div class=\"tlp-position\">int\u00e9zm\u00e9nyvezet\u0151-helyettes<\/div><\/div><div class=\"short-bio\"><p>magyar nyelv \u00e9s irodalom szakos tan\u00e1r<\/p>\n<\/div><\/div><\/div><div class=\"rt-loading-overlay\"><\/div><div class=\"rt-loading rt-ball-clip-rotate\"><div><\/div><\/div><\/div><\/div><\/div><\/div>\n","protected":false},"excerpt":{"rendered":"","protected":false},"author":1,"featured_media":0,"parent":205,"menu_order":10,"comment_status":"closed","ping_status":"closed","template":"","meta":{"_uag_custom_page_level_css":"","site-sidebar-layout":"default","site-content-layout":"default","ast-site-content-layout":"default","site-content-style":"default","site-sidebar-style":"default","ast-global-header-display":"","ast-banner-title-visibility":"","ast-main-header-display":"","ast-hfb-above-header-display":"","ast-hfb-below-header-display":"","ast-hfb-mobile-header-display":"","site-post-title":"","ast-breadcrumbs-content":"","ast-featured-img":"","footer-sml-layout":"","ast-disable-related-posts":"","theme-transparent-header-meta":"default","adv-header-id-meta":"","stick-header-meta":"default","header-above-stick-meta":"","header-main-stick-meta":"","header-below-stick-meta":"","astra-migrate-meta-layouts":"set","ast-page-background-enabled":"default","ast-page-background-meta":{"desktop":{"background-color":"var(--ast-global-color-4)","background-image":"","background-repeat":"repeat","background-position":"center center","background-size":"auto","background-attachment":"scroll","background-type":"","background-media":"","overlay-type":"","overlay-color":"","overlay-opacity":"","overlay-gradient":""},"tablet":{"background-color":"","background-image":"","background-repeat":"repeat","background-position":"center center","background-size":"auto","background-attachment":"scroll","background-type":"","background-media":"","overlay-type":"","overlay-color":"","overlay-opacity":"","overlay-gradient":""},"mobile":{"background-color":"","background-image":"","background-repeat":"repeat","background-position":"center center","background-size":"auto","background-attachment":"scroll","background-type":"","background-media":"","overlay-type":"","overlay-color":"","overlay-opacity":"","overlay-gradient":""}},"ast-content-background-meta":{"desktop":{"background-color":"var(--ast-global-color-5)","background-image":"","background-repeat":"repeat","background-position":"center center","background-size":"auto","background-attachment":"scroll","background-type":"","background-media":"","overlay-type":"","overlay-color":"","overlay-opacity":"","overlay-gradient":""},"tablet":{"background-color":"var(--ast-global-color-5)","background-image":"","background-repeat":"repeat","background-position":"center center","background-size":"auto","background-attachment":"scroll","background-type":"","background-media":"","overlay-type":"","overlay-color":"","overlay-opacity":"","overlay-gradient":""},"mobile":{"background-color":"var(--ast-global-color-5)","background-image":"","background-repeat":"repeat","background-position":"center center","background-size":"auto","background-attachment":"scroll","background-type":"","background-media":"","overlay-type":"","overlay-color":"","overlay-opacity":"","overlay-gradient":""}},"footnotes":""},"class_list":["post-215","page","type-page","status-publish","hentry"],"uagb_featured_image_src":{"full":false,"thumbnail":false,"medium":false,"medium_large":false,"large":false,"1536x1536":false,"2048x2048":false},"uagb_author_info":{"display_name":"admin","author_link":"https:\/\/berzsenyicell.hu\/index.php\/author\/cbg_admin\/"},"uagb_comment_info":0,"uagb_excerpt":null,"_links":{"self":[{"href":"https:\/\/berzsenyicell.hu\/index.php\/wp-json\/wp\/v2\/pages\/215","targetHints":{"allow":["GET"]}}],"collection":[{"href":"https:\/\/berzsenyicell.hu\/index.php\/wp-json\/wp\/v2\/pages"}],"about":[{"href":"https:\/\/berzsenyicell.hu\/index.php\/wp-json\/wp\/v2\/types\/page"}],"author":[{"embeddable":true,"href":"https:\/\/berzsenyicell.hu\/index.php\/wp-json\/wp\/v2\/users\/1"}],"replies":[{"embeddable":true,"href":"https:\/\/berzsenyicell.hu\/index.php\/wp-json\/wp\/v2\/comments?post=215"}],"version-history":[{"count":9,"href":"https:\/\/berzsenyicell.hu\/index.php\/wp-json\/wp\/v2\/pages\/215\/revisions"}],"predecessor-version":[{"id":1893,"href":"https:\/\/berzsenyicell.hu\/index.php\/wp-json\/wp\/v2\/pages\/215\/revisions\/1893"}],"up":[{"embeddable":true,"href":"https:\/\/berzsenyicell.hu\/index.php\/wp-json\/wp\/v2\/pages\/205"}],"wp:attachment":[{"href":"https:\/\/berzsenyicell.hu\/index.php\/wp-json\/wp\/v2\/media?parent=215"}],"curies":[{"name":"wp","href":"https:\/\/api.w.org\/{rel}","templated":true}]}}