{"id":2107,"date":"2025-01-12T19:53:52","date_gmt":"2025-01-12T17:53:52","guid":{"rendered":"https:\/\/berzsenyicell.hu\/?page_id=2107"},"modified":"2026-02-03T11:16:50","modified_gmt":"2026-02-03T09:16:50","slug":"irasbeli-felveteli-vizsga-fontos-informaciok","status":"publish","type":"page","link":"https:\/\/berzsenyicell.hu\/index.php\/felveteli\/irasbeli-felveteli-vizsga-fontos-informaciok\/","title":{"rendered":"\u00cdr\u00e1sbeli felv\u00e9teli vizsga &#8211; fontos inform\u00e1ci\u00f3k"},"content":{"rendered":"<p>AZ \u00cdR\u00c1SBELI <strong>VIZSGA HELYSZ\u00cdNE:<\/strong> F\u0151\u00e9p\u00fclet, 9500 Celld\u00f6m\u00f6lk, Nagy S\u00e1ndor t\u00e9r 13<\/p>\n<p><strong>Magyar nyelv<\/strong> <strong>2026.01.24 10:00<\/strong><br \/>\n<strong>Matematika 2026.01.24 11:00<\/strong><\/p>\n<p>A vizsga el\u0151tti gy\u00fclekez\u00e9s helye : <strong>Aula 2026.01.24 09:40<\/strong><\/p>\n<p><strong>Haszn\u00e1lhat\u00f3 eszk\u00f6z\u00f6k:<\/strong><\/p>\n<p>A rajzokat ceruz\u00e1val, minden egy\u00e9b \u00edr\u00e1sbeli munk\u00e1t k\u00e9k vagy fekete sz\u00edn\u0171 nem halv\u00e1nyul\u00f3, nem rad\u00edrozhat\u00f3 tint\u00e1val (goly\u00f3stollal) kell elk\u00e9sz\u00edteni. A feladatlapok megold\u00e1sa sor\u00e1n a feladatlapon tal\u00e1lhat\u00f3 instrukci\u00f3k szerint kell elj\u00e1rni. Sz\u00f6vegkiemel\u0151, hibajav\u00edt\u00f3 fest\u00e9k nem haszn\u00e1lhat\u00f3.<br \/>\nA <strong>magyar nyelvi feladatlapok kit\u00f6lt\u00e9s\u00e9hez seg\u00e9deszk\u00f6z nem haszn\u00e1lhat\u00f3.<\/strong><br \/>\nA <strong>matematika<\/strong> feladatlapok kit\u00f6lt\u00e9s\u00e9hez haszn\u00e1lhat\u00f3 seg\u00e9deszk\u00f6z\u00f6k: <strong>vonalz\u00f3, k\u00f6rz\u0151, sz\u00f6gm\u00e9r\u0151.<\/strong> Egy\u00e9b seg\u00e9deszk\u00f6z nem haszn\u00e1lhat\u00f3.<\/p>\n<p><strong>A vizsg\u00e1ra felt\u00e9tlen\u00fcl hozza mag\u00e1val a k\u00f6vetkez\u0151ket:<\/strong><br \/>\n\u2013 szem\u00e9lyazonos\u00edt\u00e1s\u00e1ra alkalmas igazolv\u00e1nyt (di\u00e1kigazolv\u00e1nyt vagy szem\u00e9lyi igazolv\u00e1nyt),<br \/>\n\u2013 felv\u00e9teli \u00e9rtes\u00edt\u0151t.<\/p>\n<p><strong>A MEGTEKINT\u00c9S HELYSZ\u00cdNE \u00c9S ID\u0150PONTJA<\/strong><br \/>\nA k\u00e9s\u0151bbiekben tessz\u00fck k\u00f6zz\u00e9.<\/p>\n<p>Az \u00edr\u00e1sbeli vizsga ki\u00e9rt\u00e9kelt dolgozatait a vizsg\u00e1z\u00f3 \u00e9s sz\u00fcl\u0151je az iskola k\u00e9pvisel\u0151j\u00e9nek jelenl\u00e9t\u00e9ben,\u00a0 a fenti helyen \u00e9s id\u0151ben megtekintheti, azokr\u00f3l k\u00e9zzel vagy elektronikus \u00faton m\u00e1solatot k\u00e9sz\u00edthet, \u00e9s \u2013 kiz\u00e1r\u00f3lag a hivatalos jav\u00edt\u00e1si-\u00e9rt\u00e9kel\u00e9si \u00fatmutat\u00f3t\u00f3l elt\u00e9r\u0151 \u00e9rt\u00e9kel\u00e9s eset\u00e9n \u2013 az \u00e9rt\u00e9kel\u00e9sre \u00e9szrev\u00e9telt tehet.<\/p>\n<p>A vizsg\u00e1z\u00f3 \u00e9szrev\u00e9teleit a megtekint\u00e9st k\u00f6vet\u0151 els\u0151 munkanap v\u00e9g\u00e9ig \u2013 tizenhat \u00f3r\u00e1ig \u2013 \u00edr\u00e1sban adhatja le. Az \u00e9szrev\u00e9tel beny\u00fajt\u00e1s\u00e1ra nyitva \u00e1ll\u00f3 hat\u00e1rid\u0151 elmulaszt\u00e1sa eset\u00e9n egy napon bel\u00fcl lehet igazol\u00e1si k\u00e9relmet beny\u00fajtani. Az igazol\u00e1si k\u00e9relem beny\u00fajt\u00e1si hat\u00e1rideje jogveszt\u0151.<\/p>\n<p>A k\u00f6zponti \u00edr\u00e1sbeli vizsga <strong>eredm\u00e9ny\u00e9r\u0151l a vizsg\u00e1t szervez\u0151 k\u00f6z\u00e9piskola 2026. febru\u00e1r 13-ig k\u00f6zvetlen\u00fcl t\u00e1j\u00e9koztatja a vizsg\u00e1z\u00f3ka<\/strong>t.<\/p>\n<p>A k\u00f6zponti \u00edr\u00e1sbeli felv\u00e9teli vizsg\u00e1hoz sok sikert k\u00edv\u00e1nunk!<\/p>\n<p>&nbsp;<\/p>\n","protected":false},"excerpt":{"rendered":"<p>AZ \u00cdR\u00c1SBELI VIZSGA HELYSZ\u00cdNE: F\u0151\u00e9p\u00fclet, 9500 Celld\u00f6m\u00f6lk, Nagy S\u00e1ndor t\u00e9r 13 Magyar nyelv 2026.01.24 10:00 Matematika 2026.01.24 11:00 A vizsga [&hellip;]<\/p>\n","protected":false},"author":3,"featured_media":0,"parent":247,"menu_order":60,"comment_status":"closed","ping_status":"closed","template":"","meta":{"_uag_custom_page_level_css":"","site-sidebar-layout":"default","site-content-layout":"","ast-site-content-layout":"default","site-content-style":"default","site-sidebar-style":"default","ast-global-header-display":"","ast-banner-title-visibility":"","ast-main-header-display":"","ast-hfb-above-header-display":"","ast-hfb-below-header-display":"","ast-hfb-mobile-header-display":"","site-post-title":"","ast-breadcrumbs-content":"","ast-featured-img":"","footer-sml-layout":"","ast-disable-related-posts":"","theme-transparent-header-meta":"default","adv-header-id-meta":"","stick-header-meta":"default","header-above-stick-meta":"","header-main-stick-meta":"","header-below-stick-meta":"","astra-migrate-meta-layouts":"set","ast-page-background-enabled":"default","ast-page-background-meta":{"desktop":{"background-color":"var(--ast-global-color-4)","background-image":"","background-repeat":"repeat","background-position":"center center","background-size":"auto","background-attachment":"scroll","background-type":"","background-media":"","overlay-type":"","overlay-color":"","overlay-opacity":"","overlay-gradient":""},"tablet":{"background-color":"","background-image":"","background-repeat":"repeat","background-position":"center center","background-size":"auto","background-attachment":"scroll","background-type":"","background-media":"","overlay-type":"","overlay-color":"","overlay-opacity":"","overlay-gradient":""},"mobile":{"background-color":"","background-image":"","background-repeat":"repeat","background-position":"center center","background-size":"auto","background-attachment":"scroll","background-type":"","background-media":"","overlay-type":"","overlay-color":"","overlay-opacity":"","overlay-gradient":""}},"ast-content-background-meta":{"desktop":{"background-color":"var(--ast-global-color-5)","background-image":"","background-repeat":"repeat","background-position":"center center","background-size":"auto","background-attachment":"scroll","background-type":"","background-media":"","overlay-type":"","overlay-color":"","overlay-opacity":"","overlay-gradient":""},"tablet":{"background-color":"var(--ast-global-color-5)","background-image":"","background-repeat":"repeat","background-position":"center center","background-size":"auto","background-attachment":"scroll","background-type":"","background-media":"","overlay-type":"","overlay-color":"","overlay-opacity":"","overlay-gradient":""},"mobile":{"background-color":"var(--ast-global-color-5)","background-image":"","background-repeat":"repeat","background-position":"center center","background-size":"auto","background-attachment":"scroll","background-type":"","background-media":"","overlay-type":"","overlay-color":"","overlay-opacity":"","overlay-gradient":""}},"footnotes":""},"class_list":["post-2107","page","type-page","status-publish","hentry"],"uagb_featured_image_src":{"full":false,"thumbnail":false,"medium":false,"medium_large":false,"large":false,"1536x1536":false,"2048x2048":false},"uagb_author_info":{"display_name":"Rad\u00e1nyin\u00e9 Nov\u00e1ki M\u00e1rta","author_link":"https:\/\/berzsenyicell.hu\/index.php\/author\/marti\/"},"uagb_comment_info":0,"uagb_excerpt":"AZ \u00cdR\u00c1SBELI VIZSGA HELYSZ\u00cdNE: F\u0151\u00e9p\u00fclet, 9500 Celld\u00f6m\u00f6lk, Nagy S\u00e1ndor t\u00e9r 13 Magyar nyelv 2026.01.24 10:00 Matematika 2026.01.24 11:00 A vizsga [&hellip;]","_links":{"self":[{"href":"https:\/\/berzsenyicell.hu\/index.php\/wp-json\/wp\/v2\/pages\/2107","targetHints":{"allow":["GET"]}}],"collection":[{"href":"https:\/\/berzsenyicell.hu\/index.php\/wp-json\/wp\/v2\/pages"}],"about":[{"href":"https:\/\/berzsenyicell.hu\/index.php\/wp-json\/wp\/v2\/types\/page"}],"author":[{"embeddable":true,"href":"https:\/\/berzsenyicell.hu\/index.php\/wp-json\/wp\/v2\/users\/3"}],"replies":[{"embeddable":true,"href":"https:\/\/berzsenyicell.hu\/index.php\/wp-json\/wp\/v2\/comments?post=2107"}],"version-history":[{"count":4,"href":"https:\/\/berzsenyicell.hu\/index.php\/wp-json\/wp\/v2\/pages\/2107\/revisions"}],"predecessor-version":[{"id":2584,"href":"https:\/\/berzsenyicell.hu\/index.php\/wp-json\/wp\/v2\/pages\/2107\/revisions\/2584"}],"up":[{"embeddable":true,"href":"https:\/\/berzsenyicell.hu\/index.php\/wp-json\/wp\/v2\/pages\/247"}],"wp:attachment":[{"href":"https:\/\/berzsenyicell.hu\/index.php\/wp-json\/wp\/v2\/media?parent=2107"}],"curies":[{"name":"wp","href":"https:\/\/api.w.org\/{rel}","templated":true}]}}