{"id":1800,"date":"2026-05-06T19:01:00","date_gmt":"2026-05-06T17:01:00","guid":{"rendered":"https:\/\/berzsenyicell.hu\/?page_id=1800"},"modified":"2026-05-06T19:01:00","modified_gmt":"2026-05-06T17:01:00","slug":"rendkivuli-felveteli-2","status":"publish","type":"page","link":"https:\/\/berzsenyicell.hu\/index.php\/rendkivuli-felveteli-2\/","title":{"rendered":"Rendk\u00edv\u00fcli felv\u00e9teli"},"content":{"rendered":"<div style=\"font-size: 1.2rem; text-align: justify; line-height: 1.6; font-family: 'Segoe UI', Tahoma, Geneva, Verdana, sans-serif; max-width: 800px; margin: 0 auto; color: #333;\">\n<h1 style=\"text-align: center; color: #000; font-size: 1.8rem; margin-bottom: 30px;\">RENDK\u00cdV\u00dcLI FELV\u00c9TELI ELJ\u00c1R\u00c1S<\/h1>\n<p>Iskol\u00e1nk rendk\u00edv\u00fcli felv\u00e9teli elj\u00e1r\u00e1s keret\u00e9ben felv\u00e9telt k\u00edn\u00e1l a 2026-27. tan\u00e9vben indul\u00f3<br \/>\n<strong>\u00e1ltal\u00e1nos tanterv\u0171 (0001)<\/strong> \u00e9s <strong>emelt testnevel\u00e9s (0004)<\/strong> k\u00e9pz\u00e9seire.<\/p>\n<p>Amennyiben a tanul\u00f3 az \u00e1ltal\u00e1nos felv\u00e9teli elj\u00e1r\u00e1s id\u0151szak\u00e1ban nem nyert felv\u00e9telt egy<br \/>\nk\u00f6z\u00e9pfok\u00fa int\u00e9zm\u00e9nybe sem, vagy felv\u00e9telt nyert, de b\u00e1rmilyen okb\u00f3l megv\u00e1ltoztatja d\u00f6nt\u00e9s\u00e9t \u00fagy \u2013 a <strong>2026. m\u00e1jus 11. \u00e9s augusztus 31. k\u00f6z\u00f6tt<\/strong> megtarthat\u00f3 rendk\u00edv\u00fcli felv\u00e9teli elj\u00e1r\u00e1s sor\u00e1n \u2013 egy\u00e9nileg, k\u00f6zvetlen\u00fcl az \u00e1ltala v\u00e1lasztott k\u00f6z\u00e9pfok\u00fa iskol\u00e1ban val\u00f3 jelentkez\u00e9ssel, egyeztet\u00e9ssel k\u00e9rheti felv\u00e9tel\u00e9t b\u00e1rmely olyan k\u00f6z\u00e9pfok\u00fa int\u00e9zm\u00e9nybe, amelynek az \u00e1ltal\u00e1nos felv\u00e9teli elj\u00e1r\u00e1s lez\u00e1rul\u00e1sa ut\u00e1n maradtak bet\u00f6ltetlen f\u00e9r\u0151helyei.<\/p>\n<p>A rendk\u00edv\u00fcli felv\u00e9teli elj\u00e1r\u00e1sban val\u00f3 r\u00e9szv\u00e9tel m\u00f3dj\u00e1t \u00e9s felt\u00e9telrendszer\u00e9t a fogad\u00f3<br \/>\nk\u00f6z\u00e9pfok\u00fa iskola igazgat\u00f3ja hat\u00e1rozza meg. Az int\u00e9zm\u00e9ny vezet\u0151j\u00e9nek pozit\u00edv d\u00f6nt\u00e9s\u00e9t<br \/>\nk\u00f6vet\u0151en a tanul\u00f3 beiratkozhat a k\u00f6z\u00e9piskol\u00e1ba.<\/p>\n<p>Int\u00e9zm\u00e9ny\u00fcnkbe az el\u0151zetes jelentkez\u00e9s szem\u00e9lyesen t\u00f6rt\u00e9nik, a szem\u00e9lyes besz\u00e9lget\u00e9s<br \/>\nid\u0151pontj\u00e1t az iskolatitk\u00e1r egyezteti. A felv\u00e9teli d\u00f6nt\u00e9s sor\u00e1n figyelembe vessz\u00fck a<br \/>\nhozott tanulm\u00e1nyi pontokat.<\/p>\n<div style=\"background-color: #f9f9f9; border-left: 5px solid #ccc; padding: 15px; margin: 20px 0; font-style: italic;\"><strong>\u00c1LTAL\u00c1NOS GIMN\u00c1ZIUMI k\u00e9pz\u00e9s (0001)<\/strong><br \/>\nFelv\u00e9teli vizsga nincs, felv\u00e9tel csak a tanulm\u00e1nyi eredm\u00e9nyek alapj\u00e1n t\u00f6rt\u00e9nik!<br \/>\ntanulm\u00e1nyi pontok:<br \/>\n\u2022 7. oszt\u00e1ly: \u00e9v v\u00e9gi magyar nyelv (1-5 pont), magyar irodalom (1-5 pont), t\u00f6rt\u00e9nelem (1-5<br \/>\npont), matematika (1-5 pont), idegen nyelv (1-5 pont)<br \/>\n\u2022 8. oszt\u00e1ly I. f\u00e9l\u00e9vi magyar nyelv (1-5 pont), magyar irodalom (1-5 pont), t\u00f6rt\u00e9nelem (1-5<br \/>\npont), matematika (1-5 pont), idegen nyelv (1-5 pont)<br \/>\nEl\u00e9rhet\u0151 pontsz\u00e1m \u00f6sszesen: 50 pont, amely a k\u00f6vetkez\u0151 pontsz\u00e1mokb\u00f3l tev\u0151dik<br \/>\n\u00f6ssze:<br \/>\n7. oszt\u00e1ly \u00e9v v\u00e9gi pontok: max. 25 pont<br \/>\n8. oszt\u00e1ly f\u00e9l\u00e9vi pontok: max. 25 pont<\/p>\n<p><strong>TESTNEVEL\u00c9S emelt szint\u0171 k\u00e9pz\u00e9s (0004)<\/strong><br \/>\nFelv\u00e9tel a tanulm\u00e1nyi eredm\u00e9nyek alapj\u00e1n t\u00f6rt\u00e9nik.<br \/>\ntanulm\u00e1nyi pontok:<br \/>\n\u2022 7. oszt\u00e1ly: \u00e9v v\u00e9gi magyar nyelv \u00e9s magyar irodalom (1-5 pont), t\u00f6rt\u00e9nelem (1-5 pont),<br \/>\nmatematika (1-5 pont), idegen nyelv (1-5 pont) testnevel\u00e9s ( 1-5 pont )<br \/>\n\u2022 8. oszt\u00e1ly I. f\u00e9l\u00e9vi magyar nyelv \u00e9s magyar irodalom (1-5 pont), t\u00f6rt\u00e9nelem (1-5 pont),<br \/>\nmatematika (1-5 pont), idegen nyelv (1-5 pont) testnevel\u00e9s ( 1-5 pont )<br \/>\nEl\u00e9rhet\u0151 pontsz\u00e1m \u00f6sszesen: 50 pont, amely a k\u00f6vetkez\u0151 pontsz\u00e1mokb\u00f3l tev\u0151dik<br \/>\n\u00f6ssze:<br \/>\n7. oszt\u00e1ly \u00e9v v\u00e9gi pontok: max. 25 pont<br \/>\n8. oszt\u00e1ly f\u00e9l\u00e9vi pontok: max. 25 pont<\/div>\n<p style=\"text-align: right; margin-top: 40px; font-weight: bold;\">Sipos Tibor<br \/>\nigazgat\u00f3<\/p>\n<\/div>\n","protected":false},"excerpt":{"rendered":"<p>RENDK\u00cdV\u00dcLI FELV\u00c9TELI ELJ\u00c1R\u00c1S Iskol\u00e1nk rendk\u00edv\u00fcli felv\u00e9teli elj\u00e1r\u00e1s keret\u00e9ben felv\u00e9telt k\u00edn\u00e1l a 2026-27. tan\u00e9vben indul\u00f3 \u00e1ltal\u00e1nos tanterv\u0171 (0001) \u00e9s emelt testnevel\u00e9s [&hellip;]<\/p>\n","protected":false},"author":3,"featured_media":0,"parent":0,"menu_order":0,"comment_status":"closed","ping_status":"closed","template":"","meta":{"_uag_custom_page_level_css":"","site-sidebar-layout":"default","site-content-layout":"","ast-site-content-layout":"default","site-content-style":"default","site-sidebar-style":"default","ast-global-header-display":"","ast-banner-title-visibility":"","ast-main-header-display":"","ast-hfb-above-header-display":"","ast-hfb-below-header-display":"","ast-hfb-mobile-header-display":"","site-post-title":"","ast-breadcrumbs-content":"","ast-featured-img":"","footer-sml-layout":"","ast-disable-related-posts":"","theme-transparent-header-meta":"default","adv-header-id-meta":"","stick-header-meta":"default","header-above-stick-meta":"","header-main-stick-meta":"","header-below-stick-meta":"","astra-migrate-meta-layouts":"set","ast-page-background-enabled":"default","ast-page-background-meta":{"desktop":{"background-color":"var(--ast-global-color-4)","background-image":"","background-repeat":"repeat","background-position":"center center","background-size":"auto","background-attachment":"scroll","background-type":"","background-media":"","overlay-type":"","overlay-color":"","overlay-opacity":"","overlay-gradient":""},"tablet":{"background-color":"","background-image":"","background-repeat":"repeat","background-position":"center center","background-size":"auto","background-attachment":"scroll","background-type":"","background-media":"","overlay-type":"","overlay-color":"","overlay-opacity":"","overlay-gradient":""},"mobile":{"background-color":"","background-image":"","background-repeat":"repeat","background-position":"center center","background-size":"auto","background-attachment":"scroll","background-type":"","background-media":"","overlay-type":"","overlay-color":"","overlay-opacity":"","overlay-gradient":""}},"ast-content-background-meta":{"desktop":{"background-color":"var(--ast-global-color-5)","background-image":"","background-repeat":"repeat","background-position":"center center","background-size":"auto","background-attachment":"scroll","background-type":"","background-media":"","overlay-type":"","overlay-color":"","overlay-opacity":"","overlay-gradient":""},"tablet":{"background-color":"var(--ast-global-color-5)","background-image":"","background-repeat":"repeat","background-position":"center center","background-size":"auto","background-attachment":"scroll","background-type":"","background-media":"","overlay-type":"","overlay-color":"","overlay-opacity":"","overlay-gradient":""},"mobile":{"background-color":"var(--ast-global-color-5)","background-image":"","background-repeat":"repeat","background-position":"center center","background-size":"auto","background-attachment":"scroll","background-type":"","background-media":"","overlay-type":"","overlay-color":"","overlay-opacity":"","overlay-gradient":""}},"footnotes":""},"class_list":["post-1800","page","type-page","status-publish","hentry"],"uagb_featured_image_src":{"full":false,"thumbnail":false,"medium":false,"medium_large":false,"large":false,"1536x1536":false,"2048x2048":false},"uagb_author_info":{"display_name":"Rad\u00e1nyin\u00e9 Nov\u00e1ki M\u00e1rta","author_link":"https:\/\/berzsenyicell.hu\/index.php\/author\/marti\/"},"uagb_comment_info":0,"uagb_excerpt":"RENDK\u00cdV\u00dcLI FELV\u00c9TELI ELJ\u00c1R\u00c1S Iskol\u00e1nk rendk\u00edv\u00fcli felv\u00e9teli elj\u00e1r\u00e1s keret\u00e9ben felv\u00e9telt k\u00edn\u00e1l a 2026-27. tan\u00e9vben indul\u00f3 \u00e1ltal\u00e1nos tanterv\u0171 (0001) \u00e9s emelt testnevel\u00e9s [&hellip;]","_links":{"self":[{"href":"https:\/\/berzsenyicell.hu\/index.php\/wp-json\/wp\/v2\/pages\/1800","targetHints":{"allow":["GET"]}}],"collection":[{"href":"https:\/\/berzsenyicell.hu\/index.php\/wp-json\/wp\/v2\/pages"}],"about":[{"href":"https:\/\/berzsenyicell.hu\/index.php\/wp-json\/wp\/v2\/types\/page"}],"author":[{"embeddable":true,"href":"https:\/\/berzsenyicell.hu\/index.php\/wp-json\/wp\/v2\/users\/3"}],"replies":[{"embeddable":true,"href":"https:\/\/berzsenyicell.hu\/index.php\/wp-json\/wp\/v2\/comments?post=1800"}],"version-history":[{"count":6,"href":"https:\/\/berzsenyicell.hu\/index.php\/wp-json\/wp\/v2\/pages\/1800\/revisions"}],"predecessor-version":[{"id":3086,"href":"https:\/\/berzsenyicell.hu\/index.php\/wp-json\/wp\/v2\/pages\/1800\/revisions\/3086"}],"wp:attachment":[{"href":"https:\/\/berzsenyicell.hu\/index.php\/wp-json\/wp\/v2\/media?parent=1800"}],"curies":[{"name":"wp","href":"https:\/\/api.w.org\/{rel}","templated":true}]}}