{"id":1759,"date":"2024-04-17T19:20:36","date_gmt":"2024-04-17T17:20:36","guid":{"rendered":"https:\/\/berzsenyicell.hu\/?page_id=1759"},"modified":"2025-04-07T18:40:32","modified_gmt":"2025-04-07T16:40:32","slug":"erettsegi","status":"publish","type":"page","link":"https:\/\/berzsenyicell.hu\/index.php\/erettsegi\/","title":{"rendered":"\u00c9retts\u00e9gi"},"content":{"rendered":"<h2><strong>Fizika &#8211; k\u00eds\u00e9rletek<\/strong><\/h2>\r\n\r\n\r\n<div class=\"wp-block-uagb-container uagb-block-76e045a6 alignfull uagb-is-root-container\"><div class=\"uagb-container-inner-blocks-wrap\">\r\n<div class=\"wp-block-file\"><object class=\"wp-block-file__embed\" data=\"https:\/\/berzsenyicell.hu\/wp-content\/uploads\/2025\/04\/szobeli_fizika_2025.pdf\" type=\"application\/pdf\" style=\"width:100%;height:600px\" aria-label=\"Fizika_2025\"><\/object><a id=\"wp-block-file--media-8cbc29f4-2aff-481e-9205-ae1968795155\" href=\"https:\/\/berzsenyicell.hu\/wp-content\/uploads\/2025\/04\/szobeli_fizika_2025.pdf\" target=\"_blank\" rel=\"noreferrer noopener\">Nyomtathat\u00f3 verzi\u00f3<\/a><\/div>\r\n<\/div><\/div>\r\n\r\n","protected":false},"excerpt":{"rendered":"<p>Fizika &#8211; k\u00eds\u00e9rletek<\/p>\n","protected":false},"author":3,"featured_media":0,"parent":0,"menu_order":0,"comment_status":"closed","ping_status":"closed","template":"","meta":{"_uag_custom_page_level_css":"","site-sidebar-layout":"default","site-content-layout":"","ast-site-content-layout":"default","site-content-style":"default","site-sidebar-style":"default","ast-global-header-display":"","ast-banner-title-visibility":"","ast-main-header-display":"","ast-hfb-above-header-display":"","ast-hfb-below-header-display":"","ast-hfb-mobile-header-display":"","site-post-title":"","ast-breadcrumbs-content":"","ast-featured-img":"","footer-sml-layout":"","ast-disable-related-posts":"","theme-transparent-header-meta":"default","adv-header-id-meta":"","stick-header-meta":"default","header-above-stick-meta":"","header-main-stick-meta":"","header-below-stick-meta":"","astra-migrate-meta-layouts":"set","ast-page-background-enabled":"default","ast-page-background-meta":{"desktop":{"background-color":"var(--ast-global-color-4)","background-image":"","background-repeat":"repeat","background-position":"center center","background-size":"auto","background-attachment":"scroll","background-type":"","background-media":"","overlay-type":"","overlay-color":"","overlay-opacity":"","overlay-gradient":""},"tablet":{"background-color":"","background-image":"","background-repeat":"repeat","background-position":"center center","background-size":"auto","background-attachment":"scroll","background-type":"","background-media":"","overlay-type":"","overlay-color":"","overlay-opacity":"","overlay-gradient":""},"mobile":{"background-color":"","background-image":"","background-repeat":"repeat","background-position":"center center","background-size":"auto","background-attachment":"scroll","background-type":"","background-media":"","overlay-type":"","overlay-color":"","overlay-opacity":"","overlay-gradient":""}},"ast-content-background-meta":{"desktop":{"background-color":"var(--ast-global-color-5)","background-image":"","background-repeat":"repeat","background-position":"center center","background-size":"auto","background-attachment":"scroll","background-type":"","background-media":"","overlay-type":"","overlay-color":"","overlay-opacity":"","overlay-gradient":""},"tablet":{"background-color":"var(--ast-global-color-5)","background-image":"","background-repeat":"repeat","background-position":"center center","background-size":"auto","background-attachment":"scroll","background-type":"","background-media":"","overlay-type":"","overlay-color":"","overlay-opacity":"","overlay-gradient":""},"mobile":{"background-color":"var(--ast-global-color-5)","background-image":"","background-repeat":"repeat","background-position":"center center","background-size":"auto","background-attachment":"scroll","background-type":"","background-media":"","overlay-type":"","overlay-color":"","overlay-opacity":"","overlay-gradient":""}},"footnotes":""},"class_list":["post-1759","page","type-page","status-publish","hentry"],"uagb_featured_image_src":{"full":false,"thumbnail":false,"medium":false,"medium_large":false,"large":false,"1536x1536":false,"2048x2048":false},"uagb_author_info":{"display_name":"Rad\u00e1nyin\u00e9 Nov\u00e1ki M\u00e1rta","author_link":"https:\/\/berzsenyicell.hu\/index.php\/author\/marti\/"},"uagb_comment_info":0,"uagb_excerpt":"Fizika &#8211; k\u00eds\u00e9rletek","_links":{"self":[{"href":"https:\/\/berzsenyicell.hu\/index.php\/wp-json\/wp\/v2\/pages\/1759","targetHints":{"allow":["GET"]}}],"collection":[{"href":"https:\/\/berzsenyicell.hu\/index.php\/wp-json\/wp\/v2\/pages"}],"about":[{"href":"https:\/\/berzsenyicell.hu\/index.php\/wp-json\/wp\/v2\/types\/page"}],"author":[{"embeddable":true,"href":"https:\/\/berzsenyicell.hu\/index.php\/wp-json\/wp\/v2\/users\/3"}],"replies":[{"embeddable":true,"href":"https:\/\/berzsenyicell.hu\/index.php\/wp-json\/wp\/v2\/comments?post=1759"}],"version-history":[{"count":10,"href":"https:\/\/berzsenyicell.hu\/index.php\/wp-json\/wp\/v2\/pages\/1759\/revisions"}],"predecessor-version":[{"id":2237,"href":"https:\/\/berzsenyicell.hu\/index.php\/wp-json\/wp\/v2\/pages\/1759\/revisions\/2237"}],"wp:attachment":[{"href":"https:\/\/berzsenyicell.hu\/index.php\/wp-json\/wp\/v2\/media?parent=1759"}],"curies":[{"name":"wp","href":"https:\/\/api.w.org\/{rel}","templated":true}]}}