{"id":11,"date":"2023-07-17T18:15:26","date_gmt":"2023-07-17T18:15:26","guid":{"rendered":"https:\/\/w2.berzsenyicell.hu\/cbg\/?page_id=11"},"modified":"2024-09-03T20:49:36","modified_gmt":"2024-09-03T18:49:36","slug":"tanaraink","status":"publish","type":"page","link":"https:\/\/berzsenyicell.hu\/index.php\/iskolapolgarok\/tanaraink\/","title":{"rendered":"Tan\u00e1raink"},"content":{"rendered":"\r\n<div class=\"wp-block-uagb-container uagb-block-02d2b171 alignfull uagb-is-root-container\"><div class=\"uagb-container-inner-blocks-wrap\"><div class='rt-container-fluid rt-team-container rt-pos-r rt-team-container-783' id='rt-team-container-3691826868'  data-layout='layout3' data-desktop-col='4'  data-tab-col='2'  data-mobile-col='1' data-sc-id='783' data-popup-bg=''><div data-title='Loading ...' class='rt-row rt-content-loader layout3 ttp-even ttp-pre-loader'><div class=\"rt-col-md-3 rt-col-sm-6 rt-col-xs-12  even-grid-item rt-grid-item\" data-id=\"787\"><div class=\"single-team-area\"><figure><img loading=\"lazy\" decoding=\"async\" width=\"1024\" height=\"1536\" src=\"https:\/\/berzsenyicell.hu\/wp-content\/uploads\/2023\/08\/bodor_zsolt_2022-1024x1536.jpg\" class=\"img-responsive rt-team-img\" alt=\"B\u00f6d\u00f6r Zsolt\" \/><\/figure><div class=\"tlp-content\"><h3><span class=\"team-name\">B\u00f6d\u00f6r Zsolt<\/span><\/h3><div class=\"tlp-position\">\u00f3raad\u00f3<\/div><\/div><div class=\"short-bio\"><p>fizika szakos tan\u00e1r<\/p>\n<\/div><\/div><\/div><div class=\"rt-col-md-3 rt-col-sm-6 rt-col-xs-12  even-grid-item rt-grid-item\" data-id=\"796\"><div class=\"single-team-area\"><figure><img loading=\"lazy\" decoding=\"async\" width=\"1024\" height=\"1536\" src=\"https:\/\/berzsenyicell.hu\/wp-content\/uploads\/2023\/09\/hasprai_melinda_2018_pp-1024x1536.jpg\" class=\"img-responsive rt-team-img\" alt=\"Cseke-Hasprai Melinda\" \/><\/figure><div class=\"tlp-content\"><h3><span class=\"team-name\">Cseke-Hasprai Melinda<\/span><\/h3><\/div><div class=\"short-bio\"><p>angol nyelv szakos tan\u00e1r<\/p>\n<\/div><\/div><\/div><div class=\"rt-col-md-3 rt-col-sm-6 rt-col-xs-12  even-grid-item rt-grid-item\" data-id=\"786\"><div class=\"single-team-area\"><figure><img loading=\"lazy\" decoding=\"async\" width=\"1020\" height=\"1536\" src=\"https:\/\/berzsenyicell.hu\/wp-content\/uploads\/2025\/02\/dr_berdine_s_ildiko_2025-1020x1536.jpg\" class=\"img-responsive rt-team-img\" alt=\"dr. B\u00e9rdin\u00e9 Stipkovits Ildik\u00f3\" \/><\/figure><div class=\"tlp-content\"><h3><span class=\"team-name\">dr. B\u00e9rdin\u00e9 Stipkovits Ildik\u00f3<\/span><\/h3><div class=\"tlp-position\">oszt\u00e1lyf\u0151n\u00f6ki munkak\u00f6z\u00f6ss\u00e9g-vezet\u0151<\/div><\/div><div class=\"short-bio\"><p>matematika- \u00e9nek-zene- m\u00e9dia- m\u0171v\u00e9szetek szakos tan\u00e1r<\/p>\n<\/div><\/div><\/div><div class=\"rt-col-md-3 rt-col-sm-6 rt-col-xs-12  even-grid-item rt-grid-item\" data-id=\"795\"><div class=\"single-team-area\"><figure><img loading=\"lazy\" decoding=\"async\" width=\"1020\" height=\"1536\" src=\"https:\/\/berzsenyicell.hu\/wp-content\/uploads\/2025\/02\/dr_gulyasne_tinger_tunde_2025-1020x1536.jpg\" class=\"img-responsive rt-team-img\" alt=\"dr. Guly\u00e1sn\u00e9 Tinger T\u00fcnde\" \/><\/figure><div class=\"tlp-content\"><h3><span class=\"team-name\">dr. Guly\u00e1sn\u00e9 Tinger T\u00fcnde<\/span><\/h3><div class=\"tlp-position\">term\u00e9szettudom\u00e1nyi munkak\u00f6z\u00f6ss\u00e9g-vezet\u0151<\/div><\/div><div class=\"short-bio\"><p>matematika szakos tan\u00e1r<\/p>\n<\/div><\/div><\/div><div class=\"rt-col-md-3 rt-col-sm-6 rt-col-xs-12  even-grid-item rt-grid-item\" data-id=\"789\"><div class=\"single-team-area\"><figure><img loading=\"lazy\" decoding=\"async\" width=\"1024\" height=\"1536\" src=\"https:\/\/berzsenyicell.hu\/wp-content\/uploads\/2023\/08\/dr_lennerne_dr_palko_ildiko_2017-1024x1536.jpg\" class=\"img-responsive rt-team-img\" alt=\"dr. Lennern\u00e9 dr. Patk\u00f3 Ildik\u00f3\" \/><\/figure><div class=\"tlp-content\"><h3><span class=\"team-name\">dr. Lennern\u00e9 dr. Patk\u00f3 Ildik\u00f3<\/span><\/h3><\/div><div class=\"short-bio\"><p>n\u00e9met nyelv- t\u00f6rt\u00e9nelem szakos tan\u00e1r<\/p>\n<\/div><\/div><\/div><div class=\"rt-col-md-3 rt-col-sm-6 rt-col-xs-12  even-grid-item rt-grid-item\" data-id=\"793\"><div class=\"single-team-area\"><figure><img loading=\"lazy\" decoding=\"async\" width=\"1025\" height=\"1536\" src=\"https:\/\/berzsenyicell.hu\/wp-content\/uploads\/2023\/08\/feherne_gyomorey_katalin_2019-1025x1536.jpg\" class=\"img-responsive rt-team-img\" alt=\"Feh\u00e9rn\u00e9 Gy\u00f6m\u00f6rey Katalin\" \/><\/figure><div class=\"tlp-content\"><h3><span class=\"team-name\">Feh\u00e9rn\u00e9 Gy\u00f6m\u00f6rey Katalin<\/span><\/h3><\/div><div class=\"short-bio\"><p>f\u00f6ldrajz- k\u00e9mia- term\u00e9szettudom\u00e1ny szakos tan\u00e1r<\/p>\n<\/div><\/div><\/div><div class=\"rt-col-md-3 rt-col-sm-6 rt-col-xs-12  even-grid-item rt-grid-item\" data-id=\"794\"><div class=\"single-team-area\"><figure><img loading=\"lazy\" decoding=\"async\" width=\"1020\" height=\"1536\" src=\"https:\/\/berzsenyicell.hu\/wp-content\/uploads\/2023\/08\/fodi_georgina_vivien_2023-1020x1536.jpg\" class=\"img-responsive rt-team-img\" alt=\"F\u00f3di Georgina Vivien\" \/><\/figure><div class=\"tlp-content\"><h3><span class=\"team-name\">F\u00f3di Georgina Vivien<\/span><\/h3><\/div><div class=\"short-bio\"><p>n\u00e9met nyelv szakos tan\u00e1r<\/p>\n<\/div><\/div><\/div><div class=\"rt-col-md-3 rt-col-sm-6 rt-col-xs-12  even-grid-item rt-grid-item\" data-id=\"2152\"><div class=\"single-team-area\"><figure><img loading=\"lazy\" decoding=\"async\" width=\"1020\" height=\"1536\" src=\"https:\/\/berzsenyicell.hu\/wp-content\/uploads\/2025\/02\/fulop_andras_2025-1020x1536.jpg\" class=\"img-responsive rt-team-img\" alt=\"F\u00fcl\u00f6p Andr\u00e1s\" \/><\/figure><div class=\"tlp-content\"><h3><span class=\"team-name\">F\u00fcl\u00f6p Andr\u00e1s<\/span><\/h3><div class=\"tlp-position\">f\u0151hadnagy<\/div><\/div><div class=\"short-bio\"><p>honismeret tant\u00e1rgy tan\u00e1ra<\/p>\n<\/div><\/div><\/div><div class=\"rt-col-md-3 rt-col-sm-6 rt-col-xs-12  even-grid-item rt-grid-item\" data-id=\"1970\"><div class=\"single-team-area\"><figure><img loading=\"lazy\" decoding=\"async\" width=\"1024\" height=\"1536\" src=\"https:\/\/berzsenyicell.hu\/wp-content\/uploads\/2024\/10\/koni-1024x1536.jpg\" class=\"img-responsive rt-team-img\" alt=\"Horv\u00e1th Konr\u00e1d\" \/><\/figure><div class=\"tlp-content\"><h3><span class=\"team-name\">Horv\u00e1th Konr\u00e1d<\/span><\/h3><\/div><div class=\"short-bio\"><p>testnevel\u00e9s szakos tan\u00e1r<\/p>\n<\/div><\/div><\/div><div class=\"rt-col-md-3 rt-col-sm-6 rt-col-xs-12  even-grid-item rt-grid-item\" data-id=\"791\"><div class=\"single-team-area\"><figure><img loading=\"lazy\" decoding=\"async\" width=\"1023\" height=\"1536\" src=\"https:\/\/berzsenyicell.hu\/wp-content\/uploads\/2023\/08\/kantor_judit_maria_2018_pp-1023x1536.jpg\" class=\"img-responsive rt-team-img\" alt=\"K\u00e1ntor Judit M\u00e1ria\" \/><\/figure><div class=\"tlp-content\"><h3><span class=\"team-name\">K\u00e1ntor Judit M\u00e1ria<\/span><\/h3><div class=\"tlp-position\">hum\u00e1n-munkak\u00f6z\u00f6ss\u00e9g vezet\u0151je<\/div><\/div><div class=\"short-bio\"><p>t\u00f6rt\u00e9nelem szakos tan\u00e1r<\/p>\n<\/div><\/div><\/div><div class=\"rt-col-md-3 rt-col-sm-6 rt-col-xs-12  even-grid-item rt-grid-item\" data-id=\"797\"><div class=\"single-team-area\"><figure><img loading=\"lazy\" decoding=\"async\" width=\"1031\" height=\"1536\" src=\"https:\/\/berzsenyicell.hu\/wp-content\/uploads\/2023\/08\/kissne_toth_gabriella_2016-1031x1536.jpg\" class=\"img-responsive rt-team-img\" alt=\"Kissn\u00e9 T\u00f3th Gabriella\" \/><\/figure><div class=\"tlp-content\"><h3><span class=\"team-name\">Kissn\u00e9 T\u00f3th Gabriella<\/span><\/h3><\/div><div class=\"short-bio\"><p>testnevel\u00e9s szakos tan\u00e1r<\/p>\n<\/div><\/div><\/div><div class=\"rt-col-md-3 rt-col-sm-6 rt-col-xs-12  even-grid-item rt-grid-item\" data-id=\"798\"><div class=\"single-team-area\"><figure><img loading=\"lazy\" decoding=\"async\" width=\"1024\" height=\"1536\" src=\"https:\/\/berzsenyicell.hu\/wp-content\/uploads\/2023\/08\/Kupi-Miki-1024x1536.jpg\" class=\"img-responsive rt-team-img\" alt=\"Kupi Mikl\u00f3s\" \/><\/figure><div class=\"tlp-content\"><h3><span class=\"team-name\">Kupi Mikl\u00f3s<\/span><\/h3><\/div><div class=\"short-bio\"><p>angol nyelv szakos tan\u00e1r<\/p>\n<\/div><\/div><\/div><div class=\"rt-col-md-3 rt-col-sm-6 rt-col-xs-12  even-grid-item rt-grid-item\" data-id=\"1631\"><div class=\"single-team-area\"><figure><img loading=\"lazy\" decoding=\"async\" width=\"1020\" height=\"1536\" src=\"https:\/\/berzsenyicell.hu\/wp-content\/uploads\/2023\/11\/molnar_istvanne_2024-1020x1536.jpg\" class=\"img-responsive rt-team-img\" alt=\"Moln\u00e1r Istv\u00e1nn\u00e9\" \/><\/figure><div class=\"tlp-content\"><h3><span class=\"team-name\">Moln\u00e1r Istv\u00e1nn\u00e9<\/span><\/h3><div class=\"tlp-position\">\u00f3raad\u00f3<\/div><\/div><div class=\"short-bio\"><p>rajz szakos tan\u00e1r<\/p>\n<\/div><\/div><\/div><div class=\"rt-col-md-3 rt-col-sm-6 rt-col-xs-12  even-grid-item rt-grid-item\" data-id=\"799\"><div class=\"single-team-area\"><figure><img loading=\"lazy\" decoding=\"async\" width=\"1024\" height=\"1536\" src=\"https:\/\/berzsenyicell.hu\/wp-content\/uploads\/2023\/08\/nagy_andras_2017-1024x1536.jpg\" class=\"img-responsive rt-team-img\" alt=\"Nagy Andr\u00e1s\" \/><\/figure><div class=\"tlp-content\"><h3><span class=\"team-name\">Nagy Andr\u00e1s<\/span><\/h3><\/div><div class=\"short-bio\"><p>matematika szakos tan\u00e1r<\/p>\n<\/div><\/div><\/div><div class=\"rt-col-md-3 rt-col-sm-6 rt-col-xs-12  even-grid-item rt-grid-item\" data-id=\"800\"><div class=\"single-team-area\"><figure><img loading=\"lazy\" decoding=\"async\" width=\"1024\" height=\"1536\" src=\"https:\/\/berzsenyicell.hu\/wp-content\/uploads\/2023\/08\/nagy_andrasne_2017-1024x1536.jpg\" class=\"img-responsive rt-team-img\" alt=\"Nagy Andr\u00e1sn\u00e9\" \/><\/figure><div class=\"tlp-content\"><h3><span class=\"team-name\">Nagy Andr\u00e1sn\u00e9<\/span><\/h3><\/div><div class=\"short-bio\"><p>k\u00f6nyvt\u00e1ros tan\u00e1r<\/p>\n<\/div><\/div><\/div><div class=\"rt-col-md-3 rt-col-sm-6 rt-col-xs-12  even-grid-item rt-grid-item\" data-id=\"779\"><div class=\"single-team-area\"><figure><img loading=\"lazy\" decoding=\"async\" width=\"1020\" height=\"1536\" src=\"https:\/\/berzsenyicell.hu\/wp-content\/uploads\/2023\/08\/IMG_0690photo-1020x1536.jpg\" class=\"img-responsive rt-team-img\" alt=\"Nagy P\u00e9tern\u00e9\" \/><\/figure><div class=\"tlp-content\"><h3><span class=\"team-name\">Nagy P\u00e9tern\u00e9<\/span><\/h3><\/div><div class=\"short-bio\"><p>magyar nyelv \u00e9s irodalom szakos tan\u00e1r<\/p>\n<\/div><\/div><\/div><div class=\"rt-col-md-3 rt-col-sm-6 rt-col-xs-12  even-grid-item rt-grid-item\" data-id=\"801\"><div class=\"single-team-area\"><figure><img loading=\"lazy\" decoding=\"async\" width=\"1020\" height=\"1536\" src=\"https:\/\/berzsenyicell.hu\/wp-content\/uploads\/2023\/08\/nemethne_benko_katalin_2023-1020x1536.jpg\" class=\"img-responsive rt-team-img\" alt=\"N\u00e9methn\u00e9 Benk\u0151 Katalin\" \/><\/figure><div class=\"tlp-content\"><h3><span class=\"team-name\">N\u00e9methn\u00e9 Benk\u0151 Katalin<\/span><\/h3><div class=\"tlp-position\">nyelvi munkak\u00f6z\u00f6ss\u00e9g-vezet\u0151<\/div><\/div><div class=\"short-bio\"><p>n\u00e9met nyelv- biol\u00f3gia- term\u00e9szettudom\u00e1ny szakos tan\u00e1r<\/p>\n<\/div><\/div><\/div><div class=\"rt-col-md-3 rt-col-sm-6 rt-col-xs-12  even-grid-item rt-grid-item\" data-id=\"802\"><div class=\"single-team-area\"><figure><img loading=\"lazy\" decoding=\"async\" width=\"1024\" height=\"1536\" src=\"https:\/\/berzsenyicell.hu\/wp-content\/uploads\/2023\/08\/obraz_istvan_2017-1024x1536.jpg\" class=\"img-responsive rt-team-img\" alt=\"Obr\u00e1z Istv\u00e1n Kriszti\u00e1n\" \/><\/figure><div class=\"tlp-content\"><h3><span class=\"team-name\">Obr\u00e1z Istv\u00e1n Kriszti\u00e1n<\/span><\/h3><\/div><div class=\"short-bio\"><p>angol nyelv szakos tan\u00e1r<\/p>\n<\/div><\/div><\/div><div class=\"rt-col-md-3 rt-col-sm-6 rt-col-xs-12  even-grid-item rt-grid-item\" data-id=\"1635\"><div class=\"single-team-area\"><figure><img loading=\"lazy\" decoding=\"async\" width=\"1020\" height=\"1536\" src=\"https:\/\/berzsenyicell.hu\/wp-content\/uploads\/2023\/11\/palne_horvath_katalin_2024-1020x1536.jpg\" class=\"img-responsive rt-team-img\" alt=\"P\u00e1ln\u00e9 Horv\u00e1th Katalin\" \/><\/figure><div class=\"tlp-content\"><h3><span class=\"team-name\">P\u00e1ln\u00e9 Horv\u00e1th Katalin<\/span><\/h3><div class=\"tlp-position\">\u00f3raad\u00f3<\/div><\/div><div class=\"short-bio\"><p>fizika szakos tan\u00e1r<\/p>\n<\/div><\/div><\/div><div class=\"rt-col-md-3 rt-col-sm-6 rt-col-xs-12  even-grid-item rt-grid-item\" data-id=\"1636\"><div class=\"single-team-area\"><figure><img loading=\"lazy\" decoding=\"async\" width=\"1020\" height=\"1536\" src=\"https:\/\/berzsenyicell.hu\/wp-content\/uploads\/2023\/11\/polgar_eva_2024-1020x1536.jpg\" class=\"img-responsive rt-team-img\" alt=\"Polg\u00e1r \u00c9va\" \/><\/figure><div class=\"tlp-content\"><h3><span class=\"team-name\">Polg\u00e1r \u00c9va<\/span><\/h3><div class=\"tlp-position\">\u00f3raad\u00f3<\/div><\/div><div class=\"short-bio\"><p>angol nyelv szakos tan\u00e1r<\/p>\n<\/div><\/div><\/div><div class=\"rt-col-md-3 rt-col-sm-6 rt-col-xs-12  even-grid-item rt-grid-item\" data-id=\"803\"><div class=\"single-team-area\"><figure><img loading=\"lazy\" decoding=\"async\" width=\"1025\" height=\"1536\" src=\"https:\/\/berzsenyicell.hu\/wp-content\/uploads\/2023\/08\/Rada\u0301nyine\u0301-1025x1536.jpg\" class=\"img-responsive rt-team-img\" alt=\"Rad\u00e1nyin\u00e9 Nov\u00e1ki M\u00e1rt\u200ba\" \/><\/figure><div class=\"tlp-content\"><h3><span class=\"team-name\">Rad\u00e1nyin\u00e9 Nov\u00e1ki M\u00e1rt\u200ba<\/span><\/h3><\/div><div class=\"short-bio\"><p>informatika- digit\u00e1lis kult\u00fara szakos tan\u00e1r<\/p>\n<\/div><\/div><\/div><div class=\"rt-col-md-3 rt-col-sm-6 rt-col-xs-12  even-grid-item rt-grid-item\" data-id=\"1630\"><div class=\"single-team-area\"><figure><img loading=\"lazy\" decoding=\"async\" width=\"1024\" height=\"1536\" src=\"https:\/\/berzsenyicell.hu\/wp-content\/uploads\/2024\/10\/dia-1024x1536.jpg\" class=\"img-responsive rt-team-img\" alt=\"Rozm\u00e1nn\u00e9 Csiszl\u00e9r Di\u00e1na\" \/><\/figure><div class=\"tlp-content\"><h3><span class=\"team-name\">Rozm\u00e1nn\u00e9 Csiszl\u00e9r Di\u00e1na<\/span><\/h3><\/div><div class=\"short-bio\"><p>magyar-t\u00f6rt\u00e9nelem szakos tan\u00e1r<\/p>\n<\/div><\/div><\/div><div class=\"rt-col-md-3 rt-col-sm-6 rt-col-xs-12  even-grid-item rt-grid-item\" data-id=\"804\"><div class=\"single-team-area\"><figure><img loading=\"lazy\" decoding=\"async\" width=\"1020\" height=\"1536\" src=\"https:\/\/berzsenyicell.hu\/wp-content\/uploads\/2023\/08\/salamonne_csotar_adrienn_2025-1020x1536.jpg\" class=\"img-responsive rt-team-img\" alt=\"Salamonn\u00e9 Cs\u00f3t\u00e1r Adrienn\" \/><\/figure><div class=\"tlp-content\"><h3><span class=\"team-name\">Salamonn\u00e9 Cs\u00f3t\u00e1r Adrienn<\/span><\/h3><div class=\"tlp-position\">testnevel\u00e9s-munkak\u00f6z\u00f6ss\u00e9g vezet\u0151je<\/div><\/div><div class=\"short-bio\"><p>biol\u00f3gia- testnevel\u00e9s szakos tan\u00e1r<\/p>\n<\/div><\/div><\/div><div class=\"rt-col-md-3 rt-col-sm-6 rt-col-xs-12  even-grid-item rt-grid-item\" data-id=\"780\"><div class=\"single-team-area\"><figure><img loading=\"lazy\" decoding=\"async\" width=\"1025\" height=\"1536\" src=\"https:\/\/berzsenyicell.hu\/wp-content\/uploads\/2023\/08\/sipos_tibor_2021-1025x1536.jpg\" class=\"img-responsive rt-team-img\" alt=\"Sipos Tibor\" \/><\/figure><div class=\"tlp-content\"><h3><span class=\"team-name\">Sipos Tibor<\/span><\/h3><div class=\"tlp-position\">int\u00e9zm\u00e9nyvezet\u0151<\/div><\/div><div class=\"short-bio\"><p>testnevel\u00e9s szakos tan\u00e1r<\/p>\n<\/div><\/div><\/div><div class=\"rt-col-md-3 rt-col-sm-6 rt-col-xs-12  even-grid-item rt-grid-item\" data-id=\"1901\"><div class=\"single-team-area\"><figure><img loading=\"lazy\" decoding=\"async\" width=\"1020\" height=\"1536\" src=\"https:\/\/berzsenyicell.hu\/wp-content\/uploads\/2023\/08\/somogyine_pilter_eva_2025-1020x1536.jpg\" class=\"img-responsive rt-team-img\" alt=\"Somogyin\u00e9 Pilter \u00c9va\" \/><\/figure><div class=\"tlp-content\"><h3><span class=\"team-name\">Somogyin\u00e9 Pilter \u00c9va<\/span><\/h3><\/div><div class=\"short-bio\"><p>\u00f3raad\u00f3<br \/>\nrajz szakos tan\u00e1r<\/p>\n<\/div><\/div><\/div><div class=\"rt-col-md-3 rt-col-sm-6 rt-col-xs-12  even-grid-item rt-grid-item\" data-id=\"805\"><div class=\"single-team-area\"><figure><img loading=\"lazy\" decoding=\"async\" width=\"1024\" height=\"1536\" src=\"https:\/\/berzsenyicell.hu\/wp-content\/uploads\/2023\/08\/szakacsne_bindics_tunde_2022-1024x1536.jpg\" class=\"img-responsive rt-team-img\" alt=\"Szak\u00e1csn\u00e9 Bindics T\u00fcnde\" \/><\/figure><div class=\"tlp-content\"><h3><span class=\"team-name\">Szak\u00e1csn\u00e9 Bindics T\u00fcnde<\/span><\/h3><\/div><div class=\"short-bio\"><p>angol nyelv szakos tan\u00e1r<\/p>\n<\/div><\/div><\/div><div class=\"rt-col-md-3 rt-col-sm-6 rt-col-xs-12  even-grid-item rt-grid-item\" data-id=\"782\"><div class=\"single-team-area\"><figure><img loading=\"lazy\" decoding=\"async\" width=\"1025\" height=\"1536\" src=\"https:\/\/berzsenyicell.hu\/wp-content\/uploads\/2023\/08\/szomju_tamas_2020-1025x1536.jpg\" class=\"img-responsive rt-team-img\" alt=\"Szomju Tam\u00e1s\" \/><\/figure><div class=\"tlp-content\"><h3><span class=\"team-name\">Szomju Tam\u00e1s<\/span><\/h3><\/div><div class=\"short-bio\"><p>n\u00e9met nyelv- k\u00e9mia- term\u00e9szettudom\u00e1ny szakos tan\u00e1r<\/p>\n<\/div><\/div><\/div><div class=\"rt-col-md-3 rt-col-sm-6 rt-col-xs-12  even-grid-item rt-grid-item\" data-id=\"792\"><div class=\"single-team-area\"><figure><img loading=\"lazy\" decoding=\"async\" width=\"1024\" height=\"1536\" src=\"https:\/\/berzsenyicell.hu\/wp-content\/uploads\/2023\/08\/tothne_bali_krisztina_2018_pp-1024x1536.jpg\" class=\"img-responsive rt-team-img\" alt=\"T\u00f3thn\u00e9 Bali Krisztina\" \/><\/figure><div class=\"tlp-content\"><h3><span class=\"team-name\">T\u00f3thn\u00e9 Bali Krisztina<\/span><\/h3><div class=\"tlp-position\">int\u00e9zm\u00e9nyvezet\u0151-helyettes<\/div><\/div><div class=\"short-bio\"><p>magyar nyelv \u00e9s irodalom szakos tan\u00e1r<\/p>\n<\/div><\/div><\/div><div class=\"rt-loading-overlay\"><\/div><div class=\"rt-loading rt-ball-clip-rotate\"><div><\/div><\/div><\/div><\/div><\/div><\/div>\r\n","protected":false},"excerpt":{"rendered":"","protected":false},"author":1,"featured_media":0,"parent":205,"menu_order":20,"comment_status":"closed","ping_status":"closed","template":"","meta":{"_uag_custom_page_level_css":"","site-sidebar-layout":"default","site-content-layout":"default","ast-site-content-layout":"default","site-content-style":"default","site-sidebar-style":"default","ast-global-header-display":"","ast-banner-title-visibility":"","ast-main-header-display":"","ast-hfb-above-header-display":"","ast-hfb-below-header-display":"","ast-hfb-mobile-header-display":"","site-post-title":"","ast-breadcrumbs-content":"","ast-featured-img":"","footer-sml-layout":"","ast-disable-related-posts":"","theme-transparent-header-meta":"default","adv-header-id-meta":"","stick-header-meta":"default","header-above-stick-meta":"","header-main-stick-meta":"","header-below-stick-meta":"","astra-migrate-meta-layouts":"set","ast-page-background-enabled":"default","ast-page-background-meta":{"desktop":{"background-color":"var(--ast-global-color-4)","background-image":"","background-repeat":"repeat","background-position":"center center","background-size":"auto","background-attachment":"scroll","background-type":"","background-media":"","overlay-type":"","overlay-color":"","overlay-opacity":"","overlay-gradient":""},"tablet":{"background-color":"","background-image":"","background-repeat":"repeat","background-position":"center center","background-size":"auto","background-attachment":"scroll","background-type":"","background-media":"","overlay-type":"","overlay-color":"","overlay-opacity":"","overlay-gradient":""},"mobile":{"background-color":"","background-image":"","background-repeat":"repeat","background-position":"center center","background-size":"auto","background-attachment":"scroll","background-type":"","background-media":"","overlay-type":"","overlay-color":"","overlay-opacity":"","overlay-gradient":""}},"ast-content-background-meta":{"desktop":{"background-color":"var(--ast-global-color-5)","background-image":"","background-repeat":"repeat","background-position":"center center","background-size":"auto","background-attachment":"scroll","background-type":"","background-media":"","overlay-type":"","overlay-color":"","overlay-opacity":"","overlay-gradient":""},"tablet":{"background-color":"var(--ast-global-color-5)","background-image":"","background-repeat":"repeat","background-position":"center center","background-size":"auto","background-attachment":"scroll","background-type":"","background-media":"","overlay-type":"","overlay-color":"","overlay-opacity":"","overlay-gradient":""},"mobile":{"background-color":"var(--ast-global-color-5)","background-image":"","background-repeat":"repeat","background-position":"center center","background-size":"auto","background-attachment":"scroll","background-type":"","background-media":"","overlay-type":"","overlay-color":"","overlay-opacity":"","overlay-gradient":""}},"footnotes":""},"class_list":["post-11","page","type-page","status-publish","hentry"],"uagb_featured_image_src":{"full":false,"thumbnail":false,"medium":false,"medium_large":false,"large":false,"1536x1536":false,"2048x2048":false},"uagb_author_info":{"display_name":"admin","author_link":"https:\/\/berzsenyicell.hu\/index.php\/author\/cbg_admin\/"},"uagb_comment_info":0,"uagb_excerpt":null,"_links":{"self":[{"href":"https:\/\/berzsenyicell.hu\/index.php\/wp-json\/wp\/v2\/pages\/11","targetHints":{"allow":["GET"]}}],"collection":[{"href":"https:\/\/berzsenyicell.hu\/index.php\/wp-json\/wp\/v2\/pages"}],"about":[{"href":"https:\/\/berzsenyicell.hu\/index.php\/wp-json\/wp\/v2\/types\/page"}],"author":[{"embeddable":true,"href":"https:\/\/berzsenyicell.hu\/index.php\/wp-json\/wp\/v2\/users\/1"}],"replies":[{"embeddable":true,"href":"https:\/\/berzsenyicell.hu\/index.php\/wp-json\/wp\/v2\/comments?post=11"}],"version-history":[{"count":12,"href":"https:\/\/berzsenyicell.hu\/index.php\/wp-json\/wp\/v2\/pages\/11\/revisions"}],"predecessor-version":[{"id":1850,"href":"https:\/\/berzsenyicell.hu\/index.php\/wp-json\/wp\/v2\/pages\/11\/revisions\/1850"}],"up":[{"embeddable":true,"href":"https:\/\/berzsenyicell.hu\/index.php\/wp-json\/wp\/v2\/pages\/205"}],"wp:attachment":[{"href":"https:\/\/berzsenyicell.hu\/index.php\/wp-json\/wp\/v2\/media?parent=11"}],"curies":[{"name":"wp","href":"https:\/\/api.w.org\/{rel}","templated":true}]}}